{"id":1024,"date":"2025-01-06T17:32:22","date_gmt":"2025-01-06T16:32:22","guid":{"rendered":"https:\/\/vonschutz.com\/?post_type=product&#038;p=1024"},"modified":"2026-04-28T10:23:43","modified_gmt":"2026-04-28T09:23:43","slug":"perkal-bettbezug-weiss-pure","status":"publish","type":"product","link":"https:\/\/vonschuetz.com\/de\/perkal-bettbezug-weiss-pure\/","title":{"rendered":"Perkal Bettbezug Wei\u00df Pure"},"content":{"rendered":"<p>Erleben Sie ultimativen Luxus und zeitlose Eleganz mit unserer Perkal-Deckenbez\u00fcge \"Pure Wei\u00df\". Hergestellt aus hochwertiger, gek\u00e4mmter COTTON USA\u2122 Baumwolle und feingewebtem Perkal, bietet sie ein au\u00dfergew\u00f6hnliches Schlaferlebnis. Die atmungsaktive und strapazierf\u00e4hige Bettw\u00e4sche verf\u00fcgt \u00fcber einen verdeckten Rei\u00dfverschluss f\u00fcr Decke und Kissen und ist mit dem OEKO-TEX\u00ae Standard 100 Zertifikat ausgezeichnet. Made in Germany in unserem Werk in Seelze. G\u00f6nnen Sie sich den ultimativen Luxus und Komfort f\u00fcr Ihr Schlafzimmer mit unserer hochwertigen Perkal-Bettw\u00e4sche \"Pure Wei\u00df.<\/p>\n","protected":false},"excerpt":{"rendered":"<ul>\n<li>Hochwertige Perkal Deckenbez\u00fcge in Pure Wei\u00df<\/li>\n<li>Gek\u00e4mmte Baumwolle Mako COTTON USA\u2122<\/li>\n<li>Griffig und feingewebt mit OEKO-TEX\u00ae Standard 100 Zertifikat<\/li>\n<li>Verdeckter Rei\u00dfverschluss<\/li>\n<li>Hergestellt in Deutschland<\/li>\n<\/ul>\n","protected":false},"featured_media":2599,"template":"","meta":{"_acf_changed":false},"product_brand":[],"product_cat":[489],"product_tag":[],"class_list":{"0":"post-1024","1":"product","2":"type-product","3":"status-publish","4":"has-post-thumbnail","6":"product_cat-bettbezuege","8":"first","9":"onbackorder","10":"taxable","11":"shipping-taxable","12":"purchasable","13":"product-type-variable","14":"has-default-attributes"},"acf":[],"_links":{"self":[{"href":"https:\/\/vonschuetz.com\/de\/wp-json\/wp\/v2\/product\/1024","targetHints":{"allow":["GET"]}}],"collection":[{"href":"https:\/\/vonschuetz.com\/de\/wp-json\/wp\/v2\/product"}],"about":[{"href":"https:\/\/vonschuetz.com\/de\/wp-json\/wp\/v2\/types\/product"}],"wp:featuredmedia":[{"embeddable":true,"href":"https:\/\/vonschuetz.com\/de\/wp-json\/wp\/v2\/media\/2599"}],"wp:attachment":[{"href":"https:\/\/vonschuetz.com\/de\/wp-json\/wp\/v2\/media?parent=1024"}],"wp:term":[{"taxonomy":"product_brand","embeddable":true,"href":"https:\/\/vonschuetz.com\/de\/wp-json\/wp\/v2\/product_brand?post=1024"},{"taxonomy":"product_cat","embeddable":true,"href":"https:\/\/vonschuetz.com\/de\/wp-json\/wp\/v2\/product_cat?post=1024"},{"taxonomy":"product_tag","embeddable":true,"href":"https:\/\/vonschuetz.com\/de\/wp-json\/wp\/v2\/product_tag?post=1024"}],"curies":[{"name":"wp","href":"https:\/\/api.w.org\/{rel}","templated":true}]}}