{"id":1082,"date":"2025-01-07T12:54:16","date_gmt":"2025-01-07T11:54:16","guid":{"rendered":"https:\/\/vonschutz.com\/?post_type=product&#038;p=1082"},"modified":"2026-04-01T16:59:10","modified_gmt":"2026-04-01T15:59:10","slug":"perkal-betttuch-weiss-pure","status":"publish","type":"product","link":"https:\/\/vonschuetz.com\/de\/perkal-betttuch-weiss-pure\/","title":{"rendered":"Perkal Betttuch Wei\u00df Pure"},"content":{"rendered":"<p>Erleben Sie luxuri\u00f6sen Schlafkomfort mit dem Perkal Betttuch Wei\u00df Pure Unico von VON SCH\u00dcTZ. Gefertigt aus hochwertiger Mako Cotton USA\u2122 Baumwolle und zertifiziert durch OEKO-TEX\u00ae Standard 100, bietet dieses feingewebte und griffige Betttuch ohne Gummizug ein luftig leichtes, k\u00fchlendes und atmungsaktives Schlaferlebnis. Stolz hergestellt in Deutschland, vereint dieses Betttuch Qualit\u00e4t, Eleganz und Nachhaltigkeit in Purem Wei\u00df, passend f\u00fcr alle Standardmatratzengr\u00f6\u00dfen.<\/p>\n<div>\n<h3>Bettlaken ohne Gummizug - passend f\u00fcr Matratze<\/h3>\n<table class=\"table table-striped table-sizegudie\">\n<thead>\n<tr>\n<th>Bettlaken-Gr\u00f6\u00dfe<\/th>\n<th>Matratzenbreite<\/th>\n<th>Matratzenl\u00e4nge<\/th>\n<th>Stegh\u00f6he<\/th>\n<\/tr>\n<\/thead>\n<tbody>\n<tr>\n<td>214x294 cm<\/td>\n<td>bis 120 cm<\/td>\n<td>bis 200 cm<\/td>\n<td>bis 27 cm<\/td>\n<\/tr>\n<tr>\n<td>254x294 cm<\/td>\n<td>bis 160 cm<\/td>\n<td>bis 200 cm<\/td>\n<td>bis 27 cm<\/td>\n<\/tr>\n<tr>\n<td>294x314 cm<\/td>\n<td>bis 200 cm<\/td>\n<td>bis 220 cm<\/td>\n<td>bis 27 cm<\/td>\n<\/tr>\n<\/tbody>\n<\/table>\n<\/div>\n","protected":false},"excerpt":{"rendered":"<ul>\n<li>Edles Perkal Bettlaken ohne Gummizug in Pure Wei\u00df<\/li>\n<li>Gek\u00e4mmte Baumwolle Mako COTTON USA\u2122<\/li>\n<li>Griffig und feingewebt mit OEKO-TEX\u00ae Standard 100 Zertifikat<\/li>\n<li>Luftig leicht, k\u00fchlend und atmungsaktiv<\/li>\n<li>Hergestellt in Deutschland<\/li>\n<\/ul>\n","protected":false},"featured_media":2354,"template":"","meta":{"_acf_changed":false},"product_brand":[],"product_cat":[80,74],"product_tag":[],"class_list":{"0":"post-1082","1":"product","2":"type-product","3":"status-publish","4":"has-post-thumbnail","6":"product_cat-bettlaken-ohne-gummizug","7":"product_cat-bettlaken","9":"first","10":"instock","11":"taxable","12":"shipping-taxable","13":"purchasable","14":"product-type-variable","15":"has-default-attributes"},"acf":[],"_links":{"self":[{"href":"https:\/\/vonschuetz.com\/de\/wp-json\/wp\/v2\/product\/1082","targetHints":{"allow":["GET"]}}],"collection":[{"href":"https:\/\/vonschuetz.com\/de\/wp-json\/wp\/v2\/product"}],"about":[{"href":"https:\/\/vonschuetz.com\/de\/wp-json\/wp\/v2\/types\/product"}],"wp:featuredmedia":[{"embeddable":true,"href":"https:\/\/vonschuetz.com\/de\/wp-json\/wp\/v2\/media\/2354"}],"wp:attachment":[{"href":"https:\/\/vonschuetz.com\/de\/wp-json\/wp\/v2\/media?parent=1082"}],"wp:term":[{"taxonomy":"product_brand","embeddable":true,"href":"https:\/\/vonschuetz.com\/de\/wp-json\/wp\/v2\/product_brand?post=1082"},{"taxonomy":"product_cat","embeddable":true,"href":"https:\/\/vonschuetz.com\/de\/wp-json\/wp\/v2\/product_cat?post=1082"},{"taxonomy":"product_tag","embeddable":true,"href":"https:\/\/vonschuetz.com\/de\/wp-json\/wp\/v2\/product_tag?post=1082"}],"curies":[{"name":"wp","href":"https:\/\/api.w.org\/{rel}","templated":true}]}}