{"id":1139,"date":"2025-01-07T17:15:39","date_gmt":"2025-01-07T16:15:39","guid":{"rendered":"https:\/\/vonschutz.com\/?post_type=product&#038;p=1139"},"modified":"2026-03-15T19:33:28","modified_gmt":"2026-03-15T18:33:28","slug":"perkal-kissenbezug-salbeigruen","status":"publish","type":"product","link":"https:\/\/vonschuetz.com\/de\/perkal-kissenbezug-salbeigruen\/","title":{"rendered":"Perkal Kissenbezug Salbeigr\u00fcn"},"content":{"rendered":"<p>Entdecken Sie den luxuri\u00f6sen Komfort mit unserer salbeigr\u00fcnen Perkal-Kissenbez\u00fcge \"Made in Germany\". Gefertigt aus feinster gek\u00e4mmter Cotton USA\u2122 Baumwolle, verspricht diese Bettw\u00e4sche mit OEKO-TEX\u00ae Standard 100 Zertifikat eine un\u00fcbertroffene Weichheit und ein angenehmes Schlafklima. Ihr schlichtes, elegantes Design und die beruhigende Farbgebung verleihen jedem Schlafzimmer eine stilvolle Note. Pflegeleicht und nachhaltig hergestellt, bietet sie Ihnen Nacht f\u00fcr Nacht erholsamen Schlaf in exquisiter Qualit\u00e4t.<\/p>\n","protected":false},"excerpt":{"rendered":"<ul>\n<li>Hochwertige Perkal Kissenbez\u00fcge in Salbeigr\u00fcn<\/li>\n<li>Gek\u00e4mmte Baumwolle Mako COTTON USA\u2122<\/li>\n<li>Griffig und feingewebt mit OEKO-TEX\u00ae Standard 100 Zertifikat<\/li>\n<li>Verdeckter Rei\u00dfverschluss<\/li>\n<li>Hergestellt in Deutschland<\/li>\n<\/ul>\n","protected":false},"featured_media":2587,"comment_status":"open","ping_status":"closed","template":"","meta":{"_acf_changed":false},"product_brand":[],"product_cat":[488],"product_tag":[],"class_list":{"0":"post-1139","1":"product","2":"type-product","3":"status-publish","4":"has-post-thumbnail","6":"product_cat-kissenbezuege","8":"first","9":"instock","10":"taxable","11":"shipping-taxable","12":"purchasable","13":"product-type-variable","14":"has-default-attributes"},"acf":[],"_links":{"self":[{"href":"https:\/\/vonschuetz.com\/de\/wp-json\/wp\/v2\/product\/1139","targetHints":{"allow":["GET"]}}],"collection":[{"href":"https:\/\/vonschuetz.com\/de\/wp-json\/wp\/v2\/product"}],"about":[{"href":"https:\/\/vonschuetz.com\/de\/wp-json\/wp\/v2\/types\/product"}],"replies":[{"embeddable":true,"href":"https:\/\/vonschuetz.com\/de\/wp-json\/wp\/v2\/comments?post=1139"}],"wp:featuredmedia":[{"embeddable":true,"href":"https:\/\/vonschuetz.com\/de\/wp-json\/wp\/v2\/media\/2587"}],"wp:attachment":[{"href":"https:\/\/vonschuetz.com\/de\/wp-json\/wp\/v2\/media?parent=1139"}],"wp:term":[{"taxonomy":"product_brand","embeddable":true,"href":"https:\/\/vonschuetz.com\/de\/wp-json\/wp\/v2\/product_brand?post=1139"},{"taxonomy":"product_cat","embeddable":true,"href":"https:\/\/vonschuetz.com\/de\/wp-json\/wp\/v2\/product_cat?post=1139"},{"taxonomy":"product_tag","embeddable":true,"href":"https:\/\/vonschuetz.com\/de\/wp-json\/wp\/v2\/product_tag?post=1139"}],"curies":[{"name":"wp","href":"https:\/\/api.w.org\/{rel}","templated":true}]}}