{"id":1173,"date":"2025-01-08T10:33:52","date_gmt":"2025-01-08T09:33:52","guid":{"rendered":"https:\/\/vonschutz.com\/?post_type=product&#038;p=1173"},"modified":"2026-03-13T05:58:02","modified_gmt":"2026-03-13T04:58:02","slug":"perkal-spannbettlaken-salbeigruen","status":"publish","type":"product","link":"https:\/\/vonschuetz.com\/de\/perkal-spannbettlaken-salbeigruen\/","title":{"rendered":"Perkal Spannbettlaken Salbeigr\u00fcn"},"content":{"rendered":"<h2>Herausragender Schlafkomfort mit dem Salbeigr\u00fcn Perkal-Spannbettlaken Unico<\/h2>\n<p>Gefertigt aus der besten Mako Cotton USA\u2122 Baumwolle mit einer Fadendichte von 230 TC und zertifiziert nach OEKO-TEX\u00ae Standard 100, bietet dieses Spannbettlaken ein hautsympathisches, k\u00fchles und atmungsaktives Liegegef\u00fchl, das ideal f\u00fcr erholsamen Schlaf ist.<\/p>\n","protected":false},"excerpt":{"rendered":"<ul>\n<li>Nat\u00fcrliches Perkal Spannbettlaken in Salbeigr\u00fcn<\/li>\n<li>Gek\u00e4mmte Baumwolle Mako COTTON USA\u2122<\/li>\n<li>Griffig und feingewebt mit OEKO-TEX\u00ae Standard 100 Zertifikat<\/li>\n<li>Luftig leicht, k\u00fchlend und atmungsaktiv<\/li>\n<li>Hergestellt in Deutschland<\/li>\n<\/ul>\n","protected":false},"featured_media":2405,"comment_status":"open","ping_status":"closed","template":"","meta":{"_acf_changed":false},"product_brand":[],"product_cat":[77,74],"product_tag":[],"class_list":{"0":"post-1173","1":"product","2":"type-product","3":"status-publish","4":"has-post-thumbnail","6":"product_cat-spannbettlaken","7":"product_cat-bettlaken","9":"first","10":"instock","11":"taxable","12":"shipping-taxable","13":"purchasable","14":"product-type-variable","15":"has-default-attributes"},"acf":[],"_links":{"self":[{"href":"https:\/\/vonschuetz.com\/de\/wp-json\/wp\/v2\/product\/1173","targetHints":{"allow":["GET"]}}],"collection":[{"href":"https:\/\/vonschuetz.com\/de\/wp-json\/wp\/v2\/product"}],"about":[{"href":"https:\/\/vonschuetz.com\/de\/wp-json\/wp\/v2\/types\/product"}],"replies":[{"embeddable":true,"href":"https:\/\/vonschuetz.com\/de\/wp-json\/wp\/v2\/comments?post=1173"}],"wp:featuredmedia":[{"embeddable":true,"href":"https:\/\/vonschuetz.com\/de\/wp-json\/wp\/v2\/media\/2405"}],"wp:attachment":[{"href":"https:\/\/vonschuetz.com\/de\/wp-json\/wp\/v2\/media?parent=1173"}],"wp:term":[{"taxonomy":"product_brand","embeddable":true,"href":"https:\/\/vonschuetz.com\/de\/wp-json\/wp\/v2\/product_brand?post=1173"},{"taxonomy":"product_cat","embeddable":true,"href":"https:\/\/vonschuetz.com\/de\/wp-json\/wp\/v2\/product_cat?post=1173"},{"taxonomy":"product_tag","embeddable":true,"href":"https:\/\/vonschuetz.com\/de\/wp-json\/wp\/v2\/product_tag?post=1173"}],"curies":[{"name":"wp","href":"https:\/\/api.w.org\/{rel}","templated":true}]}}