{"id":1186,"date":"2025-01-08T18:00:30","date_gmt":"2025-01-08T17:00:30","guid":{"rendered":"https:\/\/vonschutz.com\/?post_type=product&#038;p=1186"},"modified":"2025-12-12T16:14:04","modified_gmt":"2025-12-12T15:14:04","slug":"perkal-bettwaesche-salbeigruen","status":"publish","type":"product","link":"https:\/\/vonschuetz.com\/de\/perkal-bettwaesche-salbeigruen\/","title":{"rendered":"Perkal Bettw\u00e4sche Salbeigr\u00fcn"},"content":{"rendered":"<p>Entdecken Sie den luxuri\u00f6sen Komfort mit unserer salbeigr\u00fcnen Perkal-Bettw\u00e4sche \"Made in Germany\". Gefertigt aus feinster gek\u00e4mmter Cotton USA\u2122 Baumwolle, verspricht diese Bettw\u00e4sche mit OEKO-TEX\u00ae Standard 100 Zertifikat eine un\u00fcbertroffene Weichheit und ein angenehmes Schlafklima. Ihr schlichtes, elegantes Design und die beruhigende Farbgebung verleihen jedem Schlafzimmer eine stilvolle Note. Pflegeleicht und nachhaltig hergestellt, bietet sie Ihnen Nacht f\u00fcr Nacht erholsamen Schlaf in exquisiter Qualit\u00e4t.<\/p>\n","protected":false},"excerpt":{"rendered":"<ul>\n<li>Hochwertige gek\u00e4mmte Baumwolle: Komfort und Weichheit.<\/li>\n<li>Feingewebter Perkal-Stoff: Atmungsaktiv und temperaturregulierend.<\/li>\n<li>OEKO-TEX\u00ae Standard 100 Zertifikat: Sicher f\u00fcr Mensch und Umwelt.<\/li>\n<li>Verdeckte Rei\u00dfverschl\u00fcsse an Decke und Kissen.<\/li>\n<li>F\u00fcr Sie auf Bestellung in unseren eigenen Ateliers in Deutschland &#038; Polen gen\u00e4ht<\/li>\n<\/ul>\n","protected":false},"featured_media":2587,"template":"","meta":{"_acf_changed":false},"product_brand":[],"product_cat":[65,55],"product_tag":[],"class_list":{"0":"post-1186","1":"product","2":"type-product","3":"status-publish","4":"has-post-thumbnail","6":"product_cat-perkal-bettwaesche","7":"product_cat-bettwaesche","9":"first","10":"instock","11":"taxable","12":"shipping-taxable","13":"purchasable","14":"product-type-woosg"},"acf":[],"_links":{"self":[{"href":"https:\/\/vonschuetz.com\/de\/wp-json\/wp\/v2\/product\/1186","targetHints":{"allow":["GET"]}}],"collection":[{"href":"https:\/\/vonschuetz.com\/de\/wp-json\/wp\/v2\/product"}],"about":[{"href":"https:\/\/vonschuetz.com\/de\/wp-json\/wp\/v2\/types\/product"}],"wp:featuredmedia":[{"embeddable":true,"href":"https:\/\/vonschuetz.com\/de\/wp-json\/wp\/v2\/media\/2587"}],"wp:attachment":[{"href":"https:\/\/vonschuetz.com\/de\/wp-json\/wp\/v2\/media?parent=1186"}],"wp:term":[{"taxonomy":"product_brand","embeddable":true,"href":"https:\/\/vonschuetz.com\/de\/wp-json\/wp\/v2\/product_brand?post=1186"},{"taxonomy":"product_cat","embeddable":true,"href":"https:\/\/vonschuetz.com\/de\/wp-json\/wp\/v2\/product_cat?post=1186"},{"taxonomy":"product_tag","embeddable":true,"href":"https:\/\/vonschuetz.com\/de\/wp-json\/wp\/v2\/product_tag?post=1186"}],"curies":[{"name":"wp","href":"https:\/\/api.w.org\/{rel}","templated":true}]}}