{"id":1204,"date":"2025-01-08T11:09:11","date_gmt":"2025-01-08T10:09:11","guid":{"rendered":"https:\/\/vonschutz.com\/?post_type=product&#038;p=1204"},"modified":"2026-04-17T13:04:18","modified_gmt":"2026-04-17T12:04:18","slug":"perkal-bettbezug-aloe-mintgruen","status":"publish","type":"product","link":"https:\/\/vonschuetz.com\/de\/perkal-bettbezug-aloe-mintgruen\/","title":{"rendered":"Perkal Bettbezug Aloe Mintgr\u00fcn"},"content":{"rendered":"<p>Frischen Sie Ihr Schlafzimmer auf mit unserer Mintgr\u00fcn Aloe Perkal-Deckenbezug \"Unico\", mit Hingabe in Deutschland hergestellt. Diese feine Bettw\u00e4sche, gewebt aus der besten gek\u00e4mmten Cotton USA\u2122 Baumwolle und zertifiziert durch OEKO-TEX\u00ae Standard 100, verspricht \u00fcberragende Weichheit und ein angenehmes Schlafklima. Ihr klares, elegantes Design in erfrischendem Mintgr\u00fcn bringt eine Atmosph\u00e4re der Ruhe und Erholung in Ihr Schlafzimmer. Leicht zu pflegen und umweltfreundlich produziert, garantiert sie Ihnen Nacht f\u00fcr Nacht tiefen, erholsamen Schlaf in feinster Qualit\u00e4t.<\/p>\n","protected":false},"excerpt":{"rendered":"<ul>\n<li>Hochwertige Perkal Deckenbez\u00fcge in Mintgr\u00fcn Aloe<\/li>\n<li>Gek\u00e4mmte Baumwolle Mako COTTON USA\u2122<\/li>\n<li>Griffig und feingewebt mit OEKO-TEX\u00ae Standard 100 Zertifikat<\/li>\n<li>Verdeckter Rei\u00dfverschluss<\/li>\n<li>Hergestellt in Deutschland<\/li>\n<\/ul>\n","protected":false},"featured_media":2575,"comment_status":"open","ping_status":"closed","template":"","meta":{"_acf_changed":false},"product_brand":[],"product_cat":[489],"product_tag":[],"class_list":{"0":"post-1204","1":"product","2":"type-product","3":"status-publish","4":"has-post-thumbnail","6":"product_cat-bettbezuege","8":"first","9":"instock","10":"taxable","11":"shipping-taxable","12":"purchasable","13":"product-type-variable","14":"has-default-attributes"},"acf":[],"_links":{"self":[{"href":"https:\/\/vonschuetz.com\/de\/wp-json\/wp\/v2\/product\/1204","targetHints":{"allow":["GET"]}}],"collection":[{"href":"https:\/\/vonschuetz.com\/de\/wp-json\/wp\/v2\/product"}],"about":[{"href":"https:\/\/vonschuetz.com\/de\/wp-json\/wp\/v2\/types\/product"}],"replies":[{"embeddable":true,"href":"https:\/\/vonschuetz.com\/de\/wp-json\/wp\/v2\/comments?post=1204"}],"wp:featuredmedia":[{"embeddable":true,"href":"https:\/\/vonschuetz.com\/de\/wp-json\/wp\/v2\/media\/2575"}],"wp:attachment":[{"href":"https:\/\/vonschuetz.com\/de\/wp-json\/wp\/v2\/media?parent=1204"}],"wp:term":[{"taxonomy":"product_brand","embeddable":true,"href":"https:\/\/vonschuetz.com\/de\/wp-json\/wp\/v2\/product_brand?post=1204"},{"taxonomy":"product_cat","embeddable":true,"href":"https:\/\/vonschuetz.com\/de\/wp-json\/wp\/v2\/product_cat?post=1204"},{"taxonomy":"product_tag","embeddable":true,"href":"https:\/\/vonschuetz.com\/de\/wp-json\/wp\/v2\/product_tag?post=1204"}],"curies":[{"name":"wp","href":"https:\/\/api.w.org\/{rel}","templated":true}]}}