{"id":1221,"date":"2025-01-08T11:22:28","date_gmt":"2025-01-08T10:22:28","guid":{"rendered":"https:\/\/vonschutz.com\/?post_type=product&#038;p=1221"},"modified":"2026-04-17T13:04:18","modified_gmt":"2026-04-17T12:04:18","slug":"perkal-spannbettlaken-aloe-mintgruen","status":"publish","type":"product","link":"https:\/\/vonschuetz.com\/de\/perkal-spannbettlaken-aloe-mintgruen\/","title":{"rendered":"Perkal Spannbettlaken Aloe Mintgr\u00fcn"},"content":{"rendered":"<p><strong>Herausragender Schlafkomfort mit dem Mintgr\u00fcnes Aloe Perkal-Spannbettlaken Unico<\/strong><\/p>\n<p>Gefertigt aus der besten Mako Cotton USA\u2122 Baumwolle mit einer Fadendichte von 230 TC und zertifiziert nach OEKO-TEX\u00ae Standard 100, bietet dieses Spannbettlaken ein hautsympathisches, k\u00fchles und atmungsaktives Liegegef\u00fchl, das ideal f\u00fcr erholsamen Schlaf ist.<\/p>\n","protected":false},"excerpt":{"rendered":"<ul>\n<li>Hochwertige Mako Cotton USA\u2122 Baumwolle<\/li>\n<li>OEKO-TEX\u00ae Standard 100 zertifiziert<\/li>\n<li>Greenery Frische mit Mintgr\u00fcn Aloe<\/li>\n<li>Passgenau mit umlaufenden Gummib\u00e4ndern<\/li>\n<li>Leicht und atmungsaktiv f\u00fcr besten Schlafkomfort mit 230 TC<\/li>\n<li>In Deutschland gefertigt, garantiert h\u00f6chste Qualit\u00e4t und Langlebigkeit.<\/li>\n<\/ul>\n","protected":false},"featured_media":2375,"template":"","meta":{"_acf_changed":false},"product_brand":[],"product_cat":[77,74],"product_tag":[],"class_list":{"0":"post-1221","1":"product","2":"type-product","3":"status-publish","4":"has-post-thumbnail","6":"product_cat-spannbettlaken","7":"product_cat-bettlaken","9":"first","10":"instock","11":"taxable","12":"shipping-taxable","13":"purchasable","14":"product-type-variable","15":"has-default-attributes"},"acf":[],"_links":{"self":[{"href":"https:\/\/vonschuetz.com\/de\/wp-json\/wp\/v2\/product\/1221","targetHints":{"allow":["GET"]}}],"collection":[{"href":"https:\/\/vonschuetz.com\/de\/wp-json\/wp\/v2\/product"}],"about":[{"href":"https:\/\/vonschuetz.com\/de\/wp-json\/wp\/v2\/types\/product"}],"wp:featuredmedia":[{"embeddable":true,"href":"https:\/\/vonschuetz.com\/de\/wp-json\/wp\/v2\/media\/2375"}],"wp:attachment":[{"href":"https:\/\/vonschuetz.com\/de\/wp-json\/wp\/v2\/media?parent=1221"}],"wp:term":[{"taxonomy":"product_brand","embeddable":true,"href":"https:\/\/vonschuetz.com\/de\/wp-json\/wp\/v2\/product_brand?post=1221"},{"taxonomy":"product_cat","embeddable":true,"href":"https:\/\/vonschuetz.com\/de\/wp-json\/wp\/v2\/product_cat?post=1221"},{"taxonomy":"product_tag","embeddable":true,"href":"https:\/\/vonschuetz.com\/de\/wp-json\/wp\/v2\/product_tag?post=1221"}],"curies":[{"name":"wp","href":"https:\/\/api.w.org\/{rel}","templated":true}]}}