{"id":1234,"date":"2025-01-08T11:43:14","date_gmt":"2025-01-08T10:43:14","guid":{"rendered":"https:\/\/vonschutz.com\/?post_type=product&#038;p=1234"},"modified":"2025-12-12T16:23:19","modified_gmt":"2025-12-12T15:23:19","slug":"perkal-bettwaesche-aloe-mintgruen","status":"publish","type":"product","link":"https:\/\/vonschuetz.com\/de\/perkal-bettwaesche-aloe-mintgruen\/","title":{"rendered":"Perkal Bettw\u00e4sche Aloe Mintgr\u00fcn"},"content":{"rendered":"<p>Frischen Sie Ihr Schlafzimmer auf mit unserer Mintgr\u00fcn Aloe Perkal-Bettw\u00e4sche \"Unico\", mit Hingabe in Deutschland hergestellt. Diese feine Bettw\u00e4sche, gewebt aus der besten gek\u00e4mmten Cotton USA\u2122 Baumwolle und zertifiziert durch OEKO-TEX\u00ae Standard 100, verspricht \u00fcberragende Weichheit und ein angenehmes Schlafklima. Ihr klares, elegantes Design in erfrischendem Mintgr\u00fcn bringt eine Atmosph\u00e4re der Ruhe und Erholung in Ihr Schlafzimmer. Leicht zu pflegen und umweltfreundlich produziert, garantiert sie Ihnen Nacht f\u00fcr Nacht tiefen, erholsamen Schlaf in feinster Qualit\u00e4t.<\/p>\n","protected":false},"excerpt":{"rendered":"<ul>\n<li>Hochwertige Perkal Bettw\u00e4sche in k\u00fchlen Aloe mintgr\u00fcn<\/li>\n<li>Gek\u00e4mmte Baumwolle Mako COTTON USA\u2122<\/li>\n<li>Griffig und feingewebt mit OEKO-TEX\u00ae Standard 100 Zertifikat<\/li>\n<li>Verdeckter Rei\u00dfverschluss Kissen &amp; Decke<\/li>\n<li>F\u00fcr Sie auf Bestellung in unseren eigenen Ateliers in Deutschland &#038; Polen gen\u00e4ht<\/li>\n<\/ul>\n","protected":false},"featured_media":2575,"comment_status":"open","ping_status":"closed","template":"","meta":{"_acf_changed":false},"product_brand":[],"product_cat":[65,55],"product_tag":[],"class_list":{"0":"post-1234","1":"product","2":"type-product","3":"status-publish","4":"has-post-thumbnail","6":"product_cat-perkal-bettwaesche","7":"product_cat-bettwaesche","9":"first","10":"instock","11":"taxable","12":"shipping-taxable","13":"purchasable","14":"product-type-woosg"},"acf":[],"_links":{"self":[{"href":"https:\/\/vonschuetz.com\/de\/wp-json\/wp\/v2\/product\/1234","targetHints":{"allow":["GET"]}}],"collection":[{"href":"https:\/\/vonschuetz.com\/de\/wp-json\/wp\/v2\/product"}],"about":[{"href":"https:\/\/vonschuetz.com\/de\/wp-json\/wp\/v2\/types\/product"}],"replies":[{"embeddable":true,"href":"https:\/\/vonschuetz.com\/de\/wp-json\/wp\/v2\/comments?post=1234"}],"wp:featuredmedia":[{"embeddable":true,"href":"https:\/\/vonschuetz.com\/de\/wp-json\/wp\/v2\/media\/2575"}],"wp:attachment":[{"href":"https:\/\/vonschuetz.com\/de\/wp-json\/wp\/v2\/media?parent=1234"}],"wp:term":[{"taxonomy":"product_brand","embeddable":true,"href":"https:\/\/vonschuetz.com\/de\/wp-json\/wp\/v2\/product_brand?post=1234"},{"taxonomy":"product_cat","embeddable":true,"href":"https:\/\/vonschuetz.com\/de\/wp-json\/wp\/v2\/product_cat?post=1234"},{"taxonomy":"product_tag","embeddable":true,"href":"https:\/\/vonschuetz.com\/de\/wp-json\/wp\/v2\/product_tag?post=1234"}],"curies":[{"name":"wp","href":"https:\/\/api.w.org\/{rel}","templated":true}]}}