{"id":1473,"date":"2025-01-08T14:57:06","date_gmt":"2025-01-08T13:57:06","guid":{"rendered":"https:\/\/vonschutz.com\/?post_type=product&#038;p=1473"},"modified":"2025-02-05T11:09:38","modified_gmt":"2025-02-05T10:09:38","slug":"perkal-betttuch-wald-dunkelgruen","status":"publish","type":"product","link":"https:\/\/vonschuetz.com\/de\/perkal-betttuch-wald-dunkelgruen\/","title":{"rendered":"Perkal Betttuch Wald Dunkelgr\u00fcn"},"content":{"rendered":"<p>Erleben Sie luxuri\u00f6sen Schlafkomfort mit dem Perkal Betttuch Dunkelgr\u00fcn Unico. Hergestellt aus hochwertiger Mako Cotton USA\u2122 Baumwolle und zertifiziert durch den OEKO-TEX\u00ae Standard 100, bietet dieses feingewebte und griffige Betttuch ohne Gummizug ein luftig leichtes, k\u00fchlendes und atmungsaktives Schlaferlebnis. Stolz hergestellt in Deutschland, vereint dieses Betttuch Qualit\u00e4t, Eleganz und Nachhaltigkeit in einem tiefen Dunkelgr\u00fcn, passend f\u00fcr alle Standardmatratzengr\u00f6\u00dfen.<\/p>\n<div>\n<h3>Bettlaken ohne Gummizug - passend f\u00fcr Matratze<\/h3>\n<table class=\"table table-striped table-sizegudie\">\n<thead>\n<tr>\n<th>Bettlaken-Gr\u00f6\u00dfe<\/th>\n<th>Matratzenbreite<\/th>\n<th>Matratzenl\u00e4nge<\/th>\n<th>Stegh\u00f6he<\/th>\n<\/tr>\n<\/thead>\n<tbody>\n<tr>\n<td>214x294 cm<\/td>\n<td>bis 120 cm<\/td>\n<td>bis 200 cm<\/td>\n<td>bis 27 cm<\/td>\n<\/tr>\n<tr>\n<td>254x294 cm<\/td>\n<td>bis 160 cm<\/td>\n<td>bis 200 cm<\/td>\n<td>bis 27 cm<\/td>\n<\/tr>\n<tr>\n<td>294x314 cm<\/td>\n<td>bis 200 cm<\/td>\n<td>bis 220 cm<\/td>\n<td>bis 27 cm<\/td>\n<\/tr>\n<\/tbody>\n<\/table>\n<\/div>\n","protected":false},"excerpt":{"rendered":"<ul>\n<li>Nat\u00fcrliches Perkal Spannbettlaken in Wald dunkelgr\u00fcn<\/li>\n<li>Gek\u00e4mmte Baumwolle Mako COTTON USA\u2122<\/li>\n<li>Griffig und feingewebt mit OEKO-TEX\u00ae Standard 100 Zertifikat<\/li>\n<li>Luftig leicht, k\u00fchlend und atmungsaktiv<\/li>\n<li>Hergestellt in Deutschland<\/li>\n<\/ul>\n","protected":false},"featured_media":2333,"template":"","meta":{"_acf_changed":false},"product_brand":[],"product_cat":[80,74],"product_tag":[],"class_list":{"0":"post-1473","1":"product","2":"type-product","3":"status-publish","4":"has-post-thumbnail","6":"product_cat-bettlaken-ohne-gummizug","7":"product_cat-bettlaken","9":"first","10":"instock","11":"taxable","12":"shipping-taxable","13":"purchasable","14":"product-type-variable","15":"has-default-attributes"},"acf":[],"_links":{"self":[{"href":"https:\/\/vonschuetz.com\/de\/wp-json\/wp\/v2\/product\/1473","targetHints":{"allow":["GET"]}}],"collection":[{"href":"https:\/\/vonschuetz.com\/de\/wp-json\/wp\/v2\/product"}],"about":[{"href":"https:\/\/vonschuetz.com\/de\/wp-json\/wp\/v2\/types\/product"}],"wp:featuredmedia":[{"embeddable":true,"href":"https:\/\/vonschuetz.com\/de\/wp-json\/wp\/v2\/media\/2333"}],"wp:attachment":[{"href":"https:\/\/vonschuetz.com\/de\/wp-json\/wp\/v2\/media?parent=1473"}],"wp:term":[{"taxonomy":"product_brand","embeddable":true,"href":"https:\/\/vonschuetz.com\/de\/wp-json\/wp\/v2\/product_brand?post=1473"},{"taxonomy":"product_cat","embeddable":true,"href":"https:\/\/vonschuetz.com\/de\/wp-json\/wp\/v2\/product_cat?post=1473"},{"taxonomy":"product_tag","embeddable":true,"href":"https:\/\/vonschuetz.com\/de\/wp-json\/wp\/v2\/product_tag?post=1473"}],"curies":[{"name":"wp","href":"https:\/\/api.w.org\/{rel}","templated":true}]}}