{"id":1560,"date":"2025-01-08T15:53:31","date_gmt":"2025-01-08T14:53:31","guid":{"rendered":"https:\/\/vonschutz.com\/?post_type=product&#038;p=1560"},"modified":"2026-04-01T14:14:10","modified_gmt":"2026-04-01T13:14:10","slug":"perkal-spannbettlaken-nacht-dunkelblau","status":"publish","type":"product","link":"https:\/\/vonschuetz.com\/de\/perkal-spannbettlaken-nacht-dunkelblau\/","title":{"rendered":"Perkal Spannbettlaken Nacht Dunkelblau"},"content":{"rendered":"<p><strong>Herausragender Schlafkomfort mit dem Dunkelblauen Nacht Perkal-Spannbettlaken Unico<\/strong><\/p>\n<p>Gefertigt aus der besten Mako Cotton USA\u2122 Baumwolle mit einer Fadendichte von 230 TC und zertifiziert nach OEKO-TEX\u00ae Standard 100, bietet dieses Spannbettlaken ein hautsympathisches, k\u00fchles und atmungsaktives Liegegef\u00fchl, das ideal f\u00fcr erholsamen Schlaf ist.<\/p>\n","protected":false},"excerpt":{"rendered":"<ul>\n<li>Nat\u00fcrliches Perkal Spannbettlaken in Nacht Dunkelblau<\/li>\n<li>Gek\u00e4mmte Baumwolle Mako COTTON USA\u2122<\/li>\n<li>Griffig und feingewebt mit OEKO-TEX\u00ae Standard 100 Zertifikat<\/li>\n<li>Luftig leicht, k\u00fchlend und atmungsaktiv<\/li>\n<li>Hergestellt in Deutschland<\/li>\n<\/ul>\n","protected":false},"featured_media":2399,"comment_status":"open","ping_status":"closed","template":"","meta":{"_acf_changed":false},"product_brand":[],"product_cat":[77,74],"product_tag":[],"class_list":{"0":"post-1560","1":"product","2":"type-product","3":"status-publish","4":"has-post-thumbnail","6":"product_cat-spannbettlaken","7":"product_cat-bettlaken","9":"first","10":"instock","11":"taxable","12":"shipping-taxable","13":"purchasable","14":"product-type-variable","15":"has-default-attributes"},"acf":[],"_links":{"self":[{"href":"https:\/\/vonschuetz.com\/de\/wp-json\/wp\/v2\/product\/1560","targetHints":{"allow":["GET"]}}],"collection":[{"href":"https:\/\/vonschuetz.com\/de\/wp-json\/wp\/v2\/product"}],"about":[{"href":"https:\/\/vonschuetz.com\/de\/wp-json\/wp\/v2\/types\/product"}],"replies":[{"embeddable":true,"href":"https:\/\/vonschuetz.com\/de\/wp-json\/wp\/v2\/comments?post=1560"}],"wp:featuredmedia":[{"embeddable":true,"href":"https:\/\/vonschuetz.com\/de\/wp-json\/wp\/v2\/media\/2399"}],"wp:attachment":[{"href":"https:\/\/vonschuetz.com\/de\/wp-json\/wp\/v2\/media?parent=1560"}],"wp:term":[{"taxonomy":"product_brand","embeddable":true,"href":"https:\/\/vonschuetz.com\/de\/wp-json\/wp\/v2\/product_brand?post=1560"},{"taxonomy":"product_cat","embeddable":true,"href":"https:\/\/vonschuetz.com\/de\/wp-json\/wp\/v2\/product_cat?post=1560"},{"taxonomy":"product_tag","embeddable":true,"href":"https:\/\/vonschuetz.com\/de\/wp-json\/wp\/v2\/product_tag?post=1560"}],"curies":[{"name":"wp","href":"https:\/\/api.w.org\/{rel}","templated":true}]}}