{"id":1669,"date":"2025-01-08T17:08:47","date_gmt":"2025-01-08T16:08:47","guid":{"rendered":"https:\/\/vonschutz.com\/?post_type=product&#038;p=1669"},"modified":"2025-12-12T16:21:00","modified_gmt":"2025-12-12T15:21:00","slug":"perkal-bettwaesche-graphit-dunkelgrau","status":"publish","type":"product","link":"https:\/\/vonschuetz.com\/de\/perkal-bettwaesche-graphit-dunkelgrau\/","title":{"rendered":"Perkal Bettw\u00e4sche Graphit Dunkelgrau"},"content":{"rendered":"<p>Tauchen Sie ein in den unvergleichlichen Komfort unserer dunkelgrauen Graphit Perkal-Bettw\u00e4sche \"Unico\", gefertigt in Deutschland. Aus erlesener Cotton USA\u2122 Baumwolle hergestellt und mit dem OEKO-TEX\u00ae Standard 100 Zertifikat ausgezeichnet, bietet diese Bettw\u00e4sche Weichheit und ein ideales Schlafklima. Ihr minimalistisches, elegantes Design in tiefem Dunkelgrau verleiht jedem Schlafraum eine moderne und anspruchsvolle Ausstrahlung. Dank ihrer pflegeleichten und umweltfreundlichen Produktion genie\u00dfen Sie Nacht f\u00fcr Nacht luxuri\u00f6sen Schlafkomfort in bester Qualit\u00e4t.<\/p>\n","protected":false},"excerpt":{"rendered":"<ul>\n<li>Hochwertige Perkal Bettw\u00e4sche in Graphit dunkelgrau<\/li>\n<li>Gek\u00e4mmte Baumwolle Mako COTTON USA\u2122<\/li>\n<li>Griffig und feingewebt mit OEKO-TEX\u00ae Standard 100 Zertifikat<\/li>\n<li>Verdeckter Rei\u00dfverschluss Kissen &amp; Decke<\/li>\n<li>F\u00fcr Sie auf Bestellung in unseren eigenen Ateliers in Deutschland &#038; Polen gen\u00e4ht<\/li>\n<\/ul>\n","protected":false},"featured_media":2466,"comment_status":"open","ping_status":"closed","template":"","meta":{"_acf_changed":false},"product_brand":[],"product_cat":[65,55],"product_tag":[],"class_list":{"0":"post-1669","1":"product","2":"type-product","3":"status-publish","4":"has-post-thumbnail","6":"product_cat-perkal-bettwaesche","7":"product_cat-bettwaesche","9":"first","10":"instock","11":"taxable","12":"shipping-taxable","13":"purchasable","14":"product-type-woosg"},"acf":[],"_links":{"self":[{"href":"https:\/\/vonschuetz.com\/de\/wp-json\/wp\/v2\/product\/1669","targetHints":{"allow":["GET"]}}],"collection":[{"href":"https:\/\/vonschuetz.com\/de\/wp-json\/wp\/v2\/product"}],"about":[{"href":"https:\/\/vonschuetz.com\/de\/wp-json\/wp\/v2\/types\/product"}],"replies":[{"embeddable":true,"href":"https:\/\/vonschuetz.com\/de\/wp-json\/wp\/v2\/comments?post=1669"}],"wp:featuredmedia":[{"embeddable":true,"href":"https:\/\/vonschuetz.com\/de\/wp-json\/wp\/v2\/media\/2466"}],"wp:attachment":[{"href":"https:\/\/vonschuetz.com\/de\/wp-json\/wp\/v2\/media?parent=1669"}],"wp:term":[{"taxonomy":"product_brand","embeddable":true,"href":"https:\/\/vonschuetz.com\/de\/wp-json\/wp\/v2\/product_brand?post=1669"},{"taxonomy":"product_cat","embeddable":true,"href":"https:\/\/vonschuetz.com\/de\/wp-json\/wp\/v2\/product_cat?post=1669"},{"taxonomy":"product_tag","embeddable":true,"href":"https:\/\/vonschuetz.com\/de\/wp-json\/wp\/v2\/product_tag?post=1669"}],"curies":[{"name":"wp","href":"https:\/\/api.w.org\/{rel}","templated":true}]}}