{"id":1704,"date":"2025-01-08T17:24:33","date_gmt":"2025-01-08T16:24:33","guid":{"rendered":"https:\/\/vonschutz.com\/?post_type=product&#038;p=1704"},"modified":"2026-04-17T18:03:06","modified_gmt":"2026-04-17T17:03:06","slug":"perkal-spannbettlaken-ocker-gelb","status":"publish","type":"product","link":"https:\/\/vonschuetz.com\/de\/perkal-spannbettlaken-ocker-gelb\/","title":{"rendered":"Perkal Spannbettlaken Ocker Gelb"},"content":{"rendered":"<p><strong>Herausragender Schlafkomfort mit dem Gelb Ocker Perkal-Spannbettlaken Unico<\/strong><\/p>\n<p>Gefertigt aus der besten Mako Cotton USA\u2122 Baumwolle mit einer Fadendichte von 230 TC und zertifiziert nach OEKO-TEX\u00ae Standard 100, bietet dieses Spannbettlaken ein hautsympathisches, k\u00fchles und atmungsaktives Liegegef\u00fchl, das ideal f\u00fcr erholsamen Schlaf ist.<\/p>\n","protected":false},"excerpt":{"rendered":"<ul>\n<li>Nat\u00fcrliches Perkal Spannbettlaken in Ocker Senfgelb<\/li>\n<li>Gek\u00e4mmte Baumwolle Mako COTTON USA\u2122<\/li>\n<li>Griffig und feingewebt mit OEKO-TEX\u00ae Standard 100 Zertifikat<\/li>\n<li>Luftig leicht, k\u00fchlend und atmungsaktiv<\/li>\n<li>Hergestellt in Deutschland<\/li>\n<\/ul>\n","protected":false},"featured_media":2387,"template":"","meta":{"_acf_changed":false},"product_brand":[],"product_cat":[77,74],"product_tag":[],"class_list":{"0":"post-1704","1":"product","2":"type-product","3":"status-publish","4":"has-post-thumbnail","6":"product_cat-spannbettlaken","7":"product_cat-bettlaken","9":"first","10":"instock","11":"taxable","12":"shipping-taxable","13":"purchasable","14":"product-type-variable","15":"has-default-attributes"},"acf":[],"_links":{"self":[{"href":"https:\/\/vonschuetz.com\/de\/wp-json\/wp\/v2\/product\/1704","targetHints":{"allow":["GET"]}}],"collection":[{"href":"https:\/\/vonschuetz.com\/de\/wp-json\/wp\/v2\/product"}],"about":[{"href":"https:\/\/vonschuetz.com\/de\/wp-json\/wp\/v2\/types\/product"}],"wp:featuredmedia":[{"embeddable":true,"href":"https:\/\/vonschuetz.com\/de\/wp-json\/wp\/v2\/media\/2387"}],"wp:attachment":[{"href":"https:\/\/vonschuetz.com\/de\/wp-json\/wp\/v2\/media?parent=1704"}],"wp:term":[{"taxonomy":"product_brand","embeddable":true,"href":"https:\/\/vonschuetz.com\/de\/wp-json\/wp\/v2\/product_brand?post=1704"},{"taxonomy":"product_cat","embeddable":true,"href":"https:\/\/vonschuetz.com\/de\/wp-json\/wp\/v2\/product_cat?post=1704"},{"taxonomy":"product_tag","embeddable":true,"href":"https:\/\/vonschuetz.com\/de\/wp-json\/wp\/v2\/product_tag?post=1704"}],"curies":[{"name":"wp","href":"https:\/\/api.w.org\/{rel}","templated":true}]}}