{"id":1741,"date":"2025-01-09T11:03:43","date_gmt":"2025-01-09T10:03:43","guid":{"rendered":"https:\/\/vonschutz.com\/?post_type=product&#038;p=1741"},"modified":"2026-01-26T21:56:00","modified_gmt":"2026-01-26T20:56:00","slug":"satin-bettbezug-marmor-weiss","status":"publish","type":"product","link":"https:\/\/vonschuetz.com\/de\/satin-bettbezug-marmor-weiss\/","title":{"rendered":"Satin Bettbezug Marmor wei\u00df"},"content":{"rendered":"<p>Genie\u00dfen Sie puren Luxus mit der Satin Bettw\u00e4sche Marmor Wei\u00df. Diese Kollektion aus feinster American Pima Baumwolle und mit OEKO-TEX\u00ae Standard 100 Zertifikat vereint Eleganz und Komfort. Die Bettw\u00e4sche, gekennzeichnet durch ihr edles Marmor-Design, verwandelt Ihr Schlafzimmer in eine stilvolle Ruheoase. Mit 320 TC Fadendichte f\u00fcr einen seidigen Glanz und h\u00f6chste Qualit\u00e4t, inklusive verdecktem Rei\u00dfverschluss f\u00fcr eine makellose Optik. Nachhaltig und fair in Deutschland produziert, ist diese Bettw\u00e4sche ein Inbegriff von Stil und Nachhaltigkeit<\/p>\n","protected":false},"excerpt":{"rendered":"<ul>\n<li>Edle Satin-Bettw\u00e4sche in Marmor wei\u00df<\/li>\n<li>Gek\u00e4mmte feine American Pima Baumwolle COTTON USA\u2122<\/li>\n<li>Griffig und feingewebt mit OEKO-TEX\u00ae Standard 100 Zertifikat<\/li>\n<li>Verdeckter Rei\u00dfverschluss<\/li>\n<li>Hergestellt in Deutschland<\/li>\n<\/ul>\n","protected":false},"featured_media":2430,"comment_status":"open","ping_status":"closed","template":"","meta":{"_acf_changed":false},"product_brand":[],"product_cat":[489],"product_tag":[],"class_list":{"0":"post-1741","1":"product","2":"type-product","3":"status-publish","4":"has-post-thumbnail","6":"product_cat-bettbezuege","8":"first","9":"instock","10":"taxable","11":"shipping-taxable","12":"purchasable","13":"product-type-variable","14":"has-default-attributes"},"acf":[],"_links":{"self":[{"href":"https:\/\/vonschuetz.com\/de\/wp-json\/wp\/v2\/product\/1741","targetHints":{"allow":["GET"]}}],"collection":[{"href":"https:\/\/vonschuetz.com\/de\/wp-json\/wp\/v2\/product"}],"about":[{"href":"https:\/\/vonschuetz.com\/de\/wp-json\/wp\/v2\/types\/product"}],"replies":[{"embeddable":true,"href":"https:\/\/vonschuetz.com\/de\/wp-json\/wp\/v2\/comments?post=1741"}],"wp:featuredmedia":[{"embeddable":true,"href":"https:\/\/vonschuetz.com\/de\/wp-json\/wp\/v2\/media\/2430"}],"wp:attachment":[{"href":"https:\/\/vonschuetz.com\/de\/wp-json\/wp\/v2\/media?parent=1741"}],"wp:term":[{"taxonomy":"product_brand","embeddable":true,"href":"https:\/\/vonschuetz.com\/de\/wp-json\/wp\/v2\/product_brand?post=1741"},{"taxonomy":"product_cat","embeddable":true,"href":"https:\/\/vonschuetz.com\/de\/wp-json\/wp\/v2\/product_cat?post=1741"},{"taxonomy":"product_tag","embeddable":true,"href":"https:\/\/vonschuetz.com\/de\/wp-json\/wp\/v2\/product_tag?post=1741"}],"curies":[{"name":"wp","href":"https:\/\/api.w.org\/{rel}","templated":true}]}}