{"id":1921,"date":"2025-01-09T14:00:06","date_gmt":"2025-01-09T13:00:06","guid":{"rendered":"https:\/\/vonschutz.com\/?post_type=product&#038;p=1921"},"modified":"2026-02-25T17:57:30","modified_gmt":"2026-02-25T16:57:30","slug":"micromodal-spannbettlaken-weiss-buna","status":"publish","type":"product","link":"https:\/\/vonschuetz.com\/de\/micromodal-spannbettlaken-weiss-buna\/","title":{"rendered":"MicroModal Spannbettlaken Wei\u00df Buna"},"content":{"rendered":"<p>Entdecken Sie das MicroModal Spannbettlaken wei\u00df MicroModal, eine Symbiose aus Handwerk und Nachhaltigkeit. Gefertigt aus europ\u00e4ischem Buchenholz, bietet diese seidenweiche, OEKO-TEX\u00ae zertifizierte Bettw\u00e4sche luxuri\u00f6sen Schlafkomfort, in Deutschland hergestellt, steht sie f\u00fcr Qualit\u00e4t und Umweltbewusstsein. Die feine Verarbeitung und die sanfte Ber\u00fchrung der Modalfasern versprechen ein unvergleichliches Schlaferlebnis, das Nachhaltigkeit und Komfort in Einklang bringt.<br \/>\nArtikeldetails<\/p>\n","protected":false},"excerpt":{"rendered":"<ul>\n<li>Nachhaltiges Tencel Spannbettlaken in wei\u00df<\/li>\n<li>Feinster MicroModal aus europ\u00e4ischem Buchenholz<\/li>\n<li>Seidenhaft und feingewebt mit OEKO-TEX\u00ae Standard 100 Zertifikat<\/li>\n<li>Luftig leicht, k\u00fchlend und atmungsaktiv<\/li>\n<li>Hergestellt in Deutschland<\/li>\n<\/ul>\n","protected":false},"featured_media":2423,"template":"","meta":{"_acf_changed":false},"product_brand":[],"product_cat":[77,74],"product_tag":[],"class_list":{"0":"post-1921","1":"product","2":"type-product","3":"status-publish","4":"has-post-thumbnail","6":"product_cat-spannbettlaken","7":"product_cat-bettlaken","9":"first","10":"instock","11":"taxable","12":"shipping-taxable","13":"purchasable","14":"product-type-variable","15":"has-default-attributes"},"acf":[],"_links":{"self":[{"href":"https:\/\/vonschuetz.com\/de\/wp-json\/wp\/v2\/product\/1921","targetHints":{"allow":["GET"]}}],"collection":[{"href":"https:\/\/vonschuetz.com\/de\/wp-json\/wp\/v2\/product"}],"about":[{"href":"https:\/\/vonschuetz.com\/de\/wp-json\/wp\/v2\/types\/product"}],"wp:featuredmedia":[{"embeddable":true,"href":"https:\/\/vonschuetz.com\/de\/wp-json\/wp\/v2\/media\/2423"}],"wp:attachment":[{"href":"https:\/\/vonschuetz.com\/de\/wp-json\/wp\/v2\/media?parent=1921"}],"wp:term":[{"taxonomy":"product_brand","embeddable":true,"href":"https:\/\/vonschuetz.com\/de\/wp-json\/wp\/v2\/product_brand?post=1921"},{"taxonomy":"product_cat","embeddable":true,"href":"https:\/\/vonschuetz.com\/de\/wp-json\/wp\/v2\/product_cat?post=1921"},{"taxonomy":"product_tag","embeddable":true,"href":"https:\/\/vonschuetz.com\/de\/wp-json\/wp\/v2\/product_tag?post=1921"}],"curies":[{"name":"wp","href":"https:\/\/api.w.org\/{rel}","templated":true}]}}