{"id":1978,"date":"2025-01-09T15:39:11","date_gmt":"2025-01-09T14:39:11","guid":{"rendered":"https:\/\/vonschutz.com\/?post_type=product&#038;p=1978"},"modified":"2025-11-17T21:55:53","modified_gmt":"2025-11-17T20:55:53","slug":"leinen-betttuch-weiss-pure","status":"publish","type":"product","link":"https:\/\/vonschuetz.com\/de\/leinen-betttuch-weiss-pure\/","title":{"rendered":"Leinen Betttuch wei\u00df Pure"},"content":{"rendered":"<p>&nbsp;<\/p>\n<div>\n<h3>Bettlaken ohne Gummizug - passend f\u00fcr Matratze<\/h3>\n<table class=\"table table-striped table-sizegudie\">\n<thead>\n<tr>\n<th>Bettlaken-Gr\u00f6\u00dfe<\/th>\n<th>Matratzenbreite<\/th>\n<th>Matratzenl\u00e4nge<\/th>\n<th>Stegh\u00f6he<\/th>\n<\/tr>\n<\/thead>\n<tbody>\n<tr>\n<td>214x294 cm<\/td>\n<td>bis 120 cm<\/td>\n<td>bis 200 cm<\/td>\n<td>bis 27 cm<\/td>\n<\/tr>\n<tr>\n<td>254x294 cm<\/td>\n<td>bis 160 cm<\/td>\n<td>bis 200 cm<\/td>\n<td>bis 27 cm<\/td>\n<\/tr>\n<tr>\n<td>294x314 cm<\/td>\n<td>bis 200 cm<\/td>\n<td>bis 220 cm<\/td>\n<td>bis 27 cm<\/td>\n<\/tr>\n<\/tbody>\n<\/table>\n<\/div>\n","protected":false},"excerpt":{"rendered":"<ul>\n<li>100% Reinleinen aus Europa f\u00fcr au\u00dfergew\u00f6hnliche Haltbarkeit und Langlebigkeit<\/li>\n<li>Klassisches Leinen-Bettlaken ohne Gummizug und ideales Oberleintuch<\/li>\n<li>Langlebig: Widerstandsf\u00e4hig und wird mit jeder W\u00e4sche weicher<\/li>\n<li>Elegantes, puristisches Wei\u00df f\u00fcr eine luxuri\u00f6se Note im Schlafzimmer<\/li>\n<li>Hergestellt in Deutschland<\/li>\n<\/ul>\n","protected":false},"featured_media":2360,"comment_status":"open","ping_status":"closed","template":"","meta":{"_acf_changed":false},"product_brand":[],"product_cat":[80,74],"product_tag":[],"class_list":{"0":"post-1978","1":"product","2":"type-product","3":"status-publish","4":"has-post-thumbnail","6":"product_cat-bettlaken-ohne-gummizug","7":"product_cat-bettlaken","9":"first","10":"instock","11":"taxable","12":"shipping-taxable","13":"purchasable","14":"product-type-variable","15":"has-default-attributes"},"acf":[],"_links":{"self":[{"href":"https:\/\/vonschuetz.com\/de\/wp-json\/wp\/v2\/product\/1978","targetHints":{"allow":["GET"]}}],"collection":[{"href":"https:\/\/vonschuetz.com\/de\/wp-json\/wp\/v2\/product"}],"about":[{"href":"https:\/\/vonschuetz.com\/de\/wp-json\/wp\/v2\/types\/product"}],"replies":[{"embeddable":true,"href":"https:\/\/vonschuetz.com\/de\/wp-json\/wp\/v2\/comments?post=1978"}],"wp:featuredmedia":[{"embeddable":true,"href":"https:\/\/vonschuetz.com\/de\/wp-json\/wp\/v2\/media\/2360"}],"wp:attachment":[{"href":"https:\/\/vonschuetz.com\/de\/wp-json\/wp\/v2\/media?parent=1978"}],"wp:term":[{"taxonomy":"product_brand","embeddable":true,"href":"https:\/\/vonschuetz.com\/de\/wp-json\/wp\/v2\/product_brand?post=1978"},{"taxonomy":"product_cat","embeddable":true,"href":"https:\/\/vonschuetz.com\/de\/wp-json\/wp\/v2\/product_cat?post=1978"},{"taxonomy":"product_tag","embeddable":true,"href":"https:\/\/vonschuetz.com\/de\/wp-json\/wp\/v2\/product_tag?post=1978"}],"curies":[{"name":"wp","href":"https:\/\/api.w.org\/{rel}","templated":true}]}}