{"id":2038,"date":"2025-01-09T22:17:57","date_gmt":"2025-01-09T21:17:57","guid":{"rendered":"https:\/\/vonschutz.com\/?post_type=product&#038;p=2038"},"modified":"2026-05-01T14:31:52","modified_gmt":"2026-05-01T13:31:52","slug":"tencel-kissen-dreamy","status":"publish","type":"product","link":"https:\/\/vonschuetz.com\/de\/tencel-kissen-dreamy\/","title":{"rendered":"Tencel Kissen Dreamy"},"content":{"rendered":"<p>Das Tencel Kopfkissen Dreamy bietet mit seinem feinsten Batist-Bezug aus Tencel\u2122 Lyocell und Baumwolle sowie einer allergikerfreundlichen F\u00fcllung aus Tencel\u2122 Lyocell und HCS-Faserb\u00e4llchen exquisiten Schlafkomfort. Es ist bis 60\u00b0C waschbar, hat eine regulierbare F\u00fcllmenge f\u00fcr individuelle St\u00fctzkraft und ist in vielf\u00e4ltigen Gr\u00f6\u00dfen erh\u00e4ltlich, was es zu einer idealen Wahl f\u00fcr jeden Bedarf macht.<\/p>\n","protected":false},"excerpt":{"rendered":"<ul>\n<li>Edel weicher Bezug aus feinstem Batist (Tencel\u2122 Lyocell \/ Baumwoll)<\/li>\n<li>Allergikerfreundliches Kissen mit Tencel\u2122 Lyocell \/ HCS-Faserb\u00e4llchen F\u00fcllung<\/li>\n<li>Pflegeleicht bis 60\u00b0C waschbar<\/li>\n<li>Regulierbare F\u00fcllmenge f\u00fcr optimale St\u00fctzkraft<\/li>\n<li>Vielf\u00e4ltige Gr\u00f6\u00dfen von 40x40 cm bis 90x70 cm f\u00fcr individuellen Komfort<\/li>\n<\/ul>\n","protected":false},"featured_media":2297,"template":"","meta":{"_acf_changed":false},"product_brand":[],"product_cat":[86,521],"product_tag":[],"class_list":{"0":"post-2038","1":"product","2":"type-product","3":"status-publish","4":"has-post-thumbnail","6":"product_cat-kopfkissen","7":"product_cat-kissen","9":"first","10":"onbackorder","11":"taxable","12":"shipping-taxable","13":"purchasable","14":"product-type-variable","15":"has-default-attributes"},"acf":[],"_links":{"self":[{"href":"https:\/\/vonschuetz.com\/de\/wp-json\/wp\/v2\/product\/2038","targetHints":{"allow":["GET"]}}],"collection":[{"href":"https:\/\/vonschuetz.com\/de\/wp-json\/wp\/v2\/product"}],"about":[{"href":"https:\/\/vonschuetz.com\/de\/wp-json\/wp\/v2\/types\/product"}],"wp:featuredmedia":[{"embeddable":true,"href":"https:\/\/vonschuetz.com\/de\/wp-json\/wp\/v2\/media\/2297"}],"wp:attachment":[{"href":"https:\/\/vonschuetz.com\/de\/wp-json\/wp\/v2\/media?parent=2038"}],"wp:term":[{"taxonomy":"product_brand","embeddable":true,"href":"https:\/\/vonschuetz.com\/de\/wp-json\/wp\/v2\/product_brand?post=2038"},{"taxonomy":"product_cat","embeddable":true,"href":"https:\/\/vonschuetz.com\/de\/wp-json\/wp\/v2\/product_cat?post=2038"},{"taxonomy":"product_tag","embeddable":true,"href":"https:\/\/vonschuetz.com\/de\/wp-json\/wp\/v2\/product_tag?post=2038"}],"curies":[{"name":"wp","href":"https:\/\/api.w.org\/{rel}","templated":true}]}}