{"id":133,"date":"2024-12-17T19:00:35","date_gmt":"2024-12-17T18:00:35","guid":{"rendered":"https:\/\/vonschutz.com\/widerrufsbelehrung\/"},"modified":"2025-11-03T22:52:34","modified_gmt":"2025-11-03T21:52:34","slug":"odstapienie","status":"publish","type":"page","link":"https:\/\/vonschuetz.com\/pl\/odstapienie\/","title":{"rendered":"Odst\u0105pienie"},"content":{"rendered":"\n<div class=\"wp-block-columns section--xs is-layout-flex wp-container-core-columns-is-layout-9d6595d7 wp-block-columns-is-layout-flex\">\n<div class=\"wp-block-column smart-spacing is-layout-flow wp-block-column-is-layout-flow\">\n<h2 class=\"wp-block-heading\">Informacja o odst\u0105pieniu od umowy &amp; Formularz odst\u0105pienia<\/h2>\n\n\n\n<h3 class=\"wp-block-heading\">A. Informacja o odst\u0105pieniu od umowy<\/h3>\n\n\n\n<p><strong>Wst\u0119p<\/strong><\/p>\n\n\n\n<p class=\"brxe-text\">Klientom przys\u0142uguje prawo odst\u0105pienia od umowy na zasadach okre\u015blonych poni\u017cej, przy czym klientem jest ka\u017cda osoba fizyczna zawieraj\u0105ca czynno\u015b\u0107 prawn\u0105 w celach, kt\u00f3re w przewa\u017caj\u0105cej mierze nie mog\u0105 by\u0107 przypisane do jej dzia\u0142alno\u015bci gospodarczej ani samodzielnej dzia\u0142alno\u015bci zawodowej: <\/p>\n\n\n\n<p><strong>Prawo odst\u0105pienia od umowy<\/strong><\/p>\n\n\n\n<p>Masz prawo odst\u0105pi\u0107 od niniejszej umowy w ci\u0105gu czternastu dni bez podania przyczyn.<\/p>\n\n\n\n<p>Okres odst\u0105pienia od umowy wynosi czterna\u015bcie dni od dnia, w kt\u00f3rym Ty lub osoba przez Ciebie wyznaczona, nieb\u0119d\u0105ca przewo\u017anikiem, otrzyma\u0142a ostatni\u0105 dostarczon\u0105 rzecz.<\/p>\n\n\n\n<p>Aby skorzysta\u0107 z prawa odst\u0105pienia od umowy, musisz nas poinformowa\u0107 (Piotr Krawczyk Atelier VON SCH\u00dcTZ, ul. S\u0142oneczna 5a, 42-713 Kochanowice, Polska, Email: info@vonschuetz.com) jednoznacznym o\u015bwiadczeniem (np. listem wys\u0142anym poczt\u0105 lub e-mailem) o swojej decyzji o odst\u0105pieniu od niniejszej umowy. Mo\u017cesz do tego celu u\u017cy\u0107 za\u0142\u0105czonego wzoru formularza odst\u0105pienia od umowy, jednak nie jest to obowi\u0105zkowe. <\/p>\n\n\n\n<p>Aby zachowa\u0107 termin odst\u0105pienia, wystarczy, \u017ce wy\u015blesz powiadomienie o korzystaniu z prawa odst\u0105pienia przed up\u0142ywem terminu czternastu dni.<\/p>\n\n\n\n<p><strong>Skutki odst\u0105pienia od umowy<\/strong><\/p>\n\n\n\n<p>Je\u015bli odst\u0105pisz od niniejszej umowy, zwr\u00f3cimy Ci wszystkie p\u0142atno\u015bci, kt\u00f3re od Ciebie otrzymali\u015bmy, w tym koszty dostawy (z wyj\u0105tkiem dodatkowych koszt\u00f3w wynikaj\u0105cych z wyboru przez Ciebie innego sposobu dostawy ni\u017c najta\u0144sza oferowana przez nas standardowa dostawa), niezw\u0142ocznie i najp\u00f3\u017aniej w ci\u0105gu czternastu dni od dnia, w kt\u00f3rym otrzymali\u015bmy Twoje o\u015bwiadczenie o odst\u0105pieniu od umowy. W celu dokonania zwrotu u\u017cyjemy tego samego \u015brodka p\u0142atniczego, kt\u00f3rego u\u017cy\u0142e\u015b przy pierwotnej transakcji, chyba \u017ce wyra\u017anie um\u00f3wili\u015bmy si\u0119 inaczej; w \u017cadnym wypadku nie b\u0119dziesz obci\u0105\u017cony kosztami zwi\u0105zanymi ze zwrotem. Mo\u017cemy wstrzyma\u0107 si\u0119 ze zwrotem, dop\u00f3ki nie otrzymamy rzeczy z powrotem lub dop\u00f3ki nie udowodnimy, \u017ce wys\u0142a\u0142e\u015b rzeczy z powrotem, w zale\u017cno\u015bci od tego, kt\u00f3ry z tych moment\u00f3w nast\u0105pi wcze\u015bniej.  <\/p>\n\n\n\n<p>Musisz niezw\u0142ocznie i w ka\u017cdym przypadku nie p\u00f3\u017aniej ni\u017c w ci\u0105gu czternastu dni od dnia, w kt\u00f3rym nas poinformujesz o odst\u0105pieniu od niniejszej umowy, odes\u0142a\u0107 lub przekaza\u0107 nam rzecz. Termin jest zachowany, je\u015bli odes\u0142aszysz rzeczy przed up\u0142ywem terminu czternastu dni. <\/p>\n\n\n\n<p>Ponosisz bezpo\u015brednie koszty zwrotu rzeczy. Bezpo\u015brednie koszty zwrotu rzeczy w przypadku towar\u00f3w, kt\u00f3re ze wzgl\u0119du na sw\u00f3j charakter nie mog\u0105 by\u0107 zwr\u00f3cone poczt\u0105 (towary przewo\u017cone drog\u0105 kuriersk\u0105), s\u0105 szacowane na maksymalnie oko\u0142o 100 euro za ka\u017cd\u0105 tak\u0105 rzecz. <\/p>\n\n\n\n<p>Musisz pokry\u0107 ewentualn\u0105 utrat\u0119 warto\u015bci rzeczy tylko wtedy, gdy wynika ona z niezb\u0119dnego, do sprawdzenia cech, w\u0142a\u015bciwo\u015bci i funkcjonowania rzeczy, niezb\u0119dnego obchodzenia si\u0119 z nimi.<\/p>\n\n\n\n<p><strong>Wy\u0142\u0105czenia i przedwczesne wyga\u015bni\u0119cie prawa odst\u0105pienia od umowy<\/strong><\/p>\n\n\n\n<p>Prawo odst\u0105pienia od umowy nie przys\u0142uguje w przypadku um\u00f3w o dostaw\u0119 towar\u00f3w, kt\u00f3re nie s\u0105 gotowe do u\u017cytku i w kt\u00f3rych istotna jest indywidualna selekcja lub okre\u015blenie przez klienta, lub kt\u00f3re s\u0105 wyra\u017anie dostosowane do osobistych potrzeb klienta.<\/p>\n\n\n\n<p>Prawo odst\u0105pienia od umowy wygasa wcze\u015bniej w przypadku um\u00f3w o dostaw\u0119 towar\u00f3w zaplombowanych ze wzgl\u0119d\u00f3w ochrony zdrowia lub higieny, je\u015bli plomba zosta\u0142a po usuni\u0119ciu po dostawie.<\/p>\n\n\n\n<p><strong>Transakcje powi\u0105zane\/finansowane<\/strong><\/p>\n\n\n\n<p>Je\u015bli finansujesz t\u0119 umow\u0119 kredytem i p\u00f3\u017aniej j\u0105 odst\u0119pujesz, nie jeste\u015b r\u00f3wnie\u017c zwi\u0105zany umow\u0105 kredytow\u0105, o ile obie umowy tworz\u0105 jedno\u015b\u0107 gospodarcz\u0105. Dotyczy to w szczeg\u00f3lno\u015bci sytuacji, gdy jeste\u015bmy jednocze\u015bnie Twoim kredytodawc\u0105 lub gdy Tw\u00f3j kredytodawca korzysta z naszej wsp\u00f3\u0142pracy w zakresie finansowania. Je\u015bli kredyt dotrze do nas w momencie wej\u015bcia w \u017cycie odst\u0105pienia lub zwrotu towaru, Tw\u00f3j kredytodawca w stosunku do Ciebie przejmuje nasze prawa i obowi\u0105zki wynikaj\u0105ce z finansowanej umowy. Nie dotyczy to um\u00f3w dotycz\u0105cych nabycia instrument\u00f3w finansowych (np. papier\u00f3w warto\u015bciowych, walut czy instrument\u00f3w pochodnych). Je\u015bli chcesz jak najwi\u0119cej unikn\u0105\u0107 zobowi\u0105za\u0144 umownych, skorzystaj z prawa odst\u0105pienia i odst\u0105p r\u00f3wnie\u017c od umowy kredytowej, je\u015bli przys\u0142uguje Ci prawo odst\u0105pienia.    <\/p>\n\n\n\n<p><strong>Uwagi og\u00f3lne<\/strong><\/p>\n\n\n\n<ol class=\"wp-block-list\">\n<li>Prosimy unika\u0107 uszkodze\u0144 i zabrudze\u0144 towaru. Prosimy odes\u0142a\u0107 towar w oryginalnym opakowaniu wraz z ca\u0142\u0105 zawarto\u015bci\u0105 i elementami opakowania. W razie potrzeby u\u017cyj dodatkowego opakowania ochronnego. Je\u015bli nie posiadasz ju\u017c oryginalnego opakowania, zapewnij odpowiedni\u0105 ochron\u0119 przed uszkodzeniami podczas transportu.   <\/li>\n\n\n\n<li>Nie wysy\u0142aj towaru do nas bezp\u0142atnie.<\/li>\n\n\n\n<li>Prosimy pami\u0119ta\u0107, \u017ce punkty 1-2 powy\u017cej nie s\u0105 warunkiem skutecznego skorzystania z prawa odst\u0105pienia od umowy.<\/li>\n<\/ol>\n\n\n\n<h3 class=\"wp-block-heading\">B. Formularz odst\u0105pienia od umowy<\/h3>\n\n\n\n<p>Je\u015bli chcesz odst\u0105pi\u0107 od umowy, wype\u0142nij prosz\u0119 ten formularz i odes\u0142a\u0107 go do nas.<\/p>\n\n\n\n<p>Do:<br\/>Piotr Krawczyk Atelier VON SCH\u00dcTZ<br\/>ul. S\u0142oneczna 5a<br\/>42-713 Kochanowice<br\/>Polska<br\/>E-mail: mail@vonschuetz.com <\/p>\n\n\n\n<p>Niniejszym odst\u0119puj\u0119 (-am) od umowy zawartej przeze mnie\/przez nas<br\/>o zakupie nast\u0119puj\u0105cych towar\u00f3w (-\u00f3w)\/\u015bwiadczeniu nast\u0119puj\u0105cej us\u0142ugi (-i):<\/p>\n\n\n\n<p>Zam\u00f3wiono dnia () ____________ \/ otrzymano dnia () __________________<\/p>\n\n\n\n<p>Imi\u0119 i nazwisko konsumenta (-\u00f3w)<\/p>\n\n\n\n<p>Adres konsumenta (-\u00f3w)<\/p>\n\n\n\n<p>Podpis konsumenta (-\u00f3w) (tylko w przypadku wiadomo\u015bci papierowej)<\/p>\n\n\n\n<p>Data<\/p>\n\n\n\n<p>(*) Nieprawid\u0142owe skre\u015bli\u0107<\/p>\n<\/div>\n<\/div>\n","protected":false},"excerpt":{"rendered":"<p>Informacja o odst\u0105pieniu od umowy &amp; Formularz odst\u0105pienia A. Informacja o odst\u0105pieniu od umowy Wst\u0119p Klientom przys\u0142uguje prawo odst\u0105pienia od umowy na zasadach okre\u015blonych poni\u017cej, przy czym klientem jest ka\u017cda osoba fizyczna zawieraj\u0105ca czynno\u015b\u0107 prawn\u0105 w celach, kt\u00f3re w przewa\u017caj\u0105cej mierze nie mog\u0105 by\u0107 przypisane do jej dzia\u0142alno\u015bci gospodarczej ani samodzielnej dzia\u0142alno\u015bci zawodowej: Prawo odst\u0105pienia [&hellip;]<\/p>\n","protected":false},"author":1,"featured_media":0,"parent":0,"menu_order":0,"comment_status":"closed","ping_status":"closed","template":"","meta":{"_acf_changed":false,"footnotes":""},"class_list":["post-133","page","type-page","status-publish","hentry"],"acf":[],"_links":{"self":[{"href":"https:\/\/vonschuetz.com\/pl\/wp-json\/wp\/v2\/pages\/133","targetHints":{"allow":["GET"]}}],"collection":[{"href":"https:\/\/vonschuetz.com\/pl\/wp-json\/wp\/v2\/pages"}],"about":[{"href":"https:\/\/vonschuetz.com\/pl\/wp-json\/wp\/v2\/types\/page"}],"author":[{"embeddable":true,"href":"https:\/\/vonschuetz.com\/pl\/wp-json\/wp\/v2\/users\/1"}],"replies":[{"embeddable":true,"href":"https:\/\/vonschuetz.com\/pl\/wp-json\/wp\/v2\/comments?post=133"}],"version-history":[{"count":2,"href":"https:\/\/vonschuetz.com\/pl\/wp-json\/wp\/v2\/pages\/133\/revisions"}],"predecessor-version":[{"id":8301,"href":"https:\/\/vonschuetz.com\/pl\/wp-json\/wp\/v2\/pages\/133\/revisions\/8301"}],"wp:attachment":[{"href":"https:\/\/vonschuetz.com\/pl\/wp-json\/wp\/v2\/media?parent=133"}],"curies":[{"name":"wp","href":"https:\/\/api.w.org\/{rel}","templated":true}]}}