{"id":4105,"date":"2025-01-09T19:38:22","date_gmt":"2025-01-09T18:38:22","guid":{"rendered":"https:\/\/vonschutz.com\/wypelnienie-poduszek-dekodream\/"},"modified":"2025-10-14T13:52:15","modified_gmt":"2025-10-14T12:52:15","slug":"wypelnienie-poduszek-dekodream","status":"publish","type":"product","link":"https:\/\/vonschuetz.com\/pl\/wypelnienie-poduszek-dekodream\/","title":{"rendered":"Wype\u0142nienie Poduszek DekoDream"},"content":{"rendered":"<p>Wype\u0142nienie poduszek DekoDream \u0142\u0105czy komfort z trwa\u0142o\u015bci\u0105. Dzi\u0119ki wytrzyma\u0142ym pokrowcom z poliestru oraz ekologicznym, silikonowym kulkom poliestrowym zapewnia elastyczn\u0105 i wspieraj\u0105c\u0105 struktur\u0119. Wype\u0142nienie jest przystosowane do prania, szybko schnie i jest dost\u0119pne w r\u00f3\u017cnych rozmiarach, co czyni je higienicznym i wszechstronnym wyborem dla ka\u017cdej dekoracyjnej poduszki.  <\/p>\n","protected":false},"excerpt":{"rendered":"<ul>\n<li>Mi\u0119kkie i trwa\u0142e wype\u0142nienie do poduszek dekoracyjnych<\/li>\n<li>Wytrzyma\u0142e pokrowce z delikatnej mikrofibry<\/li>\n<li>Ekologiczne kulki z w\u0142\u00f3kna silikonowego<\/li>\n<li>Mo\u017cliwo\u015b\u0107 prania w temperaturze do 95\u00b0C, szybkoschn\u0105ce<\/li>\n<li>Wyprodukowane w Polsce<\/li>\n<\/ul>\n","protected":false},"featured_media":2257,"template":"","meta":{"_acf_changed":false},"product_brand":[],"product_cat":[663,523],"product_tag":[],"class_list":{"0":"post-4105","1":"product","2":"type-product","3":"status-publish","4":"has-post-thumbnail","6":"product_cat-wklady-do-poduszek","7":"product_cat-poduszki","9":"first","10":"onbackorder","11":"taxable","12":"shipping-taxable","13":"purchasable","14":"product-type-variable","15":"has-default-attributes"},"acf":[],"_links":{"self":[{"href":"https:\/\/vonschuetz.com\/pl\/wp-json\/wp\/v2\/product\/4105","targetHints":{"allow":["GET"]}}],"collection":[{"href":"https:\/\/vonschuetz.com\/pl\/wp-json\/wp\/v2\/product"}],"about":[{"href":"https:\/\/vonschuetz.com\/pl\/wp-json\/wp\/v2\/types\/product"}],"wp:featuredmedia":[{"embeddable":true,"href":"https:\/\/vonschuetz.com\/pl\/wp-json\/wp\/v2\/media\/2257"}],"wp:attachment":[{"href":"https:\/\/vonschuetz.com\/pl\/wp-json\/wp\/v2\/media?parent=4105"}],"wp:term":[{"taxonomy":"product_brand","embeddable":true,"href":"https:\/\/vonschuetz.com\/pl\/wp-json\/wp\/v2\/product_brand?post=4105"},{"taxonomy":"product_cat","embeddable":true,"href":"https:\/\/vonschuetz.com\/pl\/wp-json\/wp\/v2\/product_cat?post=4105"},{"taxonomy":"product_tag","embeddable":true,"href":"https:\/\/vonschuetz.com\/pl\/wp-json\/wp\/v2\/product_tag?post=4105"}],"curies":[{"name":"wp","href":"https:\/\/api.w.org\/{rel}","templated":true}]}}