{"id":4117,"date":"2025-01-10T12:42:07","date_gmt":"2025-01-10T11:42:07","guid":{"rendered":"https:\/\/vonschutz.com\/vs-probki-tkanin\/"},"modified":"2025-05-01T08:20:23","modified_gmt":"2025-05-01T07:20:23","slug":"vs-probki-tkanin","status":"publish","type":"product","link":"https:\/\/vonschuetz.com\/pl\/vs-probki-tkanin\/","title":{"rendered":"VS Pr\u00f3bki Tkanin"},"content":{"rendered":"","protected":false},"excerpt":{"rendered":"<ul>\n<li>Pr\u00f3bki tkanin ze wszystkich kolekcji<\/li>\n<li>Pr\u00f3bnik kolor\u00f3w zawieraj\u0105cy wszystkie dost\u0119pne odcienie<\/li>\n<li>Op\u0142ata ochronna zwracana w formie bonu rabatowego<\/li>\n<li>Darmowa wysy\u0142ka<\/li>\n<\/ul>\n","protected":false},"featured_media":6514,"template":"","meta":{"_acf_changed":false},"product_brand":[],"product_cat":[91],"product_tag":[],"class_list":{"0":"post-4117","1":"product","2":"type-product","3":"status-publish","4":"has-post-thumbnail","6":"product_cat-probki-tkanin","7":"product_shipping_class-wysylka-probek","9":"first","10":"instock","11":"sold-individually","12":"taxable","13":"shipping-taxable","14":"purchasable","15":"product-type-simple"},"acf":[],"_links":{"self":[{"href":"https:\/\/vonschuetz.com\/pl\/wp-json\/wp\/v2\/product\/4117","targetHints":{"allow":["GET"]}}],"collection":[{"href":"https:\/\/vonschuetz.com\/pl\/wp-json\/wp\/v2\/product"}],"about":[{"href":"https:\/\/vonschuetz.com\/pl\/wp-json\/wp\/v2\/types\/product"}],"wp:featuredmedia":[{"embeddable":true,"href":"https:\/\/vonschuetz.com\/pl\/wp-json\/wp\/v2\/media\/6514"}],"wp:attachment":[{"href":"https:\/\/vonschuetz.com\/pl\/wp-json\/wp\/v2\/media?parent=4117"}],"wp:term":[{"taxonomy":"product_brand","embeddable":true,"href":"https:\/\/vonschuetz.com\/pl\/wp-json\/wp\/v2\/product_brand?post=4117"},{"taxonomy":"product_cat","embeddable":true,"href":"https:\/\/vonschuetz.com\/pl\/wp-json\/wp\/v2\/product_cat?post=4117"},{"taxonomy":"product_tag","embeddable":true,"href":"https:\/\/vonschuetz.com\/pl\/wp-json\/wp\/v2\/product_tag?post=4117"}],"curies":[{"name":"wp","href":"https:\/\/api.w.org\/{rel}","templated":true}]}}