{"id":4133,"date":"2025-01-09T22:17:57","date_gmt":"2025-01-09T21:17:57","guid":{"rendered":"https:\/\/vonschutz.com\/poduszka-tencel-dreamy\/"},"modified":"2026-03-04T17:11:11","modified_gmt":"2026-03-04T16:11:11","slug":"poduszka-tencel-dreamy","status":"publish","type":"product","link":"https:\/\/vonschuetz.com\/pl\/poduszka-tencel-dreamy\/","title":{"rendered":"Poduszka Tencel Dreamy"},"content":{"rendered":"<p>Poduszka Tencel Dreamy zapewnia wyj\u0105tkowy komfort snu dzi\u0119ki najwy\u017cszej jako\u015bci poszyciu z batystu wykonanego z Tencel\u2122 Lyocell i bawe\u0142ny oraz antyalergicznej wype\u0142nieniu z Tencel\u2122 Lyocell i kuleczek w\u0142\u00f3kna HCS. Jest \u0142atwa w piel\u0119gnacji, ma regulowan\u0105 ilo\u015b\u0107 wype\u0142nienia dla indywidualnego wsparcia i dost\u0119pna jest w r\u00f3\u017cnych rozmiarach \u2013 idealna dla ka\u017cdego. <\/p>\n","protected":false},"excerpt":{"rendered":"<ul>\n<li>Luksusowo mi\u0119kka poszewka z najwy\u017cszej jako\u015bci batystu (Tencel\u2122 Lyocell \/ bawe\u0142na)<\/li>\n<li>Antyalergiczne wype\u0142nienie z Tencel\u2122 Lyocell \/ kuleczek w\u0142\u00f3kna HCS<\/li>\n<li>\u0141atwa w piel\u0119gnacji, pranie do 60\u00b0C<\/li>\n<li>Regulowana ilo\u015b\u0107 wype\u0142nienia dla optymalnego wsparcia<\/li>\n<li>Dost\u0119pna w wielu rozmiarach: od 40\u00d740 cm do 90\u00d770 cm dla indywidualnego komfortu<\/li>\n<\/ul>\n","protected":false},"featured_media":2299,"template":"","meta":{"_acf_changed":false},"product_brand":[],"product_cat":[88,523],"product_tag":[],"class_list":{"0":"post-4133","1":"product","2":"type-product","3":"status-publish","4":"has-post-thumbnail","6":"product_cat-poduszki-pod-glowe","7":"product_cat-poduszki","9":"first","10":"onbackorder","11":"taxable","12":"shipping-taxable","13":"purchasable","14":"product-type-variable","15":"has-default-attributes"},"acf":[],"_links":{"self":[{"href":"https:\/\/vonschuetz.com\/pl\/wp-json\/wp\/v2\/product\/4133","targetHints":{"allow":["GET"]}}],"collection":[{"href":"https:\/\/vonschuetz.com\/pl\/wp-json\/wp\/v2\/product"}],"about":[{"href":"https:\/\/vonschuetz.com\/pl\/wp-json\/wp\/v2\/types\/product"}],"wp:featuredmedia":[{"embeddable":true,"href":"https:\/\/vonschuetz.com\/pl\/wp-json\/wp\/v2\/media\/2299"}],"wp:attachment":[{"href":"https:\/\/vonschuetz.com\/pl\/wp-json\/wp\/v2\/media?parent=4133"}],"wp:term":[{"taxonomy":"product_brand","embeddable":true,"href":"https:\/\/vonschuetz.com\/pl\/wp-json\/wp\/v2\/product_brand?post=4133"},{"taxonomy":"product_cat","embeddable":true,"href":"https:\/\/vonschuetz.com\/pl\/wp-json\/wp\/v2\/product_cat?post=4133"},{"taxonomy":"product_tag","embeddable":true,"href":"https:\/\/vonschuetz.com\/pl\/wp-json\/wp\/v2\/product_tag?post=4133"}],"curies":[{"name":"wp","href":"https:\/\/api.w.org\/{rel}","templated":true}]}}