{"id":4307,"date":"2025-01-09T23:15:12","date_gmt":"2025-01-09T22:15:12","guid":{"rendered":"https:\/\/vonschutz.com\/poduszka-puchowa-royal\/"},"modified":"2026-02-27T00:13:21","modified_gmt":"2026-02-26T23:13:21","slug":"poduszka-puchowa-royal","status":"publish","type":"product","link":"https:\/\/vonschuetz.com\/pl\/poduszka-puchowa-royal\/","title":{"rendered":"Poduszka puchowa Royal"},"content":{"rendered":"<p>Poduszka puchowa Royal 850 cuin z kolekcji Royal, wype\u0142niona czystym puchem z polskich bia\u0142ych g\u0119si, zosta\u0142a stworzona z my\u015bl\u0105 o koneserach i mi\u0142o\u015bnikach ekskluzywnych produkt\u00f3w do spania. \u0141\u0105czy tradycyjne rzemios\u0142o z najnowocze\u015bniejszymi materia\u0142ami. Poszycie z ultra-mi\u0119kkiej bawe\u0142ny mako (prawdziwej bawe\u0142ny egipskiej) delikatnie otula i zapewnia niezwyk\u0142\u0105 mi\u0119kko\u015b\u0107, dzi\u0119ki kt\u00f3rej ka\u017cda noc staje si\u0119 czystym relaksem.  <\/p>\n<p><strong>Nasze poduszki Royal s\u0105 wype\u0142nione w 100% puchem. Tradycyjnie twarde \u2013 dla optymalnego podparcia. <\/strong><\/p>\n<p><strong>OEKO-TEX\u00ae Standard 100<\/strong><br \/>\nTkanina posiada certyfikat OEKO-TEX\u00ae Standard 100, co oznacza, \u017ce zosta\u0142a przebadana pod k\u0105tem substancji szkodliwych i spe\u0142nia mi\u0119dzynarodowe wymagania bezpiecze\u0144stwa dla wyrob\u00f3w tekstylnych. <\/p>\n<p><strong>Certyfikat PZH (NIZP PZH \u2013 Narodowy Instytut Zdrowia Publicznego)<\/strong><br \/>\nProdukt posiada certyfikat PZH potwierdzaj\u0105cy, \u017ce jest bezpieczny dla zdrowia i odpowiedni do codziennego u\u017cytkowania.<\/p>\n<p><strong>Waga wype\u0142nienia poduszek puchowych Royal 850 cuin:<\/strong><\/p>\n<ul>\n<li>40x40 cm - 150 g<\/li>\n<li>50x30 cm - 140 g<\/li>\n<li>50x50 cm - 240 g<\/li>\n<li>60x40 cm - 280 g<\/li>\n<li>60x50 cm - 450 g<\/li>\n<li>60x70 cm - 630 g<\/li>\n<li>65x65 cm - 640 g<\/li>\n<li>75x50 cm - 550 g<\/li>\n<li>80x40 cm - 510 g<\/li>\n<li>80x50 cm - 580 g<\/li>\n<li>80x60 cm - 700 g<\/li>\n<li>80x70 cm - 900 g<\/li>\n<li>80x80 cm - 930 g<\/li>\n<li>90x70 cm - 920 g<\/li>\n<\/ul>\n","protected":false},"excerpt":{"rendered":"<ul>\n<li>Luksusowe materia\u0142y: ultrami\u0119kkie poszycie z mako-bawe\u0142ny i 100% polskiego puchu z bia\u0142ej g\u0119si<\/li>\n<li>Przyjazna dla alergik\u00f3w: puch z ekologicznych hodowli, idealny dla os\u00f3b o wra\u017cliwej sk\u00f3rze<\/li>\n<li>\u0141atwa piel\u0119gnacja: mo\u017cliwo\u015b\u0107 prania w 60\u00b0C dla maksymalnej higieny<\/li>\n<li>R\u0119czna produkcja: starannie wykonana w Polsce, z dba\u0142o\u015bci\u0105 o ka\u017cdy detal<\/li>\n<li>Szeroki wyb\u00f3r rozmiar\u00f3w: od 40\u00d740 cm do 90\u00d770 cm dla najwy\u017cszego komfortu<\/li>\n<\/ul>\n","protected":false},"featured_media":2269,"template":"","meta":{"_acf_changed":false},"product_brand":[],"product_cat":[88,523],"product_tag":[],"class_list":{"0":"post-4307","1":"product","2":"type-product","3":"status-publish","4":"has-post-thumbnail","6":"product_cat-poduszki-pod-glowe","7":"product_cat-poduszki","9":"first","10":"onbackorder","11":"taxable","12":"shipping-taxable","13":"purchasable","14":"product-type-variable","15":"has-default-attributes"},"acf":[],"_links":{"self":[{"href":"https:\/\/vonschuetz.com\/pl\/wp-json\/wp\/v2\/product\/4307","targetHints":{"allow":["GET"]}}],"collection":[{"href":"https:\/\/vonschuetz.com\/pl\/wp-json\/wp\/v2\/product"}],"about":[{"href":"https:\/\/vonschuetz.com\/pl\/wp-json\/wp\/v2\/types\/product"}],"wp:featuredmedia":[{"embeddable":true,"href":"https:\/\/vonschuetz.com\/pl\/wp-json\/wp\/v2\/media\/2269"}],"wp:attachment":[{"href":"https:\/\/vonschuetz.com\/pl\/wp-json\/wp\/v2\/media?parent=4307"}],"wp:term":[{"taxonomy":"product_brand","embeddable":true,"href":"https:\/\/vonschuetz.com\/pl\/wp-json\/wp\/v2\/product_brand?post=4307"},{"taxonomy":"product_cat","embeddable":true,"href":"https:\/\/vonschuetz.com\/pl\/wp-json\/wp\/v2\/product_cat?post=4307"},{"taxonomy":"product_tag","embeddable":true,"href":"https:\/\/vonschuetz.com\/pl\/wp-json\/wp\/v2\/product_tag?post=4307"}],"curies":[{"name":"wp","href":"https:\/\/api.w.org\/{rel}","templated":true}]}}