{"id":4338,"date":"2025-01-10T11:54:21","date_gmt":"2025-01-10T10:54:21","guid":{"rendered":"https:\/\/vonschutz.com\/zimowa-koldra-puchowa-royal\/"},"modified":"2026-03-04T17:57:25","modified_gmt":"2026-03-04T16:57:25","slug":"zimowa-koldra-puchowa-royal","status":"publish","type":"product","link":"https:\/\/vonschuetz.com\/pl\/zimowa-koldra-puchowa-royal\/","title":{"rendered":"Zimowa ko\u0142dra puchowa Royal"},"content":{"rendered":"<p><strong>Ekskluzywne ciep\u0142o: Zimowa ko\u0142dra puchowa Royal<\/strong><\/p>\n<p>Zimowa ko\u0142dra puchowa Royal to luksusowe \u017ar\u00f3d\u0142o ciep\u0142a na mro\u017ane zimowe noce. \u0141\u0105czy w sobie najwy\u017cszej jako\u015bci materia\u0142y i wyj\u0105tkowy komfort snu. Jej ultradelikatny batyst z 100% mako-bawe\u0142ny, uprawianej w gor\u0105cym i suchym klimacie Egiptu, otula cia\u0142o niezwyk\u0142\u0105 mi\u0119kko\u015bci\u0105, zapewniaj\u0105c jednocze\u015bnie trwa\u0142o\u015b\u0107 i odporno\u015b\u0107 na zu\u017cycie. <\/p>\n<p><strong>Nasze zimowe ko\u0142dry Royal s\u0105 wype\u0142nione w 100% puchem.<\/strong><\/p>\n<p><strong>OEKO-TEX\u00ae Standard 100<\/strong><br \/>\nTkanina posiada certyfikat OEKO-TEX\u00ae Standard 100, co oznacza, \u017ce zosta\u0142a przebadana pod k\u0105tem substancji szkodliwych i spe\u0142nia mi\u0119dzynarodowe wymagania bezpiecze\u0144stwa dla wyrob\u00f3w tekstylnych. <\/p>\n<p><strong>Certyfikat PZH (NIZP PZH \u2013 Narodowy Instytut Zdrowia Publicznego)<\/strong><br \/>\nProdukt posiada certyfikat PZH potwierdzaj\u0105cy, \u017ce jest bezpieczny dla zdrowia i odpowiedni do codziennego u\u017cytkowania.<\/p>\n<p><strong>Waga wype\u0142nienia zimowych ko\u0142der puchowych Royal 850 cuin:<\/strong><\/p>\n<ul>\n<li>135x200 cm - 630 g<\/li>\n<li>140x200 cm - 660 g<\/li>\n<li>140x220 cm - 730 g<\/li>\n<li>150x200 cm - 700 g<\/li>\n<li>150x210 cm - 740 g<\/li>\n<li>155x200 cm - 730 g<\/li>\n<li>155x220 cm - 810 g<\/li>\n<li>160x200 cm - 760 g<\/li>\n<li>160x210 cm - 780 g<\/li>\n<li>180x200 cm - 840 g<\/li>\n<li>200x200 cm - 920 g<\/li>\n<li>220x200 cm - 1040 g<\/li>\n<li>240x220 cm - 1250 g<\/li>\n<li>260x220 cm - 1350 g<\/li>\n<li>260x240 cm - 1480 g<\/li>\n<li>280x240 cm - 1590 g<\/li>\n<\/ul>\n","protected":false},"excerpt":{"rendered":"<ul>\n<li>Luksusowe materia\u0142y: ultrami\u0119kka mako-bawe\u0142na i 100% polski puch z bia\u0142ej g\u0119si<\/li>\n<li>Przyjazna dla alergik\u00f3w: puch z ekologicznych hodowli, idealny dla os\u00f3b o wra\u017cliwej sk\u00f3rze<\/li>\n<li>\u0141atwa piel\u0119gnacja: mo\u017cliwo\u015b\u0107 prania w 60\u00b0C dla maksymalnej higieny<\/li>\n<li>Otulaj\u0105ce ciep\u0142o: idealna ko\u0142dra na zimowe noce<\/li>\n<li>Dost\u0119pne rozmiary: od 135\u00d7200 cm do 280\u00d7240 cm dla najwy\u017cszego komfortu<\/li>\n<\/ul>\n","protected":false},"featured_media":2275,"template":"","meta":{"_acf_changed":false},"product_brand":[],"product_cat":[665,85],"product_tag":[],"class_list":{"0":"post-4338","1":"product","2":"type-product","3":"status-publish","4":"has-post-thumbnail","6":"product_cat-koldry-zimowe","7":"product_cat-koldry","9":"first","10":"onbackorder","11":"taxable","12":"shipping-taxable","13":"purchasable","14":"product-type-variable","15":"has-default-attributes"},"acf":[],"_links":{"self":[{"href":"https:\/\/vonschuetz.com\/pl\/wp-json\/wp\/v2\/product\/4338","targetHints":{"allow":["GET"]}}],"collection":[{"href":"https:\/\/vonschuetz.com\/pl\/wp-json\/wp\/v2\/product"}],"about":[{"href":"https:\/\/vonschuetz.com\/pl\/wp-json\/wp\/v2\/types\/product"}],"wp:featuredmedia":[{"embeddable":true,"href":"https:\/\/vonschuetz.com\/pl\/wp-json\/wp\/v2\/media\/2275"}],"wp:attachment":[{"href":"https:\/\/vonschuetz.com\/pl\/wp-json\/wp\/v2\/media?parent=4338"}],"wp:term":[{"taxonomy":"product_brand","embeddable":true,"href":"https:\/\/vonschuetz.com\/pl\/wp-json\/wp\/v2\/product_brand?post=4338"},{"taxonomy":"product_cat","embeddable":true,"href":"https:\/\/vonschuetz.com\/pl\/wp-json\/wp\/v2\/product_cat?post=4338"},{"taxonomy":"product_tag","embeddable":true,"href":"https:\/\/vonschuetz.com\/pl\/wp-json\/wp\/v2\/product_tag?post=4338"}],"curies":[{"name":"wp","href":"https:\/\/api.w.org\/{rel}","templated":true}]}}