{"id":4383,"date":"2025-01-09T17:24:31","date_gmt":"2025-01-09T16:24:31","guid":{"rendered":"https:\/\/vonschutz.com\/zestaw-lniany-bieznik-i-serwetki-bialy\/"},"modified":"2025-01-09T17:24:31","modified_gmt":"2025-01-09T16:24:31","slug":"zestaw-lniany-bieznik-i-serwetki-bialy","status":"publish","type":"product","link":"https:\/\/vonschuetz.com\/pl\/zestaw-lniany-bieznik-i-serwetki-bialy\/","title":{"rendered":"Zestaw lniany bie\u017cnik i serwetki \u2013 bia\u0142y"},"content":{"rendered":"","protected":false},"excerpt":{"rendered":"<ul>\n<li>1x bie\u017cnik 50\u00d7150 cm &amp; 4 serwetki materia\u0142owe 40\u00d740 cm<\/li>\n<li>Zestaw bie\u017cnika i serwetek w kolorze bia\u0142ym<\/li>\n<li>100% czysty len z Europy<\/li>\n<li>Certyfikat OEKO-TEX\u00ae Standard 100<\/li>\n<li>Wyprodukowano w Niemczech<\/li>\n<\/ul>\n","protected":false},"featured_media":2238,"template":"","meta":{"_acf_changed":false},"product_brand":[],"product_cat":[519],"product_tag":[],"class_list":{"0":"post-4383","1":"product","2":"type-product","3":"status-publish","4":"has-post-thumbnail","6":"product_cat-tekstylia-stolowa","8":"first","9":"instock","10":"taxable","11":"shipping-taxable","12":"purchasable","13":"product-type-simple"},"acf":[],"_links":{"self":[{"href":"https:\/\/vonschuetz.com\/pl\/wp-json\/wp\/v2\/product\/4383","targetHints":{"allow":["GET"]}}],"collection":[{"href":"https:\/\/vonschuetz.com\/pl\/wp-json\/wp\/v2\/product"}],"about":[{"href":"https:\/\/vonschuetz.com\/pl\/wp-json\/wp\/v2\/types\/product"}],"wp:featuredmedia":[{"embeddable":true,"href":"https:\/\/vonschuetz.com\/pl\/wp-json\/wp\/v2\/media\/2238"}],"wp:attachment":[{"href":"https:\/\/vonschuetz.com\/pl\/wp-json\/wp\/v2\/media?parent=4383"}],"wp:term":[{"taxonomy":"product_brand","embeddable":true,"href":"https:\/\/vonschuetz.com\/pl\/wp-json\/wp\/v2\/product_brand?post=4383"},{"taxonomy":"product_cat","embeddable":true,"href":"https:\/\/vonschuetz.com\/pl\/wp-json\/wp\/v2\/product_cat?post=4383"},{"taxonomy":"product_tag","embeddable":true,"href":"https:\/\/vonschuetz.com\/pl\/wp-json\/wp\/v2\/product_tag?post=4383"}],"curies":[{"name":"wp","href":"https:\/\/api.w.org\/{rel}","templated":true}]}}