{"id":4384,"date":"2025-01-09T17:22:31","date_gmt":"2025-01-09T16:22:31","guid":{"rendered":"https:\/\/vonschutz.com\/zestaw-bieznik-i-serwetki-musztardowy-zolty\/"},"modified":"2025-07-22T09:01:03","modified_gmt":"2025-07-22T08:01:03","slug":"zestaw-bieznik-i-serwetki-musztardowy-zolty","status":"publish","type":"product","link":"https:\/\/vonschuetz.com\/pl\/zestaw-bieznik-i-serwetki-musztardowy-zolty\/","title":{"rendered":"Zestaw bie\u017cnik i serwetki \u2013 musztardowy \u017c\u00f3\u0142ty"},"content":{"rendered":"","protected":false},"excerpt":{"rendered":"<ul>\n<li>1x bie\u017cnik 50\u00d7150 cm &amp; 4 serwetki materia\u0142owe 40\u00d740 cm<\/li>\n<li>Zestaw bie\u017cnika i serwetek w kolorze ochry\/musztardowej \u017c\u00f3\u0142ci<\/li>\n<li>Czesana bawe\u0142na Mako COTTON USA\u2122<\/li>\n<li>Certyfikat OEKO-TEX\u00ae Standard 100<\/li>\n<li>Wyprodukowano w Niemczech<\/li>\n<\/ul>\n","protected":false},"featured_media":2229,"template":"","meta":{"_acf_changed":false},"product_brand":[],"product_cat":[519],"product_tag":[],"class_list":{"0":"post-4384","1":"product","2":"type-product","3":"status-publish","4":"has-post-thumbnail","6":"product_cat-tekstylia-stolowa","8":"first","9":"onbackorder","10":"taxable","11":"shipping-taxable","12":"purchasable","13":"product-type-simple"},"acf":[],"_links":{"self":[{"href":"https:\/\/vonschuetz.com\/pl\/wp-json\/wp\/v2\/product\/4384","targetHints":{"allow":["GET"]}}],"collection":[{"href":"https:\/\/vonschuetz.com\/pl\/wp-json\/wp\/v2\/product"}],"about":[{"href":"https:\/\/vonschuetz.com\/pl\/wp-json\/wp\/v2\/types\/product"}],"wp:featuredmedia":[{"embeddable":true,"href":"https:\/\/vonschuetz.com\/pl\/wp-json\/wp\/v2\/media\/2229"}],"wp:attachment":[{"href":"https:\/\/vonschuetz.com\/pl\/wp-json\/wp\/v2\/media?parent=4384"}],"wp:term":[{"taxonomy":"product_brand","embeddable":true,"href":"https:\/\/vonschuetz.com\/pl\/wp-json\/wp\/v2\/product_brand?post=4384"},{"taxonomy":"product_cat","embeddable":true,"href":"https:\/\/vonschuetz.com\/pl\/wp-json\/wp\/v2\/product_cat?post=4384"},{"taxonomy":"product_tag","embeddable":true,"href":"https:\/\/vonschuetz.com\/pl\/wp-json\/wp\/v2\/product_tag?post=4384"}],"curies":[{"name":"wp","href":"https:\/\/api.w.org\/{rel}","templated":true}]}}