{"id":4390,"date":"2025-01-09T17:12:20","date_gmt":"2025-01-09T16:12:20","guid":{"rendered":"https:\/\/vonschutz.com\/zestaw-bieznik-i-serwetki-noc-ciemnoniebieski\/"},"modified":"2025-02-05T14:47:08","modified_gmt":"2025-02-05T13:47:08","slug":"zestaw-bieznik-i-serwetki-noc-ciemnoniebieski","status":"publish","type":"product","link":"https:\/\/vonschuetz.com\/pl\/zestaw-bieznik-i-serwetki-noc-ciemnoniebieski\/","title":{"rendered":"Zestaw bie\u017cnik i serwetki \u2013 ciemnoniebieski"},"content":{"rendered":"","protected":false},"excerpt":{"rendered":"<ul>\n<li>1x bie\u017cnik 50\u00d7150 cm &amp; 4 serwetki materia\u0142owe 40\u00d740 cm<\/li>\n<li>Zestaw bie\u017cnika i serwetek w kolorze Noc ciemnoniebieskim<\/li>\n<li>Czesana bawe\u0142na Mako COTTON USA\u2122<\/li>\n<li>Certyfikat OEKO-TEX\u00ae Standard 100<\/li>\n<li>Wyprodukowano w Niemczech<\/li>\n<\/ul>\n","protected":false},"featured_media":2244,"template":"","meta":{"_acf_changed":false},"product_brand":[],"product_cat":[519],"product_tag":[],"class_list":{"0":"post-4390","1":"product","2":"type-product","3":"status-publish","4":"has-post-thumbnail","6":"product_cat-tekstylia-stolowa","8":"first","9":"instock","10":"taxable","11":"shipping-taxable","12":"purchasable","13":"product-type-simple"},"acf":[],"_links":{"self":[{"href":"https:\/\/vonschuetz.com\/pl\/wp-json\/wp\/v2\/product\/4390","targetHints":{"allow":["GET"]}}],"collection":[{"href":"https:\/\/vonschuetz.com\/pl\/wp-json\/wp\/v2\/product"}],"about":[{"href":"https:\/\/vonschuetz.com\/pl\/wp-json\/wp\/v2\/types\/product"}],"wp:featuredmedia":[{"embeddable":true,"href":"https:\/\/vonschuetz.com\/pl\/wp-json\/wp\/v2\/media\/2244"}],"wp:attachment":[{"href":"https:\/\/vonschuetz.com\/pl\/wp-json\/wp\/v2\/media?parent=4390"}],"wp:term":[{"taxonomy":"product_brand","embeddable":true,"href":"https:\/\/vonschuetz.com\/pl\/wp-json\/wp\/v2\/product_brand?post=4390"},{"taxonomy":"product_cat","embeddable":true,"href":"https:\/\/vonschuetz.com\/pl\/wp-json\/wp\/v2\/product_cat?post=4390"},{"taxonomy":"product_tag","embeddable":true,"href":"https:\/\/vonschuetz.com\/pl\/wp-json\/wp\/v2\/product_tag?post=4390"}],"curies":[{"name":"wp","href":"https:\/\/api.w.org\/{rel}","templated":true}]}}