{"id":4393,"date":"2025-01-09T17:06:41","date_gmt":"2025-01-09T16:06:41","guid":{"rendered":"https:\/\/vonschutz.com\/zestaw-bieznik-i-serwetki-szalwia-zielony\/"},"modified":"2025-01-09T17:06:41","modified_gmt":"2025-01-09T16:06:41","slug":"zestaw-bieznik-i-serwetki-szalwia-zielony","status":"publish","type":"product","link":"https:\/\/vonschuetz.com\/pl\/zestaw-bieznik-i-serwetki-szalwia-zielony\/","title":{"rendered":"Zestaw bie\u017cnik i serwetki \u2013 sza\u0142wia zielony"},"content":{"rendered":"","protected":false},"excerpt":{"rendered":"<ul>\n<li>1x bie\u017cnik 50\u00d7150 cm &amp; 4 serwetki materia\u0142owe 40\u00d740 cm<\/li>\n<li>Zestaw bie\u017cnika i serwetek w kolorze sza\u0142wiowozielonym<\/li>\n<li>Czesana bawe\u0142na Mako COTTON USA\u2122<\/li>\n<li>Certyfikat OEKO-TEX\u00ae Standard 100<\/li>\n<li>Wyprodukowano w Niemczech<\/li>\n<\/ul>\n","protected":false},"featured_media":2250,"template":"","meta":{"_acf_changed":false},"product_brand":[],"product_cat":[519],"product_tag":[],"class_list":{"0":"post-4393","1":"product","2":"type-product","3":"status-publish","4":"has-post-thumbnail","6":"product_cat-tekstylia-stolowa","8":"first","9":"instock","10":"taxable","11":"shipping-taxable","12":"purchasable","13":"product-type-simple"},"acf":[],"_links":{"self":[{"href":"https:\/\/vonschuetz.com\/pl\/wp-json\/wp\/v2\/product\/4393","targetHints":{"allow":["GET"]}}],"collection":[{"href":"https:\/\/vonschuetz.com\/pl\/wp-json\/wp\/v2\/product"}],"about":[{"href":"https:\/\/vonschuetz.com\/pl\/wp-json\/wp\/v2\/types\/product"}],"wp:featuredmedia":[{"embeddable":true,"href":"https:\/\/vonschuetz.com\/pl\/wp-json\/wp\/v2\/media\/2250"}],"wp:attachment":[{"href":"https:\/\/vonschuetz.com\/pl\/wp-json\/wp\/v2\/media?parent=4393"}],"wp:term":[{"taxonomy":"product_brand","embeddable":true,"href":"https:\/\/vonschuetz.com\/pl\/wp-json\/wp\/v2\/product_brand?post=4393"},{"taxonomy":"product_cat","embeddable":true,"href":"https:\/\/vonschuetz.com\/pl\/wp-json\/wp\/v2\/product_cat?post=4393"},{"taxonomy":"product_tag","embeddable":true,"href":"https:\/\/vonschuetz.com\/pl\/wp-json\/wp\/v2\/product_tag?post=4393"}],"curies":[{"name":"wp","href":"https:\/\/api.w.org\/{rel}","templated":true}]}}