{"id":4445,"date":"2025-01-09T13:33:50","date_gmt":"2025-01-09T12:33:50","guid":{"rendered":"https:\/\/vonschutz.com\/poszewka-na-poduszke-micromodal-biala-buna\/"},"modified":"2025-09-15T15:54:15","modified_gmt":"2025-09-15T14:54:15","slug":"poszewka-na-poduszke-micromodal-biala-buna","status":"publish","type":"product","link":"https:\/\/vonschuetz.com\/pl\/poszewka-na-poduszke-micromodal-biala-buna\/","title":{"rendered":"Poszewka na poduszk\u0119 MicroModal Bia\u0142a Buna"},"content":{"rendered":"<p>Odkryj po\u015bciel MicroModal w kolorze bia\u0142ym \u2013 harmonijne po\u0142\u0105czenie rzemios\u0142a i zr\u00f3wnowa\u017conego rozwoju. Wykonana z europejskiego drewna bukowego, ta jedwabi\u015bcie mi\u0119kka, certyfikowana przez OEKO-TEX\u00ae po\u015bciel oferuje luksusowy komfort snu. Dzi\u0119ki ukrytemu zamkowi b\u0142yskawicznemu i produkcji w Niemczech, stanowi synonim jako\u015bci i dba\u0142o\u015bci o \u015brodowisko. Precyzyjne wykonanie oraz delikatny dotyk w\u0142\u00f3kien MicroModal gwarantuj\u0105 niezr\u00f3wnane doznania podczas snu, \u0142\u0105cz\u0105c ekologi\u0119 z komfortem.   <\/p>\n","protected":false},"excerpt":{"rendered":"<ul>\n<li>Zr\u00f3wnowa\u017cona po\u015bciel Tencel w kolorze bia\u0142ym<\/li>\n<li>Najdelikatniejszy MicroModal z europejskiego drewna bukowego<\/li>\n<li>Jedwabista i g\u0119sto tkana, z certyfikatem OEKO-TEX\u00ae Standard 100<\/li>\n<li>Ukryty zamek b\u0142yskawiczny<\/li>\n<li>Wyprodukowano w Niemczech<\/li>\n<\/ul>\n","protected":false},"featured_media":2429,"comment_status":"open","ping_status":"closed","template":"","meta":{"_acf_changed":false},"product_brand":[],"product_cat":[492],"product_tag":[],"class_list":{"0":"post-4445","1":"product","2":"type-product","3":"status-publish","4":"has-post-thumbnail","6":"product_cat-poszewki","8":"first","9":"onbackorder","10":"taxable","11":"shipping-taxable","12":"purchasable","13":"product-type-variable","14":"has-default-attributes"},"acf":[],"_links":{"self":[{"href":"https:\/\/vonschuetz.com\/pl\/wp-json\/wp\/v2\/product\/4445","targetHints":{"allow":["GET"]}}],"collection":[{"href":"https:\/\/vonschuetz.com\/pl\/wp-json\/wp\/v2\/product"}],"about":[{"href":"https:\/\/vonschuetz.com\/pl\/wp-json\/wp\/v2\/types\/product"}],"replies":[{"embeddable":true,"href":"https:\/\/vonschuetz.com\/pl\/wp-json\/wp\/v2\/comments?post=4445"}],"wp:featuredmedia":[{"embeddable":true,"href":"https:\/\/vonschuetz.com\/pl\/wp-json\/wp\/v2\/media\/2429"}],"wp:attachment":[{"href":"https:\/\/vonschuetz.com\/pl\/wp-json\/wp\/v2\/media?parent=4445"}],"wp:term":[{"taxonomy":"product_brand","embeddable":true,"href":"https:\/\/vonschuetz.com\/pl\/wp-json\/wp\/v2\/product_brand?post=4445"},{"taxonomy":"product_cat","embeddable":true,"href":"https:\/\/vonschuetz.com\/pl\/wp-json\/wp\/v2\/product_cat?post=4445"},{"taxonomy":"product_tag","embeddable":true,"href":"https:\/\/vonschuetz.com\/pl\/wp-json\/wp\/v2\/product_tag?post=4445"}],"curies":[{"name":"wp","href":"https:\/\/api.w.org\/{rel}","templated":true}]}}