{"id":4479,"date":"2025-01-09T14:00:06","date_gmt":"2025-01-09T13:00:06","guid":{"rendered":"https:\/\/vonschutz.com\/przescieradlo-z-gumka-micromodal-biale-buna\/"},"modified":"2025-09-15T15:49:32","modified_gmt":"2025-09-15T14:49:32","slug":"przescieradlo-z-gumka-micromodal-biale-buna","status":"publish","type":"product","link":"https:\/\/vonschuetz.com\/pl\/przescieradlo-z-gumka-micromodal-biale-buna\/","title":{"rendered":"Prze\u015bcierad\u0142o z gumk\u0105 MicroModal Bia\u0142e Buna"},"content":{"rendered":"<p>Odkryj prze\u015bcierad\u0142o z gumk\u0105 MicroModal w kolorze bia\u0142ym \u2013 harmonijne po\u0142\u0105czenie rzemios\u0142a i zr\u00f3wnowa\u017conego rozwoju. Wykonane z europejskiego drewna bukowego, to jedwabi\u015bcie mi\u0119kkie, certyfikowane przez OEKO-TEX\u00ae prze\u015bcierad\u0142o oferuje luksusowy komfort snu. Wyprodukowane w Niemczech, stanowi symbol jako\u015bci i troski o \u015brodowisko. Precyzyjne wykonanie oraz delikatny dotyk w\u0142\u00f3kien MicroModal zapewniaj\u0105 niezr\u00f3wnane doznania podczas snu, \u0142\u0105cz\u0105c ekologi\u0119 z komfortem.<\/p>\n","protected":false},"excerpt":{"rendered":"<ul>\n<li>Zr\u00f3wnowa\u017cone prze\u015bcierad\u0142o Tencel w kolorze bia\u0142ym<\/li>\n<li>Najdelikatniejszy MicroModal z europejskiego drewna bukowego<\/li>\n<li>Jedwabista i g\u0119sto tkana, z certyfikatem OEKO-TEX\u00ae Standard 100<\/li>\n<li>Lekkie, ch\u0142odz\u0105ce i oddychaj\u0105ce<\/li>\n<li>Wyprodukowano w Niemczech<\/li>\n<\/ul>\n","protected":false},"featured_media":2425,"comment_status":"open","ping_status":"closed","template":"","meta":{"_acf_changed":false},"product_brand":[],"product_cat":[79,76],"product_tag":[],"class_list":{"0":"post-4479","1":"product","2":"type-product","3":"status-publish","4":"has-post-thumbnail","6":"product_cat-przescieradla-z-gumka","7":"product_cat-przescieradla","9":"first","10":"instock","11":"taxable","12":"shipping-taxable","13":"purchasable","14":"product-type-variable","15":"has-default-attributes"},"acf":[],"_links":{"self":[{"href":"https:\/\/vonschuetz.com\/pl\/wp-json\/wp\/v2\/product\/4479","targetHints":{"allow":["GET"]}}],"collection":[{"href":"https:\/\/vonschuetz.com\/pl\/wp-json\/wp\/v2\/product"}],"about":[{"href":"https:\/\/vonschuetz.com\/pl\/wp-json\/wp\/v2\/types\/product"}],"replies":[{"embeddable":true,"href":"https:\/\/vonschuetz.com\/pl\/wp-json\/wp\/v2\/comments?post=4479"}],"wp:featuredmedia":[{"embeddable":true,"href":"https:\/\/vonschuetz.com\/pl\/wp-json\/wp\/v2\/media\/2425"}],"wp:attachment":[{"href":"https:\/\/vonschuetz.com\/pl\/wp-json\/wp\/v2\/media?parent=4479"}],"wp:term":[{"taxonomy":"product_brand","embeddable":true,"href":"https:\/\/vonschuetz.com\/pl\/wp-json\/wp\/v2\/product_brand?post=4479"},{"taxonomy":"product_cat","embeddable":true,"href":"https:\/\/vonschuetz.com\/pl\/wp-json\/wp\/v2\/product_cat?post=4479"},{"taxonomy":"product_tag","embeddable":true,"href":"https:\/\/vonschuetz.com\/pl\/wp-json\/wp\/v2\/product_tag?post=4479"}],"curies":[{"name":"wp","href":"https:\/\/api.w.org\/{rel}","templated":true}]}}