{"id":4488,"date":"2025-01-09T14:56:31","date_gmt":"2025-01-09T13:56:31","guid":{"rendered":"https:\/\/vonschutz.com\/przescieradlo-micromodal-biale-buna-bez-gumki\/"},"modified":"2025-02-05T15:46:40","modified_gmt":"2025-02-05T14:46:40","slug":"przescieradlo-micromodal-biale-buna-bez-gumki","status":"publish","type":"product","link":"https:\/\/vonschuetz.com\/pl\/przescieradlo-micromodal-biale-buna-bez-gumki\/","title":{"rendered":"Prze\u015bcierad\u0142o MicroModal Bia\u0142e Buna (bez gumki)"},"content":{"rendered":"<p>Odkryj prze\u015bcierad\u0142o MicroModal w kolorze bia\u0142ym \u2013 harmonijne po\u0142\u0105czenie rzemios\u0142a i zr\u00f3wnowa\u017conego rozwoju. Wykonane z europejskiego drewna bukowego, to jedwabi\u015bcie mi\u0119kkie, certyfikowane przez OEKO-TEX\u00ae prze\u015bcierad\u0142o oferuje luksusowy komfort snu. Wyprodukowane w Niemczech, stanowi symbol jako\u015bci i troski o \u015brodowisko. Precyzyjne wykonanie oraz delikatny dotyk w\u0142\u00f3kien MicroModal zapewniaj\u0105 niezr\u00f3wnane doznania podczas snu, \u0142\u0105cz\u0105c ekologi\u0119 z komfortem.  <\/p>\n<div>\n<h3>Prze\u015bcierad\u0142o bez gumki - pasuj\u0105ce do materaca<\/h3>\n<table class=\"table table-striped table-sizegudie\">\n<thead>\n<tr>\n<th>Rozmiar<\/th>\n<th>Szeroko\u015b\u0107 materaca<\/th>\n<th>D\u0142ugo\u015b\u0107 materaca<\/th>\n<th>Wysoko\u015b\u0107 materaca<\/th>\n<\/tr>\n<\/thead>\n<tbody>\n<tr>\n<td>214x294 cm<\/td>\n<td>do 120 cm<\/td>\n<td>do 200 cm<\/td>\n<td>do 27 cm<\/td>\n<\/tr>\n<tr>\n<td>254x294 cm<\/td>\n<td>do 160 cm<\/td>\n<td>do 200 cm<\/td>\n<td>do 27 cm<\/td>\n<\/tr>\n<tr>\n<td>294x314 cm<\/td>\n<td>do 200 cm<\/td>\n<td>do 220 cm<\/td>\n<td>do 27 cm<\/td>\n<\/tr>\n<\/tbody>\n<\/table>\n<\/div>\n","protected":false},"excerpt":{"rendered":"<ul>\n<li>Zr\u00f3wnowa\u017cone prze\u015bcierad\u0142o Tencel w kolorze bia\u0142ym (bez gumki)<\/li>\n<li>Najdelikatniejszy MicroModal z europejskiego drewna bukowego<\/li>\n<li>Jedwabista i g\u0119sto tkana, z certyfikatem OEKO-TEX\u00ae Standard 100<\/li>\n<li>Przewiewne, lekkie i ch\u0142odz\u0105ce<\/li>\n<li>Wyprodukowano w Niemczech<\/li>\n<\/ul>\n","protected":false},"featured_media":2365,"comment_status":"open","ping_status":"closed","template":"","meta":{"_acf_changed":false},"product_brand":[],"product_cat":[76,82],"product_tag":[],"class_list":{"0":"post-4488","1":"product","2":"type-product","3":"status-publish","4":"has-post-thumbnail","6":"product_cat-przescieradla","7":"product_cat-przescieradla-bez-gumki","9":"first","10":"instock","11":"taxable","12":"shipping-taxable","13":"purchasable","14":"product-type-variable","15":"has-default-attributes"},"acf":[],"_links":{"self":[{"href":"https:\/\/vonschuetz.com\/pl\/wp-json\/wp\/v2\/product\/4488","targetHints":{"allow":["GET"]}}],"collection":[{"href":"https:\/\/vonschuetz.com\/pl\/wp-json\/wp\/v2\/product"}],"about":[{"href":"https:\/\/vonschuetz.com\/pl\/wp-json\/wp\/v2\/types\/product"}],"replies":[{"embeddable":true,"href":"https:\/\/vonschuetz.com\/pl\/wp-json\/wp\/v2\/comments?post=4488"}],"wp:featuredmedia":[{"embeddable":true,"href":"https:\/\/vonschuetz.com\/pl\/wp-json\/wp\/v2\/media\/2365"}],"wp:attachment":[{"href":"https:\/\/vonschuetz.com\/pl\/wp-json\/wp\/v2\/media?parent=4488"}],"wp:term":[{"taxonomy":"product_brand","embeddable":true,"href":"https:\/\/vonschuetz.com\/pl\/wp-json\/wp\/v2\/product_brand?post=4488"},{"taxonomy":"product_cat","embeddable":true,"href":"https:\/\/vonschuetz.com\/pl\/wp-json\/wp\/v2\/product_cat?post=4488"},{"taxonomy":"product_tag","embeddable":true,"href":"https:\/\/vonschuetz.com\/pl\/wp-json\/wp\/v2\/product_tag?post=4488"}],"curies":[{"name":"wp","href":"https:\/\/api.w.org\/{rel}","templated":true}]}}