{"id":4492,"date":"2025-01-09T15:00:59","date_gmt":"2025-01-09T14:00:59","guid":{"rendered":"https:\/\/vonschutz.com\/posciel-micromodal-biala-buna\/"},"modified":"2025-12-12T16:28:46","modified_gmt":"2025-12-12T15:28:46","slug":"posciel-micromodal-biala-buna","status":"publish","type":"product","link":"https:\/\/vonschuetz.com\/pl\/posciel-micromodal-biala-buna\/","title":{"rendered":"Po\u015bciel MicroModal Bia\u0142a Buna"},"content":{"rendered":"<ol>\n<li>Luksusowy komfort snu dzi\u0119ki najdelikatniejszym w\u0142\u00f3knom MicroModal z ekologicznego europejskiego drewna bukowego \u2013 jedwabi\u015bcie mi\u0119kkie i oddychaj\u0105ce.<\/li>\n<li>Wyprodukowane w Niemczech z zachowaniem tradycyjnego rzemios\u0142a \u2013 ka\u017cdy egzemplarz to unikat o najwy\u017cszej jako\u015bci i trwa\u0142o\u015bci.<\/li>\n<li>Certyfikat OEKO-TEX\u00ae Standard 100: gwarancja braku szkodliwych substancji i przyjaznej dla \u015brodowiska produkcji \u2013 dla pe\u0142nej zgodno\u015bci ze sk\u00f3r\u0105.<\/li>\n<li>Ukryty zamek b\u0142yskawiczny w poszewkach na poduszki i ko\u0142dry zapewnia estetyczn\u0105 elegancj\u0119 oraz praktyczny komfort na co dzie\u0144.<\/li>\n<li>\u0141atwy w piel\u0119gnacji i trwa\u0142y \u2013 zachowuje swoj\u0105 wyj\u0105tkow\u0105 mi\u0119kko\u015b\u0107 i ponadczasow\u0105 elegancj\u0119 nawet po wielokrotnym praniu.<\/li>\n<\/ol>\n<p>&nbsp;<\/p>\n<p>Zanurz si\u0119 w \u015bwiecie ponadczasowej elegancji z po\u015bciel\u0105 MicroModal \u201eWei\u00df Buna\u201d od VON SCH\u00dcTZ \u2013 harmonijnym po\u0142\u0105czeniem zr\u00f3wnowa\u017conego podej\u015bcia i mistrzowskiego rzemios\u0142a. Nasza po\u015bciel wykonywana jest z najdelikatniejszych w\u0142\u00f3kien MicroModal, pozyskiwanych z europejskiego drewna bukowego \u2013 to naturalny surowiec, kt\u00f3ry nie tylko jest przyjazny dla \u015brodowiska, ale tak\u017ce zapewnia niezr\u00f3wnan\u0105 mi\u0119kko\u015b\u0107 i jedwabist\u0105 g\u0142adko\u015b\u0107 w dotyku. Ka\u017cdy komplet produkowany jest z najwy\u017csz\u0105 staranno\u015bci\u0105 w Niemczech i stanowi wyraz tradycyjnego rzemios\u0142a, spe\u0142niaj\u0105cego najwy\u017csze wymagania jako\u015bciowe.  <\/p>\n<p>Delikatnie tkana powierzchnia zapewnia przyjemnie ch\u0142odny klimat snu i jest wyj\u0105tkowo przyjazna dla sk\u00f3ry oraz hipoalergiczna \u2013 idealna dla os\u00f3b o wra\u017cliwej sk\u00f3rze lub cierpi\u0105cych na alergie. Ukryty zamek b\u0142yskawiczny w poszewkach na poduszk\u0119 i ko\u0142dr\u0119 \u0142\u0105czy praktyczn\u0105 funkcjonalno\u015b\u0107 z estetyczn\u0105 subtelno\u015bci\u0105, dzi\u0119ki czemu po\u015bciel zawsze prezentuje si\u0119 nienagannie. <\/p>\n<p>Dzi\u0119ki certyfikatowi OEKO-TEX\u00ae Standard 100 mo\u017cesz mie\u0107 pewno\u015b\u0107, \u017ce przy produkcji nie u\u017cyto \u017cadnych szkodliwych substancji \u2013 to obietnica bezpiecze\u0144stwa dla Twojego zdrowia i \u015brodowiska. \u0141atwa piel\u0119gnacja po\u015bcieli u\u0142atwia codzienne u\u017cytkowanie, a jej trwa\u0142o\u015b\u0107 i zachowanie formy pozostaj\u0105 niezmienne nawet po wielu praniach. <\/p>\n<p>Dzi\u0119ki po\u015bcieli MicroModal w kolorze bia\u0142ym Buna stworzysz w swojej sypialni atmosfer\u0119, kt\u00f3ra w wyj\u0105tkowy spos\u00f3b \u0142\u0105czy spok\u00f3j, luksus i zr\u00f3wnowa\u017cony styl \u017cycia. Podaruj sobie komfort pi\u0119ciogwiazdkowego hotelu we w\u0142asnym domu \u2013 dla regeneruj\u0105cych nocy i kompleksowego poczucia dobrego samopoczucia. <\/p>\n<p>&nbsp;<\/p>\n<h2>Wyj\u0105tkowe zalety po\u015bcieli MicroModal w kolorze bia\u0142ym Buna<\/h2>\n<ul>\n<li>\n<h3><strong>Zr\u00f3wnowa\u017cona innowacja spotyka si\u0119 z tradycyjnym rzemios\u0142em<\/strong><\/h3>\n<p>Nasza po\u015bciel powstaje z najdelikatniejszych w\u0142\u00f3kien LENZING\u2122 MicroModal, pozyskiwanych z europejskiego drewna bukowego \u2013 to rozwi\u0105zanie zr\u00f3wnowa\u017cone, przyjazne dla \u015brodowiska i wyj\u0105tkowo trwa\u0142e. Ka\u017cdy egzemplarz powstaje w Niemczech, z najwy\u017csz\u0105 staranno\u015bci\u0105 i w tradycyjnym rzemio\u015ble. <\/li>\n<\/ul>\n<ul>\n<li>\n<h3><strong>Jedwabi\u015bcie mi\u0119kka tekstura dla najwy\u017cszych wymaga\u0144<br \/>\n<\/strong><\/h3>\n<p>Delikatnie tkana powierzchnia jest przyjemna w dotyku i zapewnia optymaln\u0105 regulacj\u0119 temperatury \u2013 idealna na spokojne noce i g\u0142\u0119boki, regeneruj\u0105cy sen.<\/li>\n<li>\n<h3><strong>Pewno\u015b\u0107 dzi\u0119ki certyfikatowi OEKO-TEX\u00ae Standard 100<br \/>\n<\/strong><\/h3>\n<p>Zaufaj certyfikowanej jako\u015bci wolnej od szkodliwych substancji \u2013 dla Twojego zdrowia i czystego sumienia podczas \u015bwiadomego, zr\u00f3wnowa\u017conego zakupu.<\/li>\n<\/ul>\n<p>&nbsp;<\/p>\n<h4>Cechy produktu w skr\u00f3cie<\/h4>\n<ul>\n<li>Najdelikatniejsze w\u0142\u00f3kna MicroModal z europejskiego drewna bukowego<\/li>\n<\/ul>\n<ul>\n<li>Ukryty zamek b\u0142yskawiczny dla eleganckiego wygl\u0105du<\/li>\n<\/ul>\n<ul>\n<li>\u0141atwa w piel\u0119gnacji i odporna na deformacje<\/li>\n<\/ul>\n<ul>\n<li>Wyprodukowana w Niemczech z mi\u0142o\u015bci\u0105 i r\u0119cznym kunsztem<\/li>\n<\/ul>\n<p>&nbsp;<\/p>\n<h2>Po\u015bciel z Micromodalu \u2013 Poczuj r\u00f3\u017cnic\u0119<\/h2>\n<p>Dzi\u0119ki po\u015bcieli MicroModal w kolorze bia\u0142ym Buna od VON SCH\u00dcTZ stworzysz stylow\u0105 sypialni\u0119 pe\u0142n\u0105 spokoju i estetyki. Odkryj doskona\u0142\u0105 symbioz\u0119 naturalnych w\u0142\u00f3kien, zr\u00f3wnowa\u017conej produkcji i mistrzowskiego rzemios\u0142a. <\/p>\n","protected":false},"excerpt":{"rendered":"<ul>\n<li>Zr\u00f3wnowa\u017cona po\u015bciel Tencel w kolorze bia\u0142ym<\/li>\n<li>Najdelikatniejszy MicroModal z europejskiego drewna bukowego<\/li>\n<li>Jedwabista i g\u0119sto tkana, z certyfikatem OEKO-TEX\u00ae Standard 100<\/li>\n<li>Ukryty zamek b\u0142yskawiczny w poszewkach na poduszki i ko\u0142dry<\/li>\n<li>Szyte na zam\u00f3wienie specjalnie dla Ciebie w naszych w\u0142asnych atelier w Polsce i Niemczech<\/li>\n<\/ul>\n","protected":false},"featured_media":2429,"comment_status":"open","ping_status":"closed","template":"","meta":{"_acf_changed":false},"product_brand":[],"product_cat":[73,70,53],"product_tag":[],"class_list":{"0":"post-4492","1":"product","2":"type-product","3":"status-publish","4":"has-post-thumbnail","6":"product_cat-posciel-tencel","7":"product_cat-posciel-satynowa","8":"product_cat-posciel","10":"first","11":"instock","12":"taxable","13":"shipping-taxable","14":"purchasable","15":"product-type-woosg"},"acf":[],"_links":{"self":[{"href":"https:\/\/vonschuetz.com\/pl\/wp-json\/wp\/v2\/product\/4492","targetHints":{"allow":["GET"]}}],"collection":[{"href":"https:\/\/vonschuetz.com\/pl\/wp-json\/wp\/v2\/product"}],"about":[{"href":"https:\/\/vonschuetz.com\/pl\/wp-json\/wp\/v2\/types\/product"}],"replies":[{"embeddable":true,"href":"https:\/\/vonschuetz.com\/pl\/wp-json\/wp\/v2\/comments?post=4492"}],"wp:featuredmedia":[{"embeddable":true,"href":"https:\/\/vonschuetz.com\/pl\/wp-json\/wp\/v2\/media\/2429"}],"wp:attachment":[{"href":"https:\/\/vonschuetz.com\/pl\/wp-json\/wp\/v2\/media?parent=4492"}],"wp:term":[{"taxonomy":"product_brand","embeddable":true,"href":"https:\/\/vonschuetz.com\/pl\/wp-json\/wp\/v2\/product_brand?post=4492"},{"taxonomy":"product_cat","embeddable":true,"href":"https:\/\/vonschuetz.com\/pl\/wp-json\/wp\/v2\/product_cat?post=4492"},{"taxonomy":"product_tag","embeddable":true,"href":"https:\/\/vonschuetz.com\/pl\/wp-json\/wp\/v2\/product_tag?post=4492"}],"curies":[{"name":"wp","href":"https:\/\/api.w.org\/{rel}","templated":true}]}}