{"id":4558,"date":"2025-01-09T15:23:47","date_gmt":"2025-01-09T14:23:47","guid":{"rendered":"https:\/\/vonschutz.com\/poszwa-na-koldre-z-lnu-biala-pure\/"},"modified":"2025-12-15T10:29:26","modified_gmt":"2025-12-15T09:29:26","slug":"poszwa-na-koldre-z-lnu-biala-pure","status":"publish","type":"product","link":"https:\/\/vonschuetz.com\/pl\/poszwa-na-koldre-z-lnu-biala-pure\/","title":{"rendered":"Poszwa na ko\u0142dr\u0119 z lnu bia\u0142a Pure"},"content":{"rendered":"","protected":false},"excerpt":{"rendered":"<ul>\n<li>Doskona\u0142a jako\u015b\u0107: 100% czysty len z ekologicznych upraw w UE<\/li>\n<li>Oddychaj\u0105ca: Regulacja temperatury - odpowiednia na lato i zim\u0119<\/li>\n<li>Trwa\u0142o\u015b\u0107: Wytrzyma\u0142a tkanina, kt\u00f3ra staje si\u0119 bardziej mi\u0119kka po ka\u017cdym praniu<\/li>\n<li>Zapi\u0119cie hotelowe<\/li>\n<li>Wyprodukowano w Niemczech<\/li>\n<\/ul>\n","protected":false},"featured_media":6523,"comment_status":"open","ping_status":"closed","template":"","meta":{"_acf_changed":false},"product_brand":[],"product_cat":[493],"product_tag":[],"class_list":{"0":"post-4558","1":"product","2":"type-product","3":"status-publish","4":"has-post-thumbnail","6":"product_cat-poszwy-na-koldry","8":"first","9":"onbackorder","10":"taxable","11":"shipping-taxable","12":"purchasable","13":"product-type-variable","14":"has-default-attributes"},"acf":[],"_links":{"self":[{"href":"https:\/\/vonschuetz.com\/pl\/wp-json\/wp\/v2\/product\/4558","targetHints":{"allow":["GET"]}}],"collection":[{"href":"https:\/\/vonschuetz.com\/pl\/wp-json\/wp\/v2\/product"}],"about":[{"href":"https:\/\/vonschuetz.com\/pl\/wp-json\/wp\/v2\/types\/product"}],"replies":[{"embeddable":true,"href":"https:\/\/vonschuetz.com\/pl\/wp-json\/wp\/v2\/comments?post=4558"}],"wp:featuredmedia":[{"embeddable":true,"href":"https:\/\/vonschuetz.com\/pl\/wp-json\/wp\/v2\/media\/6523"}],"wp:attachment":[{"href":"https:\/\/vonschuetz.com\/pl\/wp-json\/wp\/v2\/media?parent=4558"}],"wp:term":[{"taxonomy":"product_brand","embeddable":true,"href":"https:\/\/vonschuetz.com\/pl\/wp-json\/wp\/v2\/product_brand?post=4558"},{"taxonomy":"product_cat","embeddable":true,"href":"https:\/\/vonschuetz.com\/pl\/wp-json\/wp\/v2\/product_cat?post=4558"},{"taxonomy":"product_tag","embeddable":true,"href":"https:\/\/vonschuetz.com\/pl\/wp-json\/wp\/v2\/product_tag?post=4558"}],"curies":[{"name":"wp","href":"https:\/\/api.w.org\/{rel}","templated":true}]}}