{"id":4575,"date":"2025-01-09T15:32:50","date_gmt":"2025-01-09T14:32:50","guid":{"rendered":"https:\/\/vonschutz.com\/przescieradlo-z-gumka-z-lnu-biale-pure\/"},"modified":"2025-12-15T10:29:25","modified_gmt":"2025-12-15T09:29:25","slug":"przescieradlo-z-gumka-z-lnu-biale-pure","status":"publish","type":"product","link":"https:\/\/vonschuetz.com\/pl\/przescieradlo-z-gumka-z-lnu-biale-pure\/","title":{"rendered":"Prze\u015bcierad\u0142o z gumk\u0105 z lnu bia\u0142e Pure"},"content":{"rendered":"","protected":false},"excerpt":{"rendered":"<ul>\n<li>Trwa\u0142y design: 100% czysty len o przyjemnie mi\u0119kkiej fakturze<\/li>\n<li>Dopasowanie: Idealnie przylegaj\u0105ce prze\u015bcierad\u0142o z gumk\u0105<\/li>\n<li>Komfort przez ca\u0142y rok: Ch\u0142odzi latem, ogrzewa zim\u0105 \u2013 idealne na ka\u017cd\u0105 por\u0119 roku<\/li>\n<li>Elegancki wygl\u0105d: Ponadczasowy design dodaje luksusu ka\u017cdej sypialni<\/li>\n<li>Wyprodukowano w Niemczech<\/li>\n<\/ul>\n","protected":false},"featured_media":2362,"comment_status":"open","ping_status":"closed","template":"","meta":{"_acf_changed":false},"product_brand":[],"product_cat":[79,76],"product_tag":[],"class_list":{"0":"post-4575","1":"product","2":"type-product","3":"status-publish","4":"has-post-thumbnail","6":"product_cat-przescieradla-z-gumka","7":"product_cat-przescieradla","9":"first","10":"instock","11":"taxable","12":"shipping-taxable","13":"purchasable","14":"product-type-variable","15":"has-default-attributes"},"acf":[],"_links":{"self":[{"href":"https:\/\/vonschuetz.com\/pl\/wp-json\/wp\/v2\/product\/4575","targetHints":{"allow":["GET"]}}],"collection":[{"href":"https:\/\/vonschuetz.com\/pl\/wp-json\/wp\/v2\/product"}],"about":[{"href":"https:\/\/vonschuetz.com\/pl\/wp-json\/wp\/v2\/types\/product"}],"replies":[{"embeddable":true,"href":"https:\/\/vonschuetz.com\/pl\/wp-json\/wp\/v2\/comments?post=4575"}],"wp:featuredmedia":[{"embeddable":true,"href":"https:\/\/vonschuetz.com\/pl\/wp-json\/wp\/v2\/media\/2362"}],"wp:attachment":[{"href":"https:\/\/vonschuetz.com\/pl\/wp-json\/wp\/v2\/media?parent=4575"}],"wp:term":[{"taxonomy":"product_brand","embeddable":true,"href":"https:\/\/vonschuetz.com\/pl\/wp-json\/wp\/v2\/product_brand?post=4575"},{"taxonomy":"product_cat","embeddable":true,"href":"https:\/\/vonschuetz.com\/pl\/wp-json\/wp\/v2\/product_cat?post=4575"},{"taxonomy":"product_tag","embeddable":true,"href":"https:\/\/vonschuetz.com\/pl\/wp-json\/wp\/v2\/product_tag?post=4575"}],"curies":[{"name":"wp","href":"https:\/\/api.w.org\/{rel}","templated":true}]}}