{"id":4588,"date":"2025-01-09T15:44:32","date_gmt":"2025-01-09T14:44:32","guid":{"rendered":"https:\/\/vonschutz.com\/posciel-lniana-biala-pure\/"},"modified":"2025-12-12T15:45:53","modified_gmt":"2025-12-12T14:45:53","slug":"posciel-lniana-biala-pure","status":"publish","type":"product","link":"https:\/\/vonschuetz.com\/pl\/posciel-lniana-biala-pure\/","title":{"rendered":"Po\u015bciel lniana bia\u0142a Pure"},"content":{"rendered":"","protected":false},"excerpt":{"rendered":"<ul>\n<li>Doskona\u0142a jako\u015b\u0107: 100% czysty len z ekologicznych upraw w UE<\/li>\n<li>Oddychaj\u0105ca: Regulacja temperatury - odpowiednia na lato i zim\u0119<\/li>\n<li>Trwa\u0142o\u015b\u0107: Wytrzyma\u0142a tkanina, kt\u00f3ra staje si\u0119 bardziej mi\u0119kka po ka\u017cdym praniu<\/li>\n<li>Zapi\u0119cie hotelowe w poduszce i ko\u0142drze<\/li>\n<li>Szyte na zam\u00f3wienie specjalnie dla Ciebie w naszych w\u0142asnych atelier w Polsce i Niemczech<\/li>\n<\/ul>\n","protected":false},"featured_media":6517,"comment_status":"open","ping_status":"closed","template":"","meta":{"_acf_changed":false},"product_brand":[],"product_cat":[517,53],"product_tag":[],"class_list":{"0":"post-4588","1":"product","2":"type-product","3":"status-publish","4":"has-post-thumbnail","6":"product_cat-posciel-lniana","7":"product_cat-posciel","9":"first","10":"instock","11":"taxable","12":"shipping-taxable","13":"purchasable","14":"product-type-woosg"},"acf":[],"_links":{"self":[{"href":"https:\/\/vonschuetz.com\/pl\/wp-json\/wp\/v2\/product\/4588","targetHints":{"allow":["GET"]}}],"collection":[{"href":"https:\/\/vonschuetz.com\/pl\/wp-json\/wp\/v2\/product"}],"about":[{"href":"https:\/\/vonschuetz.com\/pl\/wp-json\/wp\/v2\/types\/product"}],"replies":[{"embeddable":true,"href":"https:\/\/vonschuetz.com\/pl\/wp-json\/wp\/v2\/comments?post=4588"}],"wp:featuredmedia":[{"embeddable":true,"href":"https:\/\/vonschuetz.com\/pl\/wp-json\/wp\/v2\/media\/6517"}],"wp:attachment":[{"href":"https:\/\/vonschuetz.com\/pl\/wp-json\/wp\/v2\/media?parent=4588"}],"wp:term":[{"taxonomy":"product_brand","embeddable":true,"href":"https:\/\/vonschuetz.com\/pl\/wp-json\/wp\/v2\/product_brand?post=4588"},{"taxonomy":"product_cat","embeddable":true,"href":"https:\/\/vonschuetz.com\/pl\/wp-json\/wp\/v2\/product_cat?post=4588"},{"taxonomy":"product_tag","embeddable":true,"href":"https:\/\/vonschuetz.com\/pl\/wp-json\/wp\/v2\/product_tag?post=4588"}],"curies":[{"name":"wp","href":"https:\/\/api.w.org\/{rel}","templated":true}]}}