{"id":4637,"date":"2025-01-09T10:37:41","date_gmt":"2025-01-09T09:37:41","guid":{"rendered":"https:\/\/vonschutz.com\/poszewka-na-poduszke-satynowa-marmur-biala\/"},"modified":"2025-10-15T23:54:02","modified_gmt":"2025-10-15T22:54:02","slug":"poszewka-na-poduszke-satynowa-marmur-biala","status":"publish","type":"product","link":"https:\/\/vonschuetz.com\/pl\/poszewka-na-poduszke-satynowa-marmur-biala\/","title":{"rendered":"Poszewka na poduszk\u0119 satynowa Marmur Bia\u0142a"},"content":{"rendered":"<p>Poczuj czysty luksus z kolekcj\u0105 po\u015bcieli satynowej Marmur Bia\u0142a. Ta wyj\u0105tkowa kolekcja, wykonana z najwy\u017cszej jako\u015bci bawe\u0142ny American Pima i posiadaj\u0105ca certyfikat OEKO-TEX\u00ae Standard 100, \u0142\u0105czy elegancj\u0119 z komfortem. Po\u015bciel wyr\u00f3\u017cnia si\u0119 wyrafinowanym marmurowym wzorem, kt\u00f3ry przemienia Twoj\u0105 sypialni\u0119 w stylow\u0105 oaz\u0119 spokoju. Dzi\u0119ki g\u0119sto\u015bci 320 TC zapewnia jedwabisty po\u0142ysk i najwy\u017csz\u0105 jako\u015b\u0107. Ukryty zamek b\u0142yskawiczny gwarantuje nienagann\u0105 estetyk\u0119. Produkowana w Niemczech w spos\u00f3b zr\u00f3wnowa\u017cony i etyczny, ta po\u015bciel to synonim stylu i ekologii.    <\/p>\n","protected":false},"excerpt":{"rendered":"<ul>\n<li>Ekskluzywna po\u015bciel satynowa w kolorze marmurowej bieli<\/li>\n<li>Czesana, delikatna bawe\u0142na American Pima COTTON USA\u2122<\/li>\n<li>Mi\u0119kka i drobno tkana, posiada certyfikat OEKO-TEX\u00ae Standard 100<\/li>\n<li>Ukryty zamek b\u0142yskawiczny<\/li>\n<li>Wyprodukowano w Niemczech<\/li>\n<\/ul>\n","protected":false},"featured_media":2432,"comment_status":"open","ping_status":"closed","template":"","meta":{"_acf_changed":false},"product_brand":[],"product_cat":[492],"product_tag":[],"class_list":{"0":"post-4637","1":"product","2":"type-product","3":"status-publish","4":"has-post-thumbnail","6":"product_cat-poszewki","8":"first","9":"instock","10":"taxable","11":"shipping-taxable","12":"purchasable","13":"product-type-variable","14":"has-default-attributes"},"acf":[],"_links":{"self":[{"href":"https:\/\/vonschuetz.com\/pl\/wp-json\/wp\/v2\/product\/4637","targetHints":{"allow":["GET"]}}],"collection":[{"href":"https:\/\/vonschuetz.com\/pl\/wp-json\/wp\/v2\/product"}],"about":[{"href":"https:\/\/vonschuetz.com\/pl\/wp-json\/wp\/v2\/types\/product"}],"replies":[{"embeddable":true,"href":"https:\/\/vonschuetz.com\/pl\/wp-json\/wp\/v2\/comments?post=4637"}],"wp:featuredmedia":[{"embeddable":true,"href":"https:\/\/vonschuetz.com\/pl\/wp-json\/wp\/v2\/media\/2432"}],"wp:attachment":[{"href":"https:\/\/vonschuetz.com\/pl\/wp-json\/wp\/v2\/media?parent=4637"}],"wp:term":[{"taxonomy":"product_brand","embeddable":true,"href":"https:\/\/vonschuetz.com\/pl\/wp-json\/wp\/v2\/product_brand?post=4637"},{"taxonomy":"product_cat","embeddable":true,"href":"https:\/\/vonschuetz.com\/pl\/wp-json\/wp\/v2\/product_cat?post=4637"},{"taxonomy":"product_tag","embeddable":true,"href":"https:\/\/vonschuetz.com\/pl\/wp-json\/wp\/v2\/product_tag?post=4637"}],"curies":[{"name":"wp","href":"https:\/\/api.w.org\/{rel}","templated":true}]}}