{"id":4671,"date":"2025-01-09T11:14:31","date_gmt":"2025-01-09T10:14:31","guid":{"rendered":"https:\/\/vonschutz.com\/przescieradlo-z-gumka-satynowe-marmur-biala\/"},"modified":"2025-10-15T23:53:37","modified_gmt":"2025-10-15T22:53:37","slug":"przescieradlo-z-gumka-satynowe-marmur-biala","status":"publish","type":"product","link":"https:\/\/vonschuetz.com\/pl\/przescieradlo-z-gumka-satynowe-marmur-biala\/","title":{"rendered":"Prze\u015bcierad\u0142o z gumk\u0105 satynowe Marmur Bia\u0142a"},"content":{"rendered":"<p>Ciesz si\u0119 czystym luksusem z satynowym prze\u015bcierad\u0142em z gumk\u0105 w kolorze naturalnej bieli Marmur Classico. Wykonane z najwy\u017cszej jako\u015bci bawe\u0142ny American Pima i posiadaj\u0105ce certyfikat OEKO-TEX\u00ae Standard 100, \u0142\u0105czy elegancj\u0119 i komfort na najwy\u017cszym poziomie. Prze\u015bcierad\u0142o wyr\u00f3\u017cnia si\u0119 szlachetnym odcieniem marmurowej bieli, nadaj\u0105c Twojej sypialni stylow\u0105 i harmonijn\u0105 atmosfer\u0119. Dzi\u0119ki g\u0119sto\u015bci 320 TC zapewnia jedwabisty po\u0142ysk i wyj\u0105tkow\u0105 jako\u015b\u0107. Po\u015bciel ta jest produkowana w spos\u00f3b zr\u00f3wnowa\u017cony i etyczny w Niemczech, stanowi\u0105c synonim stylu i ekologii.    <\/p>\n","protected":false},"excerpt":{"rendered":"<ul>\n<li>Ekskluzywne satynowe prze\u015bcierad\u0142o w kolorze marmurowej bieli<\/li>\n<li>Czesana, delikatna bawe\u0142na American Pima COTTON USA\u2122<\/li>\n<li>Mi\u0119kka i drobno tkana, posiada certyfikat OEKO-TEX\u00ae Standard 100<\/li>\n<li>Lekkie, ch\u0142odz\u0105ce i oddychaj\u0105ce<\/li>\n<li>Wyprodukowano w Niemczech<\/li>\n<\/ul>\n","protected":false},"featured_media":2416,"comment_status":"open","ping_status":"closed","template":"","meta":{"_acf_changed":false},"product_brand":[],"product_cat":[79,76],"product_tag":[],"class_list":{"0":"post-4671","1":"product","2":"type-product","3":"status-publish","4":"has-post-thumbnail","6":"product_cat-przescieradla-z-gumka","7":"product_cat-przescieradla","9":"first","10":"instock","11":"taxable","12":"shipping-taxable","13":"purchasable","14":"product-type-variable","15":"has-default-attributes"},"acf":[],"_links":{"self":[{"href":"https:\/\/vonschuetz.com\/pl\/wp-json\/wp\/v2\/product\/4671","targetHints":{"allow":["GET"]}}],"collection":[{"href":"https:\/\/vonschuetz.com\/pl\/wp-json\/wp\/v2\/product"}],"about":[{"href":"https:\/\/vonschuetz.com\/pl\/wp-json\/wp\/v2\/types\/product"}],"replies":[{"embeddable":true,"href":"https:\/\/vonschuetz.com\/pl\/wp-json\/wp\/v2\/comments?post=4671"}],"wp:featuredmedia":[{"embeddable":true,"href":"https:\/\/vonschuetz.com\/pl\/wp-json\/wp\/v2\/media\/2416"}],"wp:attachment":[{"href":"https:\/\/vonschuetz.com\/pl\/wp-json\/wp\/v2\/media?parent=4671"}],"wp:term":[{"taxonomy":"product_brand","embeddable":true,"href":"https:\/\/vonschuetz.com\/pl\/wp-json\/wp\/v2\/product_brand?post=4671"},{"taxonomy":"product_cat","embeddable":true,"href":"https:\/\/vonschuetz.com\/pl\/wp-json\/wp\/v2\/product_cat?post=4671"},{"taxonomy":"product_tag","embeddable":true,"href":"https:\/\/vonschuetz.com\/pl\/wp-json\/wp\/v2\/product_tag?post=4671"}],"curies":[{"name":"wp","href":"https:\/\/api.w.org\/{rel}","templated":true}]}}