{"id":4680,"date":"2025-01-09T11:22:26","date_gmt":"2025-01-09T10:22:26","guid":{"rendered":"https:\/\/vonschutz.com\/przescieradlo-satynowe-marmur-biala-bez-gumki\/"},"modified":"2025-10-15T23:53:57","modified_gmt":"2025-10-15T22:53:57","slug":"przescieradlo-satynowe-marmur-biala-bez-gumki","status":"publish","type":"product","link":"https:\/\/vonschuetz.com\/pl\/przescieradlo-satynowe-marmur-biala-bez-gumki\/","title":{"rendered":"Prze\u015bcierad\u0142o satynowe Marmur Bia\u0142a (bez gumki)"},"content":{"rendered":"<p>Poczuj luksus z prze\u015bcierad\u0142em satynowym w kolorze naturalnej bieli Marmur Classico. Wykonane z najwy\u017cszej jako\u015bci bawe\u0142ny American Pima, posiada certyfikat OEKO-TEX\u00ae Standard 100, \u0142\u0105cz\u0105c elegancj\u0119 i komfort na najwy\u017cszym poziomie. Jego subtelny marmurowy odcie\u0144 nadaje sypialni wyj\u0105tkowy styl. Dzi\u0119ki g\u0119sto\u015bci 320 TC zapewnia jedwabisty po\u0142ysk i trwa\u0142o\u015b\u0107. Produkowane w Niemczech w spos\u00f3b ekologiczny i etyczny.    <\/p>\n<div>\n<h3>Prze\u015bcierad\u0142o bez gumki - pasuj\u0105ce do materaca<\/h3>\n<table class=\"table table-striped table-sizegudie\">\n<thead>\n<tr>\n<th>Rozmiar<\/th>\n<th>Szeroko\u015b\u0107 materaca<\/th>\n<th>D\u0142ugo\u015b\u0107 materaca<\/th>\n<th>Wysoko\u015b\u0107 materaca<\/th>\n<\/tr>\n<\/thead>\n<tbody>\n<tr>\n<td>214x294 cm<\/td>\n<td>do 120 cm<\/td>\n<td>do 200 cm<\/td>\n<td>do 27 cm<\/td>\n<\/tr>\n<tr>\n<td>254x294 cm<\/td>\n<td>do 160 cm<\/td>\n<td>do 200 cm<\/td>\n<td>do 27 cm<\/td>\n<\/tr>\n<tr>\n<td>294x314 cm<\/td>\n<td>do 200 cm<\/td>\n<td>do 220 cm<\/td>\n<td>do 27 cm<\/td>\n<\/tr>\n<\/tbody>\n<\/table>\n<\/div>\n","protected":false},"excerpt":{"rendered":"<ul>\n<li>Ekskluzywne prze\u015bcierad\u0142o satynowe bez gumki w kolorze marmurowej bieli<\/li>\n<li>Czesana, delikatna bawe\u0142na American Pima COTTON USA\u2122<\/li>\n<li>Mi\u0119kka i drobno tkana, posiada certyfikat OEKO-TEX\u00ae Standard 100<\/li>\n<li>Lekkie, ch\u0142odz\u0105ce i oddychaj\u0105ce<\/li>\n<li>Wyprodukowano w Niemczech<\/li>\n<\/ul>\n","protected":false},"featured_media":2368,"template":"","meta":{"_acf_changed":false},"product_brand":[],"product_cat":[82,76],"product_tag":[],"class_list":{"0":"post-4680","1":"product","2":"type-product","3":"status-publish","4":"has-post-thumbnail","6":"product_cat-przescieradla-bez-gumki","7":"product_cat-przescieradla","9":"first","10":"instock","11":"taxable","12":"shipping-taxable","13":"purchasable","14":"product-type-variable","15":"has-default-attributes"},"acf":[],"_links":{"self":[{"href":"https:\/\/vonschuetz.com\/pl\/wp-json\/wp\/v2\/product\/4680","targetHints":{"allow":["GET"]}}],"collection":[{"href":"https:\/\/vonschuetz.com\/pl\/wp-json\/wp\/v2\/product"}],"about":[{"href":"https:\/\/vonschuetz.com\/pl\/wp-json\/wp\/v2\/types\/product"}],"wp:featuredmedia":[{"embeddable":true,"href":"https:\/\/vonschuetz.com\/pl\/wp-json\/wp\/v2\/media\/2368"}],"wp:attachment":[{"href":"https:\/\/vonschuetz.com\/pl\/wp-json\/wp\/v2\/media?parent=4680"}],"wp:term":[{"taxonomy":"product_brand","embeddable":true,"href":"https:\/\/vonschuetz.com\/pl\/wp-json\/wp\/v2\/product_brand?post=4680"},{"taxonomy":"product_cat","embeddable":true,"href":"https:\/\/vonschuetz.com\/pl\/wp-json\/wp\/v2\/product_cat?post=4680"},{"taxonomy":"product_tag","embeddable":true,"href":"https:\/\/vonschuetz.com\/pl\/wp-json\/wp\/v2\/product_tag?post=4680"}],"curies":[{"name":"wp","href":"https:\/\/api.w.org\/{rel}","templated":true}]}}