{"id":4684,"date":"2025-01-09T11:26:40","date_gmt":"2025-01-09T10:26:40","guid":{"rendered":"https:\/\/vonschutz.com\/posciel-satynowa-marmur-biala\/"},"modified":"2025-12-12T16:32:43","modified_gmt":"2025-12-12T15:32:43","slug":"posciel-satynowa-marmur-biala","status":"publish","type":"product","link":"https:\/\/vonschuetz.com\/pl\/posciel-satynowa-marmur-biala\/","title":{"rendered":"Po\u015bciel satynowa Marmur Bia\u0142a"},"content":{"rendered":"<p>Ciesz si\u0119 czystym luksusem z satynow\u0105 po\u015bciel\u0105 w kolorze Marmur Bia\u0142y. Ta kolekcja, wykonana z najwy\u017cszej jako\u015bci bawe\u0142ny American Pima i posiadaj\u0105ca certyfikat OEKO-TEX\u00ae Standard 100, \u0142\u0105czy elegancj\u0119 i komfort. Po\u015bciel wyr\u00f3\u017cnia si\u0119 swoim szlachetnym marmurowym wzorem, tworz\u0105c w Twojej sypialni stylow\u0105 oaz\u0119 spokoju. Dzi\u0119ki g\u0119sto\u015bci splotu 320 TC zapewnia jedwabisty po\u0142ysk i najwy\u017csz\u0105 jako\u015b\u0107. Ukryty zamek b\u0142yskawiczny gwarantuje perfekcyjny wygl\u0105d. Produkowana w spos\u00f3b zr\u00f3wnowa\u017cony i etyczny w Niemczech, ta po\u015bciel jest synonimem stylu i ekologii.    <\/p>\n","protected":false},"excerpt":{"rendered":"<ul>\n<li>Ekskluzywna po\u015bciel satynowa w kolorze marmurowej bieli<\/li>\n<li>Czesana, delikatna bawe\u0142na American Pima COTTON USA\u2122<\/li>\n<li>Mi\u0119kka i drobno tkana, posiada certyfikat OEKO-TEX\u00ae Standard 100<\/li>\n<li>Ukryty zamek b\u0142yskawiczny w poszewkach na poduszki i ko\u0142dry<\/li>\n<li>Szyte na zam\u00f3wienie specjalnie dla Ciebie w naszych w\u0142asnych atelier w Polsce i Niemczech<\/li>\n<\/ul>\n","protected":false},"featured_media":2432,"comment_status":"open","ping_status":"closed","template":"","meta":{"_acf_changed":false},"product_brand":[],"product_cat":[70,53],"product_tag":[],"class_list":{"0":"post-4684","1":"product","2":"type-product","3":"status-publish","4":"has-post-thumbnail","6":"product_cat-posciel-satynowa","7":"product_cat-posciel","9":"first","10":"instock","11":"taxable","12":"shipping-taxable","13":"purchasable","14":"product-type-woosg"},"acf":[],"_links":{"self":[{"href":"https:\/\/vonschuetz.com\/pl\/wp-json\/wp\/v2\/product\/4684","targetHints":{"allow":["GET"]}}],"collection":[{"href":"https:\/\/vonschuetz.com\/pl\/wp-json\/wp\/v2\/product"}],"about":[{"href":"https:\/\/vonschuetz.com\/pl\/wp-json\/wp\/v2\/types\/product"}],"replies":[{"embeddable":true,"href":"https:\/\/vonschuetz.com\/pl\/wp-json\/wp\/v2\/comments?post=4684"}],"wp:featuredmedia":[{"embeddable":true,"href":"https:\/\/vonschuetz.com\/pl\/wp-json\/wp\/v2\/media\/2432"}],"wp:attachment":[{"href":"https:\/\/vonschuetz.com\/pl\/wp-json\/wp\/v2\/media?parent=4684"}],"wp:term":[{"taxonomy":"product_brand","embeddable":true,"href":"https:\/\/vonschuetz.com\/pl\/wp-json\/wp\/v2\/product_brand?post=4684"},{"taxonomy":"product_cat","embeddable":true,"href":"https:\/\/vonschuetz.com\/pl\/wp-json\/wp\/v2\/product_cat?post=4684"},{"taxonomy":"product_tag","embeddable":true,"href":"https:\/\/vonschuetz.com\/pl\/wp-json\/wp\/v2\/product_tag?post=4684"}],"curies":[{"name":"wp","href":"https:\/\/api.w.org\/{rel}","templated":true}]}}