{"id":4734,"date":"2025-01-09T11:38:44","date_gmt":"2025-01-09T10:38:44","guid":{"rendered":"https:\/\/vonschutz.com\/satynowa-poszewka-na-poduszke-taupe-greige\/"},"modified":"2025-09-15T20:59:04","modified_gmt":"2025-09-15T19:59:04","slug":"satynowa-poszewka-na-poduszke-taupe-greige","status":"publish","type":"product","link":"https:\/\/vonschuetz.com\/pl\/satynowa-poszewka-na-poduszke-taupe-greige\/","title":{"rendered":"Satynowa Poszewka na Poduszk\u0119 Taupe Greige"},"content":{"rendered":"<p>Przekszta\u0142\u0107 swoj\u0105 sypialni\u0119 w oaz\u0119 komfortu dzi\u0119ki satynowej po\u015bcieli Taupe Greige Classico. Ta ekskluzywna kolekcja, wykonana z najdelikatniejszej bawe\u0142ny American Pima i certyfikowana zgodnie z OEKO-TEX\u00ae Standard 100, oferuje niezr\u00f3wnan\u0105 wygod\u0119 i elegancj\u0119. Wyrafinowany design w odcieniu Taupe Greige nadaje wn\u0119trzu stylow\u0105 i uspokajaj\u0105c\u0105 atmosfer\u0119, a g\u0119sto\u015b\u0107 splotu 320 TC zapewnia jedwabisty po\u0142ysk. Produkowana w Niemczech w spos\u00f3b zr\u00f3wnowa\u017cony, \u0142\u0105czy najwy\u017csz\u0105 jako\u015b\u0107 z ekologiczn\u0105 odpowiedzialno\u015bci\u0105.   <\/p>\n","protected":false},"excerpt":{"rendered":"<ul>\n<li>Ekskluzywna satynowa po\u015bciel w kolorze Taupe Greige<\/li>\n<li>Czesana, delikatna bawe\u0142na American Pima COTTON USA\u2122<\/li>\n<li>Mi\u0119kka i drobno tkana, posiada certyfikat OEKO-TEX\u00ae Standard 100<\/li>\n<li>Ukryty zamek b\u0142yskawiczny<\/li>\n<li>Wyprodukowano w Niemczech<\/li>\n<\/ul>\n","protected":false},"featured_media":2438,"comment_status":"open","ping_status":"closed","template":"","meta":{"_acf_changed":false},"product_brand":[],"product_cat":[492],"product_tag":[],"class_list":{"0":"post-4734","1":"product","2":"type-product","3":"status-publish","4":"has-post-thumbnail","6":"product_cat-poszewki","8":"first","9":"instock","10":"taxable","11":"shipping-taxable","12":"purchasable","13":"product-type-variable","14":"has-default-attributes"},"acf":[],"_links":{"self":[{"href":"https:\/\/vonschuetz.com\/pl\/wp-json\/wp\/v2\/product\/4734","targetHints":{"allow":["GET"]}}],"collection":[{"href":"https:\/\/vonschuetz.com\/pl\/wp-json\/wp\/v2\/product"}],"about":[{"href":"https:\/\/vonschuetz.com\/pl\/wp-json\/wp\/v2\/types\/product"}],"replies":[{"embeddable":true,"href":"https:\/\/vonschuetz.com\/pl\/wp-json\/wp\/v2\/comments?post=4734"}],"wp:featuredmedia":[{"embeddable":true,"href":"https:\/\/vonschuetz.com\/pl\/wp-json\/wp\/v2\/media\/2438"}],"wp:attachment":[{"href":"https:\/\/vonschuetz.com\/pl\/wp-json\/wp\/v2\/media?parent=4734"}],"wp:term":[{"taxonomy":"product_brand","embeddable":true,"href":"https:\/\/vonschuetz.com\/pl\/wp-json\/wp\/v2\/product_brand?post=4734"},{"taxonomy":"product_cat","embeddable":true,"href":"https:\/\/vonschuetz.com\/pl\/wp-json\/wp\/v2\/product_cat?post=4734"},{"taxonomy":"product_tag","embeddable":true,"href":"https:\/\/vonschuetz.com\/pl\/wp-json\/wp\/v2\/product_tag?post=4734"}],"curies":[{"name":"wp","href":"https:\/\/api.w.org\/{rel}","templated":true}]}}