{"id":4768,"date":"2025-01-09T11:57:23","date_gmt":"2025-01-09T10:57:23","guid":{"rendered":"https:\/\/vonschutz.com\/satynowe-przescieradlo-z-gumka-taupe-greige\/"},"modified":"2025-01-09T11:57:23","modified_gmt":"2025-01-09T10:57:23","slug":"satynowe-przescieradlo-z-gumka-taupe-greige","status":"publish","type":"product","link":"https:\/\/vonschuetz.com\/pl\/satynowe-przescieradlo-z-gumka-taupe-greige\/","title":{"rendered":"Satynowe Prze\u015bcierad\u0142o z Gumk\u0105 Taupe Greige"},"content":{"rendered":"<p>Ciesz si\u0119 czystym luksusem dzi\u0119ki satynowemu prze\u015bcierad\u0142u Taupe Greige Classico. Wykonane z najdelikatniejszej bawe\u0142ny American Pima i posiadaj\u0105ce certyfikat OEKO-TEX\u00ae Standard 100, ta kolekcja \u0142\u0105czy elegancj\u0119 i komfort na najwy\u017cszym poziomie. Odcie\u0144 Taupe Greige nadaje Twojej sypialni elegancki i przytulny charakter. Dzi\u0119ki g\u0119sto\u015bci splotu 320 TC prze\u015bcierad\u0142o ma jedwabisty po\u0142ysk i najwy\u017csz\u0105 jako\u015b\u0107. Produkowane w Niemczech w spos\u00f3b zr\u00f3wnowa\u017cony i etyczny, harmonizuje luksus ze zr\u00f3wnowa\u017conym rozwojem.    <\/p>\n","protected":false},"excerpt":{"rendered":"<ul>\n<li>Ekskluzywne satynowe prze\u015bcierad\u0142o z gumk\u0105 w kolorze Taupe Greige<\/li>\n<li>Czesana, delikatna bawe\u0142na American Pima COTTON USA\u2122<\/li>\n<li>Mi\u0119kka i drobno tkana, posiada certyfikat OEKO-TEX\u00ae Standard 100<\/li>\n<li>Lekka, ch\u0142odz\u0105ca i oddychaj\u0105ca tkanina<\/li>\n<li>Wyprodukowano w Niemczech<\/li>\n<\/ul>\n","protected":false},"featured_media":2422,"comment_status":"open","ping_status":"closed","template":"","meta":{"_acf_changed":false},"product_brand":[],"product_cat":[76,79],"product_tag":[],"class_list":{"0":"post-4768","1":"product","2":"type-product","3":"status-publish","4":"has-post-thumbnail","6":"product_cat-przescieradla","7":"product_cat-przescieradla-z-gumka","9":"first","10":"instock","11":"taxable","12":"shipping-taxable","13":"purchasable","14":"product-type-variable","15":"has-default-attributes"},"acf":[],"_links":{"self":[{"href":"https:\/\/vonschuetz.com\/pl\/wp-json\/wp\/v2\/product\/4768","targetHints":{"allow":["GET"]}}],"collection":[{"href":"https:\/\/vonschuetz.com\/pl\/wp-json\/wp\/v2\/product"}],"about":[{"href":"https:\/\/vonschuetz.com\/pl\/wp-json\/wp\/v2\/types\/product"}],"replies":[{"embeddable":true,"href":"https:\/\/vonschuetz.com\/pl\/wp-json\/wp\/v2\/comments?post=4768"}],"wp:featuredmedia":[{"embeddable":true,"href":"https:\/\/vonschuetz.com\/pl\/wp-json\/wp\/v2\/media\/2422"}],"wp:attachment":[{"href":"https:\/\/vonschuetz.com\/pl\/wp-json\/wp\/v2\/media?parent=4768"}],"wp:term":[{"taxonomy":"product_brand","embeddable":true,"href":"https:\/\/vonschuetz.com\/pl\/wp-json\/wp\/v2\/product_brand?post=4768"},{"taxonomy":"product_cat","embeddable":true,"href":"https:\/\/vonschuetz.com\/pl\/wp-json\/wp\/v2\/product_cat?post=4768"},{"taxonomy":"product_tag","embeddable":true,"href":"https:\/\/vonschuetz.com\/pl\/wp-json\/wp\/v2\/product_tag?post=4768"}],"curies":[{"name":"wp","href":"https:\/\/api.w.org\/{rel}","templated":true}]}}