{"id":4777,"date":"2025-01-09T12:00:32","date_gmt":"2025-01-09T11:00:32","guid":{"rendered":"https:\/\/vonschutz.com\/satynowe-przescieradlo-taupe-greige-bez-gumki\/"},"modified":"2025-01-09T12:00:32","modified_gmt":"2025-01-09T11:00:32","slug":"satynowe-przescieradlo-taupe-greige-bez-gumki","status":"publish","type":"product","link":"https:\/\/vonschuetz.com\/pl\/satynowe-przescieradlo-taupe-greige-bez-gumki\/","title":{"rendered":"Satynowe Prze\u015bcierad\u0142o Taupe Greige (Bez Gumki)"},"content":{"rendered":"<p>Ciesz si\u0119 czystym luksusem dzi\u0119ki satynowemu prze\u015bcierad\u0142u Taupe Greige Classico. Wykonane z najdelikatniejszej bawe\u0142ny American Pima i posiadaj\u0105ce certyfikat OEKO-TEX\u00ae Standard 100, ta kolekcja \u0142\u0105czy elegancj\u0119 i komfort na najwy\u017cszym poziomie. Odcie\u0144 Taupe Greige nadaje Twojej sypialni elegancki i przytulny charakter. Dzi\u0119ki g\u0119sto\u015bci splotu 320 TC prze\u015bcierad\u0142o ma jedwabisty po\u0142ysk i najwy\u017csz\u0105 jako\u015b\u0107. Produkowane w Niemczech w spos\u00f3b zr\u00f3wnowa\u017cony i etyczny, harmonizuje luksus ze zr\u00f3wnowa\u017conym rozwojem.    <\/p>\n<div>\n<h3>Prze\u015bcierad\u0142o bez gumki - pasuj\u0105ce do materaca<\/h3>\n<table class=\"table table-striped table-sizegudie\">\n<thead>\n<tr>\n<th>Rozmiar<\/th>\n<th>Szeroko\u015b\u0107 materaca<\/th>\n<th>D\u0142ugo\u015b\u0107 materaca<\/th>\n<th>Wysoko\u015b\u0107 materaca<\/th>\n<\/tr>\n<\/thead>\n<tbody>\n<tr>\n<td>214x294 cm<\/td>\n<td>do 120 cm<\/td>\n<td>do 200 cm<\/td>\n<td>do 27 cm<\/td>\n<\/tr>\n<tr>\n<td>254x294 cm<\/td>\n<td>do 160 cm<\/td>\n<td>do 200 cm<\/td>\n<td>do 27 cm<\/td>\n<\/tr>\n<tr>\n<td>294x314 cm<\/td>\n<td>do 200 cm<\/td>\n<td>do 220 cm<\/td>\n<td>do 27 cm<\/td>\n<\/tr>\n<\/tbody>\n<\/table>\n<\/div>\n","protected":false},"excerpt":{"rendered":"<ul>\n<li>Ekskluzywne satynowe prze\u015bcierad\u0142o bez gumki w kolorze Taupe Greige<\/li>\n<li>Czesana, wysokiej jako\u015bci bawe\u0142na American Pima COTTON USA\u2122<\/li>\n<li>Mi\u0119kka i drobno tkana, posiada certyfikat OEKO-TEX\u00ae Standard 100<\/li>\n<li>Wyprodukowano w Niemczech<\/li>\n<\/ul>\n","protected":false},"featured_media":2374,"comment_status":"open","ping_status":"closed","template":"","meta":{"_acf_changed":false},"product_brand":[],"product_cat":[76,82],"product_tag":[],"class_list":{"0":"post-4777","1":"product","2":"type-product","3":"status-publish","4":"has-post-thumbnail","6":"product_cat-przescieradla","7":"product_cat-przescieradla-bez-gumki","9":"first","10":"instock","11":"taxable","12":"shipping-taxable","13":"purchasable","14":"product-type-variable","15":"has-default-attributes"},"acf":[],"_links":{"self":[{"href":"https:\/\/vonschuetz.com\/pl\/wp-json\/wp\/v2\/product\/4777","targetHints":{"allow":["GET"]}}],"collection":[{"href":"https:\/\/vonschuetz.com\/pl\/wp-json\/wp\/v2\/product"}],"about":[{"href":"https:\/\/vonschuetz.com\/pl\/wp-json\/wp\/v2\/types\/product"}],"replies":[{"embeddable":true,"href":"https:\/\/vonschuetz.com\/pl\/wp-json\/wp\/v2\/comments?post=4777"}],"wp:featuredmedia":[{"embeddable":true,"href":"https:\/\/vonschuetz.com\/pl\/wp-json\/wp\/v2\/media\/2374"}],"wp:attachment":[{"href":"https:\/\/vonschuetz.com\/pl\/wp-json\/wp\/v2\/media?parent=4777"}],"wp:term":[{"taxonomy":"product_brand","embeddable":true,"href":"https:\/\/vonschuetz.com\/pl\/wp-json\/wp\/v2\/product_brand?post=4777"},{"taxonomy":"product_cat","embeddable":true,"href":"https:\/\/vonschuetz.com\/pl\/wp-json\/wp\/v2\/product_cat?post=4777"},{"taxonomy":"product_tag","embeddable":true,"href":"https:\/\/vonschuetz.com\/pl\/wp-json\/wp\/v2\/product_tag?post=4777"}],"curies":[{"name":"wp","href":"https:\/\/api.w.org\/{rel}","templated":true}]}}