{"id":4849,"date":"2025-01-09T12:33:31","date_gmt":"2025-01-09T11:33:31","guid":{"rendered":"https:\/\/vonschutz.com\/satynowa-poszwa-na-koldre-czarna\/"},"modified":"2026-01-13T23:02:09","modified_gmt":"2026-01-13T22:02:09","slug":"satynowa-poszwa-na-koldre-czarna","status":"publish","type":"product","link":"https:\/\/vonschuetz.com\/pl\/satynowa-poszwa-na-koldre-czarna\/","title":{"rendered":"Satynowa Poszwa na Ko\u0142dr\u0119 Czarna"},"content":{"rendered":"<p>Poczuj luksus z nasz\u0105 kolekcj\u0105 satynowych poszew na ko\u0142dry Schwarz Classico, wykonanych z najwy\u017cszej jako\u015bci bawe\u0142ny American Pima. Kolekcja ta, certyfikowana zgodnie z OEKO-TEX\u00ae Standard 100, \u0142\u0105czy g\u0142\u0119bok\u0105 czer\u0144 z eleganckim wzornictwem, tworz\u0105c nowoczesny wystr\u00f3j sypialni. Wysoka g\u0119sto\u015b\u0107 tkania (320 TC) zapewnia jedwabisty po\u0142ysk i wyj\u0105tkow\u0105 trwa\u0142o\u015b\u0107. Ukryty zamek b\u0142yskawiczny nadaje poszwie idealne wyko\u0144czenie. Produkowana w Niemczech, jest symbolem ekologicznej produkcji i najwy\u017cszej jako\u015bci.    <\/p>\n","protected":false},"excerpt":{"rendered":"<ul>\n<li>Ekskluzywna satynowa po\u015bciel w g\u0142\u0119bokiej czerni<\/li>\n<li>Czesana, delikatna bawe\u0142na American Pima COTTON USA\u2122<\/li>\n<li>Mi\u0119kka i drobno tkana, posiada certyfikat OEKO-TEX\u00ae Standard 100<\/li>\n<li>Ukryty zamek b\u0142yskawiczny<\/li>\n<li>Wyprodukowano w Niemczech<\/li>\n<\/ul>\n","protected":false},"featured_media":2435,"comment_status":"open","ping_status":"closed","template":"","meta":{"_acf_changed":false},"product_brand":[],"product_cat":[493],"product_tag":[],"class_list":{"0":"post-4849","1":"product","2":"type-product","3":"status-publish","4":"has-post-thumbnail","6":"product_cat-poszwy-na-koldry","8":"first","9":"onbackorder","10":"taxable","11":"shipping-taxable","12":"purchasable","13":"product-type-variable","14":"has-default-attributes"},"acf":[],"_links":{"self":[{"href":"https:\/\/vonschuetz.com\/pl\/wp-json\/wp\/v2\/product\/4849","targetHints":{"allow":["GET"]}}],"collection":[{"href":"https:\/\/vonschuetz.com\/pl\/wp-json\/wp\/v2\/product"}],"about":[{"href":"https:\/\/vonschuetz.com\/pl\/wp-json\/wp\/v2\/types\/product"}],"replies":[{"embeddable":true,"href":"https:\/\/vonschuetz.com\/pl\/wp-json\/wp\/v2\/comments?post=4849"}],"wp:featuredmedia":[{"embeddable":true,"href":"https:\/\/vonschuetz.com\/pl\/wp-json\/wp\/v2\/media\/2435"}],"wp:attachment":[{"href":"https:\/\/vonschuetz.com\/pl\/wp-json\/wp\/v2\/media?parent=4849"}],"wp:term":[{"taxonomy":"product_brand","embeddable":true,"href":"https:\/\/vonschuetz.com\/pl\/wp-json\/wp\/v2\/product_brand?post=4849"},{"taxonomy":"product_cat","embeddable":true,"href":"https:\/\/vonschuetz.com\/pl\/wp-json\/wp\/v2\/product_cat?post=4849"},{"taxonomy":"product_tag","embeddable":true,"href":"https:\/\/vonschuetz.com\/pl\/wp-json\/wp\/v2\/product_tag?post=4849"}],"curies":[{"name":"wp","href":"https:\/\/api.w.org\/{rel}","templated":true}]}}