{"id":4866,"date":"2025-01-09T13:21:57","date_gmt":"2025-01-09T12:21:57","guid":{"rendered":"https:\/\/vonschutz.com\/satynowe-przescieradlo-z-gumka-czarne\/"},"modified":"2026-01-13T23:02:09","modified_gmt":"2026-01-13T22:02:09","slug":"satynowe-przescieradlo-z-gumka-czarne","status":"publish","type":"product","link":"https:\/\/vonschuetz.com\/pl\/satynowe-przescieradlo-z-gumka-czarne\/","title":{"rendered":"Satynowe Prze\u015bcierad\u0142o z Gumk\u0105 Czarne"},"content":{"rendered":"<p>Poczuj prawdziwy luksus z naszym satynowym prze\u015bcierad\u0142em z gumk\u0105 Schwarz Classico. Wykonane z najwy\u017cszej jako\u015bci bawe\u0142ny American Pima, certyfikowane OEKO-TEX\u00ae Standard 100, oferuje elegancj\u0119 i komfort na najwy\u017cszym poziomie. G\u0142\u0119boka czer\u0144 nadaje sypialni wyrafinowanego charakteru. G\u0119sto\u015b\u0107 splotu 320 TC zapewnia jedwabisty po\u0142ysk i trwa\u0142o\u015b\u0107. Produkowane w Niemczech, jest synonimem ekologicznej produkcji i doskona\u0142ego wykonania.    <\/p>\n","protected":false},"excerpt":{"rendered":"<ul>\n<li>Ekskluzywne satynowe prze\u015bcierad\u0142o w g\u0142\u0119bokiej czerni<\/li>\n<li>Czesana, delikatna bawe\u0142na American Pima COTTON USA\u2122<\/li>\n<li>Mi\u0119kka i drobno tkana, posiada certyfikat OEKO-TEX\u00ae Standard 100<\/li>\n<li>Lekkie, ch\u0142odz\u0105ce i oddychaj\u0105ce<\/li>\n<li>Wyprodukowano w Niemczech<\/li>\n<\/ul>\n","protected":false},"featured_media":2419,"template":"","meta":{"_acf_changed":false},"product_brand":[],"product_cat":[79,76],"product_tag":[],"class_list":{"0":"post-4866","1":"product","2":"type-product","3":"status-publish","4":"has-post-thumbnail","6":"product_cat-przescieradla-z-gumka","7":"product_cat-przescieradla","9":"first","10":"instock","11":"taxable","12":"shipping-taxable","13":"purchasable","14":"product-type-variable","15":"has-default-attributes"},"acf":[],"_links":{"self":[{"href":"https:\/\/vonschuetz.com\/pl\/wp-json\/wp\/v2\/product\/4866","targetHints":{"allow":["GET"]}}],"collection":[{"href":"https:\/\/vonschuetz.com\/pl\/wp-json\/wp\/v2\/product"}],"about":[{"href":"https:\/\/vonschuetz.com\/pl\/wp-json\/wp\/v2\/types\/product"}],"wp:featuredmedia":[{"embeddable":true,"href":"https:\/\/vonschuetz.com\/pl\/wp-json\/wp\/v2\/media\/2419"}],"wp:attachment":[{"href":"https:\/\/vonschuetz.com\/pl\/wp-json\/wp\/v2\/media?parent=4866"}],"wp:term":[{"taxonomy":"product_brand","embeddable":true,"href":"https:\/\/vonschuetz.com\/pl\/wp-json\/wp\/v2\/product_brand?post=4866"},{"taxonomy":"product_cat","embeddable":true,"href":"https:\/\/vonschuetz.com\/pl\/wp-json\/wp\/v2\/product_cat?post=4866"},{"taxonomy":"product_tag","embeddable":true,"href":"https:\/\/vonschuetz.com\/pl\/wp-json\/wp\/v2\/product_tag?post=4866"}],"curies":[{"name":"wp","href":"https:\/\/api.w.org\/{rel}","templated":true}]}}