{"id":4875,"date":"2025-01-09T13:27:21","date_gmt":"2025-01-09T12:27:21","guid":{"rendered":"https:\/\/vonschutz.com\/satynowe-przescieradlo-bez-gumki-czarne\/"},"modified":"2025-02-05T19:58:34","modified_gmt":"2025-02-05T18:58:34","slug":"satynowe-przescieradlo-bez-gumki-czarne","status":"publish","type":"product","link":"https:\/\/vonschuetz.com\/pl\/satynowe-przescieradlo-bez-gumki-czarne\/","title":{"rendered":"Satynowe Prze\u015bcierad\u0142o bez Gumki Czarne"},"content":{"rendered":"<p>Poczuj prawdziwy luksus z naszym satynowym prze\u015bcierad\u0142em Schwarz Classico. Wykonane z najwy\u017cszej jako\u015bci bawe\u0142ny American Pima, posiada certyfikat OEKO-TEX\u00ae Standard 100, co zapewnia najwy\u017csze standardy jako\u015bci i ekologii. G\u0142\u0119boka czer\u0144 dodaje elegancji ka\u017cdej sypialni. Wysoka g\u0119sto\u015b\u0107 splotu 320 TC gwarantuje jedwabisty po\u0142ysk i trwa\u0142o\u015b\u0107. Produkowane w Niemczech, stanowi idealne po\u0142\u0105czenie zr\u00f3wnowa\u017conej produkcji i luksusu.    <\/p>\n<div>\n<h3>Prze\u015bcierad\u0142o bez gumki - pasuj\u0105ce do materaca<\/h3>\n<table class=\"table table-striped table-sizegudie\">\n<thead>\n<tr>\n<th>Rozmiar<\/th>\n<th>Szeroko\u015b\u0107 materaca<\/th>\n<th>D\u0142ugo\u015b\u0107 materaca<\/th>\n<th>Wysoko\u015b\u0107 materaca<\/th>\n<\/tr>\n<\/thead>\n<tbody>\n<tr>\n<td>214x294 cm<\/td>\n<td>do 120 cm<\/td>\n<td>do 200 cm<\/td>\n<td>do 27 cm<\/td>\n<\/tr>\n<tr>\n<td>254x294 cm<\/td>\n<td>do 160 cm<\/td>\n<td>do 200 cm<\/td>\n<td>do 27 cm<\/td>\n<\/tr>\n<tr>\n<td>294x314 cm<\/td>\n<td>do 200 cm<\/td>\n<td>do 220 cm<\/td>\n<td>do 27 cm<\/td>\n<\/tr>\n<\/tbody>\n<\/table>\n<\/div>\n","protected":false},"excerpt":{"rendered":"<ul>\n<li>Ekskluzywne satynowe prze\u015bcierad\u0142o bez gumki w g\u0142\u0119bokiej czerni<\/li>\n<li>Czesana, delikatna bawe\u0142na American Pima COTTON USA\u2122<\/li>\n<li>Mi\u0119kkie, lekkie i przewiewne, certyfikat OEKO-TEX\u00ae Standard 100<\/li>\n<li>Ch\u0142odne i lekkie, idealne na ka\u017cd\u0105 por\u0119 roku<\/li>\n<li>Wyprodukowano w Niemczech<\/li>\n<\/ul>\n","protected":false},"featured_media":2371,"comment_status":"open","ping_status":"closed","template":"","meta":{"_acf_changed":false},"product_brand":[],"product_cat":[82,76],"product_tag":[],"class_list":{"0":"post-4875","1":"product","2":"type-product","3":"status-publish","4":"has-post-thumbnail","6":"product_cat-przescieradla-bez-gumki","7":"product_cat-przescieradla","9":"first","10":"instock","11":"taxable","12":"shipping-taxable","13":"purchasable","14":"product-type-variable","15":"has-default-attributes"},"acf":[],"_links":{"self":[{"href":"https:\/\/vonschuetz.com\/pl\/wp-json\/wp\/v2\/product\/4875","targetHints":{"allow":["GET"]}}],"collection":[{"href":"https:\/\/vonschuetz.com\/pl\/wp-json\/wp\/v2\/product"}],"about":[{"href":"https:\/\/vonschuetz.com\/pl\/wp-json\/wp\/v2\/types\/product"}],"replies":[{"embeddable":true,"href":"https:\/\/vonschuetz.com\/pl\/wp-json\/wp\/v2\/comments?post=4875"}],"wp:featuredmedia":[{"embeddable":true,"href":"https:\/\/vonschuetz.com\/pl\/wp-json\/wp\/v2\/media\/2371"}],"wp:attachment":[{"href":"https:\/\/vonschuetz.com\/pl\/wp-json\/wp\/v2\/media?parent=4875"}],"wp:term":[{"taxonomy":"product_brand","embeddable":true,"href":"https:\/\/vonschuetz.com\/pl\/wp-json\/wp\/v2\/product_brand?post=4875"},{"taxonomy":"product_cat","embeddable":true,"href":"https:\/\/vonschuetz.com\/pl\/wp-json\/wp\/v2\/product_cat?post=4875"},{"taxonomy":"product_tag","embeddable":true,"href":"https:\/\/vonschuetz.com\/pl\/wp-json\/wp\/v2\/product_tag?post=4875"}],"curies":[{"name":"wp","href":"https:\/\/api.w.org\/{rel}","templated":true}]}}