{"id":4884,"date":"2025-01-08T17:14:12","date_gmt":"2025-01-08T16:14:12","guid":{"rendered":"https:\/\/vonschutz.com\/poszewka-na-poduszke-z-perkalu-ocker-zolty\/"},"modified":"2025-09-16T11:11:52","modified_gmt":"2025-09-16T10:11:52","slug":"poszewka-na-poduszke-z-perkalu-ocker-zolty","status":"publish","type":"product","link":"https:\/\/vonschuetz.com\/pl\/poszewka-na-poduszke-z-perkalu-ocker-zolty\/","title":{"rendered":"Poszewka na Poduszk\u0119 z Perkalu Ocker \u017b\u00f3\u0142ty"},"content":{"rendered":"<p>O\u017cyw swoj\u0105 sypialni\u0119 promienn\u0105 energi\u0105 naszej po\u015bcieli perkalowej Unico w odcieniu ochry, wykonanej mistrzowsko w Niemczech. Ta wysokiej jako\u015bci po\u015bciel, stworzona z doskona\u0142ej czesanej bawe\u0142ny Cotton USA\u2122 i certyfikowana zgodnie z OEKO-TEX\u00ae Standard 100, gwarantuje wyj\u0105tkow\u0105 mi\u0119kko\u015b\u0107 i optymalny klimat snu. Jej ciep\u0142y, elegancki design w kolorze ochry nadaje sypialni s\u0142oneczny akcent, tworz\u0105c zapraszaj\u0105c\u0105 i pozytywn\u0105 atmosfer\u0119. \u0141atwa w piel\u0119gnacji i przyjazna dla \u015brodowiska, zapewnia ka\u017cdej nocy relaksuj\u0105cy sen w najwy\u017cszej jako\u015bci.   <\/p>\n","protected":false},"excerpt":{"rendered":"<ul>\n<li>Wysokiej jako\u015bci po\u015bciel perkalowa w kolorze ochra musztardowym<\/li>\n<li>Czesana bawe\u0142na Mako COTTON USA\u2122<\/li>\n<li>Mi\u0119kka i drobno tkana, posiada certyfikat OEKO-TEX\u00ae Standard 100<\/li>\n<li>Ukryty zamek b\u0142yskawiczny<\/li>\n<li>Wyprodukowana w Niemczech<\/li>\n<\/ul>\n","protected":false},"featured_media":2444,"comment_status":"open","ping_status":"closed","template":"","meta":{"_acf_changed":false},"product_brand":[],"product_cat":[492],"product_tag":[],"class_list":{"0":"post-4884","1":"product","2":"type-product","3":"status-publish","4":"has-post-thumbnail","6":"product_cat-poszewki","8":"first","9":"onbackorder","10":"taxable","11":"shipping-taxable","12":"purchasable","13":"product-type-variable","14":"has-default-attributes"},"acf":[],"_links":{"self":[{"href":"https:\/\/vonschuetz.com\/pl\/wp-json\/wp\/v2\/product\/4884","targetHints":{"allow":["GET"]}}],"collection":[{"href":"https:\/\/vonschuetz.com\/pl\/wp-json\/wp\/v2\/product"}],"about":[{"href":"https:\/\/vonschuetz.com\/pl\/wp-json\/wp\/v2\/types\/product"}],"replies":[{"embeddable":true,"href":"https:\/\/vonschuetz.com\/pl\/wp-json\/wp\/v2\/comments?post=4884"}],"wp:featuredmedia":[{"embeddable":true,"href":"https:\/\/vonschuetz.com\/pl\/wp-json\/wp\/v2\/media\/2444"}],"wp:attachment":[{"href":"https:\/\/vonschuetz.com\/pl\/wp-json\/wp\/v2\/media?parent=4884"}],"wp:term":[{"taxonomy":"product_brand","embeddable":true,"href":"https:\/\/vonschuetz.com\/pl\/wp-json\/wp\/v2\/product_brand?post=4884"},{"taxonomy":"product_cat","embeddable":true,"href":"https:\/\/vonschuetz.com\/pl\/wp-json\/wp\/v2\/product_cat?post=4884"},{"taxonomy":"product_tag","embeddable":true,"href":"https:\/\/vonschuetz.com\/pl\/wp-json\/wp\/v2\/product_tag?post=4884"}],"curies":[{"name":"wp","href":"https:\/\/api.w.org\/{rel}","templated":true}]}}