{"id":4918,"date":"2025-01-08T17:24:33","date_gmt":"2025-01-08T16:24:33","guid":{"rendered":"https:\/\/vonschutz.com\/przescieradlo-z-gumka-z-perkalu-ocker-zolty\/"},"modified":"2025-01-08T17:24:33","modified_gmt":"2025-01-08T16:24:33","slug":"przescieradlo-z-gumka-z-perkalu-ocker-zolty","status":"publish","type":"product","link":"https:\/\/vonschuetz.com\/pl\/przescieradlo-z-gumka-z-perkalu-ocker-zolty\/","title":{"rendered":"Prze\u015bcierad\u0142o z Gumk\u0105 z Perkalu Ocker \u017b\u00f3\u0142ty"},"content":{"rendered":"<p><strong>Wyj\u0105tkowy komfort snu z perkalowym prze\u015bcierad\u0142em z gumk\u0105 Unico w kolorze ochry<\/strong><\/p>\n<p>Wykonane z najlepszej bawe\u0142ny Mako Cotton USA\u2122 o g\u0119sto\u015bci splotu 230 TC i certyfikowane zgodnie z OEKO-TEX\u00ae Standard 100, prze\u015bcierad\u0142o zapewnia sk\u00f3rze przyjazn\u0105, ch\u0142odn\u0105 i oddychaj\u0105c\u0105 powierzchni\u0119, idealn\u0105 do zdrowego i komfortowego snu.<\/p>\n","protected":false},"excerpt":{"rendered":"<ul>\n<li>Naturalne prze\u015bcierad\u0142o perkalowe w kolorze ochra musztardowym<\/li>\n<li>Czesana bawe\u0142na Mako COTTON USA\u2122<\/li>\n<li>Mi\u0119kkie, lekkie i przewiewne, certyfikat OEKO-TEX\u00ae Standard 100<\/li>\n<li>Ch\u0142odne i lekkie, idealne na ka\u017cd\u0105 por\u0119 roku<\/li>\n<li>Wyprodukowano w Niemczech<\/li>\n<\/ul>\n","protected":false},"featured_media":2389,"comment_status":"open","ping_status":"closed","template":"","meta":{"_acf_changed":false},"product_brand":[],"product_cat":[76,79],"product_tag":[],"class_list":{"0":"post-4918","1":"product","2":"type-product","3":"status-publish","4":"has-post-thumbnail","6":"product_cat-przescieradla","7":"product_cat-przescieradla-z-gumka","9":"first","10":"instock","11":"taxable","12":"shipping-taxable","13":"purchasable","14":"product-type-variable","15":"has-default-attributes"},"acf":[],"_links":{"self":[{"href":"https:\/\/vonschuetz.com\/pl\/wp-json\/wp\/v2\/product\/4918","targetHints":{"allow":["GET"]}}],"collection":[{"href":"https:\/\/vonschuetz.com\/pl\/wp-json\/wp\/v2\/product"}],"about":[{"href":"https:\/\/vonschuetz.com\/pl\/wp-json\/wp\/v2\/types\/product"}],"replies":[{"embeddable":true,"href":"https:\/\/vonschuetz.com\/pl\/wp-json\/wp\/v2\/comments?post=4918"}],"wp:featuredmedia":[{"embeddable":true,"href":"https:\/\/vonschuetz.com\/pl\/wp-json\/wp\/v2\/media\/2389"}],"wp:attachment":[{"href":"https:\/\/vonschuetz.com\/pl\/wp-json\/wp\/v2\/media?parent=4918"}],"wp:term":[{"taxonomy":"product_brand","embeddable":true,"href":"https:\/\/vonschuetz.com\/pl\/wp-json\/wp\/v2\/product_brand?post=4918"},{"taxonomy":"product_cat","embeddable":true,"href":"https:\/\/vonschuetz.com\/pl\/wp-json\/wp\/v2\/product_cat?post=4918"},{"taxonomy":"product_tag","embeddable":true,"href":"https:\/\/vonschuetz.com\/pl\/wp-json\/wp\/v2\/product_tag?post=4918"}],"curies":[{"name":"wp","href":"https:\/\/api.w.org\/{rel}","templated":true}]}}