{"id":4927,"date":"2025-01-08T17:27:52","date_gmt":"2025-01-08T16:27:52","guid":{"rendered":"https:\/\/vonschutz.com\/przescieradlo-bez-gumki-z-perkalu-ocker-zolty\/"},"modified":"2025-01-08T17:27:52","modified_gmt":"2025-01-08T16:27:52","slug":"przescieradlo-bez-gumki-z-perkalu-ocker-zolty","status":"publish","type":"product","link":"https:\/\/vonschuetz.com\/pl\/przescieradlo-bez-gumki-z-perkalu-ocker-zolty\/","title":{"rendered":"Prze\u015bcierad\u0142o bez Gumki z Perkalu Ocker \u017b\u00f3\u0142ty"},"content":{"rendered":"<p>Odmie\u0144 swoj\u0105 sypialni\u0119 dzi\u0119ki prze\u015bcierad\u0142u perkalowemu Unico w odcieniu ochry. Wykonane z najwy\u017cszej jako\u015bci bawe\u0142ny Mako Cotton USA\u2122 i certyfikowane zgodnie z OEKO-TEX\u00ae Standard 100, prze\u015bcierad\u0142o zapewnia lekki, oddychaj\u0105cy komfort snu. Produkowane w Niemczech, \u0142\u0105czy mistrzowsk\u0105 jako\u015b\u0107 z ciep\u0142ym odcieniem ochry, wprowadzaj\u0105c do wn\u0119trza \u015bwie\u017co\u015b\u0107 i styl. Idealne dla os\u00f3b ceni\u0105cych komfort i przyjemn\u0105 kolorystyk\u0119 w sypialni.   <\/p>\n<p>&nbsp;<\/p>\n<div>\n<h3>Prze\u015bcierad\u0142o bez gumki - pasuj\u0105ce do materaca<\/h3>\n<table class=\"table table-striped table-sizegudie\">\n<thead>\n<tr>\n<th>Rozmiar<\/th>\n<th>Szeroko\u015b\u0107 materaca<\/th>\n<th>D\u0142ugo\u015b\u0107 materaca<\/th>\n<th>Wysoko\u015b\u0107 materaca<\/th>\n<\/tr>\n<\/thead>\n<tbody>\n<tr>\n<td>214x294 cm<\/td>\n<td>do 120 cm<\/td>\n<td>do 200 cm<\/td>\n<td>do 27 cm<\/td>\n<\/tr>\n<tr>\n<td>254x294 cm<\/td>\n<td>do 160 cm<\/td>\n<td>do 200 cm<\/td>\n<td>do 27 cm<\/td>\n<\/tr>\n<tr>\n<td>294x314 cm<\/td>\n<td>do 200 cm<\/td>\n<td>do 220 cm<\/td>\n<td>do 27 cm<\/td>\n<\/tr>\n<\/tbody>\n<\/table>\n<\/div>\n","protected":false},"excerpt":{"rendered":"<ul>\n<li>Eleganckie prze\u015bcierad\u0142o perkalowe bez gumki w kolorze ochra musztardowym<\/li>\n<li>Czesana bawe\u0142na Mako COTTON USA\u2122<\/li>\n<li>Mi\u0119kkie, lekkie i przewiewne, certyfikat OEKO-TEX\u00ae Standard 100<\/li>\n<li>Ch\u0142odne i lekkie, idealne na ka\u017cd\u0105 por\u0119 roku<\/li>\n<li>Wyprodukowano w Niemczech<\/li>\n<\/ul>\n","protected":false},"featured_media":2353,"template":"","meta":{"_acf_changed":false},"product_brand":[],"product_cat":[76,82],"product_tag":[],"class_list":{"0":"post-4927","1":"product","2":"type-product","3":"status-publish","4":"has-post-thumbnail","6":"product_cat-przescieradla","7":"product_cat-przescieradla-bez-gumki","9":"first","10":"instock","11":"taxable","12":"shipping-taxable","13":"purchasable","14":"product-type-variable","15":"has-default-attributes"},"acf":[],"_links":{"self":[{"href":"https:\/\/vonschuetz.com\/pl\/wp-json\/wp\/v2\/product\/4927","targetHints":{"allow":["GET"]}}],"collection":[{"href":"https:\/\/vonschuetz.com\/pl\/wp-json\/wp\/v2\/product"}],"about":[{"href":"https:\/\/vonschuetz.com\/pl\/wp-json\/wp\/v2\/types\/product"}],"wp:featuredmedia":[{"embeddable":true,"href":"https:\/\/vonschuetz.com\/pl\/wp-json\/wp\/v2\/media\/2353"}],"wp:attachment":[{"href":"https:\/\/vonschuetz.com\/pl\/wp-json\/wp\/v2\/media?parent=4927"}],"wp:term":[{"taxonomy":"product_brand","embeddable":true,"href":"https:\/\/vonschuetz.com\/pl\/wp-json\/wp\/v2\/product_brand?post=4927"},{"taxonomy":"product_cat","embeddable":true,"href":"https:\/\/vonschuetz.com\/pl\/wp-json\/wp\/v2\/product_cat?post=4927"},{"taxonomy":"product_tag","embeddable":true,"href":"https:\/\/vonschuetz.com\/pl\/wp-json\/wp\/v2\/product_tag?post=4927"}],"curies":[{"name":"wp","href":"https:\/\/api.w.org\/{rel}","templated":true}]}}