{"id":4997,"date":"2025-01-08T17:02:31","date_gmt":"2025-01-08T16:02:31","guid":{"rendered":"https:\/\/vonschutz.com\/przescieradlo-z-gumka-z-perkalu-grafit-ciemnoszary\/"},"modified":"2026-04-14T21:22:20","modified_gmt":"2026-04-14T20:22:20","slug":"przescieradlo-z-gumka-z-perkalu-grafit-ciemnoszary","status":"publish","type":"product","link":"https:\/\/vonschuetz.com\/pl\/przescieradlo-z-gumka-z-perkalu-grafit-ciemnoszary\/","title":{"rendered":"Prze\u015bcierad\u0142o z gumk\u0105 z perkalu grafit ciemnoszary"},"content":{"rendered":"<p><strong>Wyj\u0105tkowy komfort snu z prze\u015bcierad\u0142em z gumk\u0105 w kolorze grafitowo-ciemnoszarym Unico<\/strong><\/p>\n<p>Wykonane z najwy\u017cszej jako\u015bci czesanej bawe\u0142ny Mako Cotton USA\u2122 o g\u0119sto\u015bci 230 TC i certyfikowane zgodnie z OEKO-TEX\u00ae Standard 100, to prze\u015bcierad\u0142o zapewnia przyjazn\u0105 dla sk\u00f3ry, ch\u0142odz\u0105c\u0105 i oddychaj\u0105c\u0105 powierzchni\u0119 do spania, idealn\u0105 dla spokojnego snu.<br \/>\nArtikeldetails<\/p>\n","protected":false},"excerpt":{"rendered":"<ul>\n<li>Naturalne prze\u015bcierad\u0142o z gumk\u0105 z perkalu w kolorze grafitowo-ciemnoszarym<\/li>\n<li>Czesana bawe\u0142na Mako COTTON USA\u2122<\/li>\n<li>Mi\u0119kka i drobno tkana, posiada certyfikat OEKO-TEX\u00ae Standard 100<\/li>\n<li>Lekkie, ch\u0142odz\u0105ce i oddychaj\u0105ce<\/li>\n<li>Wyprodukowano w Niemczech<\/li>\n<\/ul>\n","protected":false},"featured_media":2392,"comment_status":"open","ping_status":"closed","template":"","meta":{"_acf_changed":false},"product_brand":[],"product_cat":[79,76],"product_tag":[],"class_list":{"0":"post-4997","1":"product","2":"type-product","3":"status-publish","4":"has-post-thumbnail","6":"product_cat-przescieradla-z-gumka","7":"product_cat-przescieradla","9":"first","10":"instock","11":"taxable","12":"shipping-taxable","13":"purchasable","14":"product-type-variable","15":"has-default-attributes"},"acf":[],"_links":{"self":[{"href":"https:\/\/vonschuetz.com\/pl\/wp-json\/wp\/v2\/product\/4997","targetHints":{"allow":["GET"]}}],"collection":[{"href":"https:\/\/vonschuetz.com\/pl\/wp-json\/wp\/v2\/product"}],"about":[{"href":"https:\/\/vonschuetz.com\/pl\/wp-json\/wp\/v2\/types\/product"}],"replies":[{"embeddable":true,"href":"https:\/\/vonschuetz.com\/pl\/wp-json\/wp\/v2\/comments?post=4997"}],"wp:featuredmedia":[{"embeddable":true,"href":"https:\/\/vonschuetz.com\/pl\/wp-json\/wp\/v2\/media\/2392"}],"wp:attachment":[{"href":"https:\/\/vonschuetz.com\/pl\/wp-json\/wp\/v2\/media?parent=4997"}],"wp:term":[{"taxonomy":"product_brand","embeddable":true,"href":"https:\/\/vonschuetz.com\/pl\/wp-json\/wp\/v2\/product_brand?post=4997"},{"taxonomy":"product_cat","embeddable":true,"href":"https:\/\/vonschuetz.com\/pl\/wp-json\/wp\/v2\/product_cat?post=4997"},{"taxonomy":"product_tag","embeddable":true,"href":"https:\/\/vonschuetz.com\/pl\/wp-json\/wp\/v2\/product_tag?post=4997"}],"curies":[{"name":"wp","href":"https:\/\/api.w.org\/{rel}","templated":true}]}}