{"id":5079,"date":"2025-01-08T16:20:08","date_gmt":"2025-01-08T15:20:08","guid":{"rendered":"https:\/\/vonschutz.com\/poszewka-na-poduszke-z-perkalu-roz-kwitnacej-wisni\/"},"modified":"2025-09-16T13:31:59","modified_gmt":"2025-09-16T12:31:59","slug":"poszewka-na-poduszke-z-perkalu-roz-kwitnacej-wisni","status":"publish","type":"product","link":"https:\/\/vonschuetz.com\/pl\/poszewka-na-poduszke-z-perkalu-roz-kwitnacej-wisni\/","title":{"rendered":"Poszewka na poduszk\u0119 z perkalu r\u00f3\u017c kwitn\u0105cej wi\u015bni"},"content":{"rendered":"<p>Zanurz si\u0119 w delikatnym uroku naszej poszewki na poduszk\u0119 z perkalu \u201cUnico\u201d w kolorze r\u00f3\u017cu kwitn\u0105cej wi\u015bni, mistrzowsko wykonanej w Niemczech. Ta wyj\u0105tkowa po\u015bciel, stworzona z najdelikatniejszej czesanej bawe\u0142ny Cotton USA\u2122 i certyfikowana zgodnie z OEKO-TEX\u00ae Standard 100, oferuje maksymaln\u0105 mi\u0119kko\u015b\u0107 i komfortowy klimat snu. Jej subtelny, elegancki design w delikatnym r\u00f3\u017cowym odcieniu, inspirowany kwiatami wi\u015bni, wnosi \u015bwie\u017co\u015b\u0107 i lekko\u015b\u0107 do ka\u017cdej sypialni. \u0141atwa w piel\u0119gnacji i produkowana w zr\u00f3wnowa\u017cony spos\u00f3b, zapewnia noc po nocy relaksuj\u0105cy sen w najwy\u017cszej jako\u015bci.   <\/p>\n","protected":false},"excerpt":{"rendered":"<ul>\n<li>Wysokiej jako\u015bci poszewka na poduszk\u0119 z perkalu w kolorze r\u00f3\u017cu kwitn\u0105cej wi\u015bni<\/li>\n<li>Czesana bawe\u0142na Mako COTTON USA\u2122<\/li>\n<li>Mi\u0119kka i drobno tkana, posiada certyfikat OEKO-TEX\u00ae Standard 100<\/li>\n<li>Ukryty zamek b\u0142yskawiczny<\/li>\n<li>Wyprodukowano w Niemczech<\/li>\n<\/ul>\n","protected":false},"featured_media":2480,"comment_status":"open","ping_status":"closed","template":"","meta":{"_acf_changed":false},"product_brand":[],"product_cat":[492],"product_tag":[],"class_list":{"0":"post-5079","1":"product","2":"type-product","3":"status-publish","4":"has-post-thumbnail","6":"product_cat-poszewki","8":"first","9":"instock","10":"taxable","11":"shipping-taxable","12":"purchasable","13":"product-type-variable","14":"has-default-attributes"},"acf":[],"_links":{"self":[{"href":"https:\/\/vonschuetz.com\/pl\/wp-json\/wp\/v2\/product\/5079","targetHints":{"allow":["GET"]}}],"collection":[{"href":"https:\/\/vonschuetz.com\/pl\/wp-json\/wp\/v2\/product"}],"about":[{"href":"https:\/\/vonschuetz.com\/pl\/wp-json\/wp\/v2\/types\/product"}],"replies":[{"embeddable":true,"href":"https:\/\/vonschuetz.com\/pl\/wp-json\/wp\/v2\/comments?post=5079"}],"wp:featuredmedia":[{"embeddable":true,"href":"https:\/\/vonschuetz.com\/pl\/wp-json\/wp\/v2\/media\/2480"}],"wp:attachment":[{"href":"https:\/\/vonschuetz.com\/pl\/wp-json\/wp\/v2\/media?parent=5079"}],"wp:term":[{"taxonomy":"product_brand","embeddable":true,"href":"https:\/\/vonschuetz.com\/pl\/wp-json\/wp\/v2\/product_brand?post=5079"},{"taxonomy":"product_cat","embeddable":true,"href":"https:\/\/vonschuetz.com\/pl\/wp-json\/wp\/v2\/product_cat?post=5079"},{"taxonomy":"product_tag","embeddable":true,"href":"https:\/\/vonschuetz.com\/pl\/wp-json\/wp\/v2\/product_tag?post=5079"}],"curies":[{"name":"wp","href":"https:\/\/api.w.org\/{rel}","templated":true}]}}