{"id":5096,"date":"2025-01-08T16:25:17","date_gmt":"2025-01-08T15:25:17","guid":{"rendered":"https:\/\/vonschutz.com\/poszwa-na-koldre-z-perkalu-roz-kwitnacej-wisni\/"},"modified":"2025-09-16T13:30:03","modified_gmt":"2025-09-16T12:30:03","slug":"poszwa-na-koldre-z-perkalu-roz-kwitnacej-wisni","status":"publish","type":"product","link":"https:\/\/vonschuetz.com\/pl\/poszwa-na-koldre-z-perkalu-roz-kwitnacej-wisni\/","title":{"rendered":"Poszwa na ko\u0142dr\u0119 z perkalu r\u00f3\u017c kwitn\u0105cej wi\u015bni"},"content":{"rendered":"<p>Tauchen Sie ein in den zarten Charme unserer Rosa Kirschbl\u00fcte Perkal-Bettdecken \"Unico\", meisterhaft gefertigt in Deutschland. Diese exquisite Bettw\u00e4sche, hergestellt aus feinst gek\u00e4mmter Cotton USA\u2122 Baumwolle und zertifiziert mit dem OEKO-TEX\u00ae Standard 100, verspricht h\u00f6chste Weichheit und ein wohltuendes Schlafklima. Ihr dezentes, elegantes Design in sanftem Rosa inspiriert von Kirschbl\u00fcten, bringt Frische und Leichtigkeit in Ihr Schlafzimmer. Pflegeleicht und unter nachhaltigen Bedingungen produziert, gew\u00e4hrleistet sie jede Nacht einen erholsamen Schlaf in Premium-Qualit\u00e4t.   <\/p>\n","protected":false},"excerpt":{"rendered":"<ul>\n<li>Wysokiej jako\u015bci poszwa na ko\u0142dr\u0119 z perkalu w kolorze r\u00f3\u017cu kwitn\u0105cej wi\u015bni<\/li>\n<li>Czesana bawe\u0142na Mako COTTON USA\u2122<\/li>\n<li>Mi\u0119kka i drobno tkana, posiada certyfikat OEKO-TEX\u00ae Standard 100<\/li>\n<li>Ukryty zamek b\u0142yskawiczny<\/li>\n<li>Wyprodukowano w Niemczech<\/li>\n<\/ul>\n","protected":false},"featured_media":2480,"comment_status":"open","ping_status":"closed","template":"","meta":{"_acf_changed":false},"product_brand":[],"product_cat":[493],"product_tag":[],"class_list":{"0":"post-5096","1":"product","2":"type-product","3":"status-publish","4":"has-post-thumbnail","6":"product_cat-poszwy-na-koldry","8":"first","9":"instock","10":"taxable","11":"shipping-taxable","12":"purchasable","13":"product-type-variable","14":"has-default-attributes"},"acf":[],"_links":{"self":[{"href":"https:\/\/vonschuetz.com\/pl\/wp-json\/wp\/v2\/product\/5096","targetHints":{"allow":["GET"]}}],"collection":[{"href":"https:\/\/vonschuetz.com\/pl\/wp-json\/wp\/v2\/product"}],"about":[{"href":"https:\/\/vonschuetz.com\/pl\/wp-json\/wp\/v2\/types\/product"}],"replies":[{"embeddable":true,"href":"https:\/\/vonschuetz.com\/pl\/wp-json\/wp\/v2\/comments?post=5096"}],"wp:featuredmedia":[{"embeddable":true,"href":"https:\/\/vonschuetz.com\/pl\/wp-json\/wp\/v2\/media\/2480"}],"wp:attachment":[{"href":"https:\/\/vonschuetz.com\/pl\/wp-json\/wp\/v2\/media?parent=5096"}],"wp:term":[{"taxonomy":"product_brand","embeddable":true,"href":"https:\/\/vonschuetz.com\/pl\/wp-json\/wp\/v2\/product_brand?post=5096"},{"taxonomy":"product_cat","embeddable":true,"href":"https:\/\/vonschuetz.com\/pl\/wp-json\/wp\/v2\/product_cat?post=5096"},{"taxonomy":"product_tag","embeddable":true,"href":"https:\/\/vonschuetz.com\/pl\/wp-json\/wp\/v2\/product_tag?post=5096"}],"curies":[{"name":"wp","href":"https:\/\/api.w.org\/{rel}","templated":true}]}}