{"id":5126,"date":"2025-01-08T16:38:52","date_gmt":"2025-01-08T15:38:52","guid":{"rendered":"https:\/\/vonschutz.com\/posciel-perkalowa-roz-kwitnacej-wisni\/"},"modified":"2025-12-12T16:42:36","modified_gmt":"2025-12-12T15:42:36","slug":"posciel-perkalowa-roz-kwitnacej-wisni","status":"publish","type":"product","link":"https:\/\/vonschuetz.com\/pl\/posciel-perkalowa-roz-kwitnacej-wisni\/","title":{"rendered":"Po\u015bciel Perkalowa R\u00f3\u017c Kwitn\u0105cej Wi\u015bni"},"content":{"rendered":"<p>Zanurz si\u0119 w delikatnym uroku naszej po\u015bcieli perkalowej \u201cUnico\u201d w kolorze r\u00f3\u017cu kwitn\u0105cej wi\u015bni, mistrzowsko wykonanej w Niemczech. Stworzona z najdelikatniejszej czesanej bawe\u0142ny Cotton USA\u2122 i certyfikowana zgodnie z OEKO-TEX\u00ae Standard 100, ta po\u015bciel zapewnia maksymaln\u0105 mi\u0119kko\u015b\u0107 i komfortowy klimat snu. Jej subtelny, elegancki design w delikatnym r\u00f3\u017cowym odcieniu, inspirowany kwiatami wi\u015bni, wnosi \u015bwie\u017co\u015b\u0107 i lekko\u015b\u0107 do ka\u017cdej sypialni. Dzi\u0119ki \u0142atwej piel\u0119gnacji i przyjaznej dla \u015brodowiska produkcji mo\u017cesz cieszy\u0107 si\u0119 luksusowym komfortem snu ka\u017cdej nocy.   <\/p>\n","protected":false},"excerpt":{"rendered":"<ul>\n<li>Wysokiej jako\u015bci po\u015bciel z perkalu w kolorze r\u00f3\u017cu kwitn\u0105cej wi\u015bni<\/li>\n<li>Czesana bawe\u0142na Mako COTTON USA\u2122<\/li>\n<li>Mi\u0119kka i drobno tkana, posiada certyfikat OEKO-TEX\u00ae Standard 100<\/li>\n<li>Ukryty zamek b\u0142yskawiczny w poszewkach na poduszki i ko\u0142dry<\/li>\n<li>Szyte na zam\u00f3wienie specjalnie dla Ciebie w naszych w\u0142asnych atelier w Polsce i Niemczech<\/li>\n<\/ul>\n","protected":false},"featured_media":2480,"comment_status":"open","ping_status":"closed","template":"","meta":{"_acf_changed":false},"product_brand":[],"product_cat":[67,53],"product_tag":[],"class_list":{"0":"post-5126","1":"product","2":"type-product","3":"status-publish","4":"has-post-thumbnail","6":"product_cat-posciel-perkalowa","7":"product_cat-posciel","9":"first","10":"instock","11":"taxable","12":"shipping-taxable","13":"purchasable","14":"product-type-woosg"},"acf":[],"_links":{"self":[{"href":"https:\/\/vonschuetz.com\/pl\/wp-json\/wp\/v2\/product\/5126","targetHints":{"allow":["GET"]}}],"collection":[{"href":"https:\/\/vonschuetz.com\/pl\/wp-json\/wp\/v2\/product"}],"about":[{"href":"https:\/\/vonschuetz.com\/pl\/wp-json\/wp\/v2\/types\/product"}],"replies":[{"embeddable":true,"href":"https:\/\/vonschuetz.com\/pl\/wp-json\/wp\/v2\/comments?post=5126"}],"wp:featuredmedia":[{"embeddable":true,"href":"https:\/\/vonschuetz.com\/pl\/wp-json\/wp\/v2\/media\/2480"}],"wp:attachment":[{"href":"https:\/\/vonschuetz.com\/pl\/wp-json\/wp\/v2\/media?parent=5126"}],"wp:term":[{"taxonomy":"product_brand","embeddable":true,"href":"https:\/\/vonschuetz.com\/pl\/wp-json\/wp\/v2\/product_brand?post=5126"},{"taxonomy":"product_cat","embeddable":true,"href":"https:\/\/vonschuetz.com\/pl\/wp-json\/wp\/v2\/product_cat?post=5126"},{"taxonomy":"product_tag","embeddable":true,"href":"https:\/\/vonschuetz.com\/pl\/wp-json\/wp\/v2\/product_tag?post=5126"}],"curies":[{"name":"wp","href":"https:\/\/api.w.org\/{rel}","templated":true}]}}